{"id":48110,"date":"2025-09-25T12:39:07","date_gmt":"2025-09-25T10:39:07","guid":{"rendered":"https:\/\/loesungs-impulse.ch\/?page_id=48110"},"modified":"2026-04-03T19:33:48","modified_gmt":"2026-04-03T17:33:48","slug":"mas-sozialpaedagogik","status":"publish","type":"page","link":"https:\/\/loesungs-impulse.ch\/ls\/mas-sozialpaedagogik\/","title":{"rendered":"Grosses Studium Sozial-P\u00e4dagogik PLI"},"content":{"rendered":"<p>[et_pb_section fb_built=\u201d1&#8243; fullwidth=\u201don\u201d disabled_on=\u201don|on|off\u201d admin_label=\u201dSection: Featured Image\u201d _builder_version=\u201d4.27.4&#8243; background_color=\u201d#CDDEF2&#8243; background_image=\u201dhttps:\/\/loesungs-impulse.ch\/wp-content\/uploads\/2020\/05\/leuchtturm.jpg\u201d background_size=\u201dcustom\u201d background_image_width=\u201d0%\u201d background_image_height=\u201d0%\u201d background_position=\u201dbottom_left\u201d background_horizontal_offset=\u201d-1%\u201d background_vertical_offset=\u201d25%\u201d min_height=\u201d100px\u201d height=\u201d214px\u201d custom_margin=\u201d0px||-3px||false|false\u201d custom_padding=\u201d||0px|||\u201d global_module=\u201d309&#8243; saved_tabs=\u201dall\u201d locked=\u201doff\u201d global_colors_info=\u201d{}\u201d][\/et_pb_section][et_pb_section fb_built=\u201d1&#8243; admin_label=\u201dSection\u201d module_class=\u201dcontent-section\u201d _builder_version=\u201d4.16&#8243; min_height=\u201d2545.8px\u201d custom_margin=\u201d501px|||||\u201d custom_padding=\u201d||||false|false\u201d global_colors_info=\u201d{}\u201d][et_pb_row _builder_version=\u201d4.16&#8243; custom_margin=\u201d||||false|false\u201d custom_padding=\u201d28px|30px|60px|30px|false|true\u201d global_colors_info=\u201d{}\u201d][et_pb_column type=\u201d4_4&#8243; _builder_version=\u201d4.16&#8243; global_colors_info=\u201d{}\u201d][et_pb_text admin_label=\u201dHAUPTTEXT\u201d _builder_version=\u201d4.27.4&#8243; text_font=\u201d\u2013et_global_body_font||||||||\u201d header_font=\u201d\u2013et_global_heading_font||||||||\u201d header_font_size=\u201d40px\u201d header_2_font=\u201d\u2013et_global_heading_font||||||||\u201d header_2_font_size=\u201d30px\u201d custom_margin=\u201d3px|3px|3px|3px|false|false\u201d custom_padding=\u201d3px|3px|3px|3px|false|false\u201d hover_enabled=\u201d0&#8243; global_colors_info=\u201d{}\u201d sticky_enabled=\u201d0&#8243;]<\/p>\n<h1>Grosses Studium Sozial-P\u00e4dagogik PLI<\/h1>\n<p>Was ist das?<br \/>MAS heisst: Master of Advanced Studies.<br \/>Das ist eine gro\u00dfe Weiter-Bildung.<br \/>Thema: Sozial-P\u00e4dagogik.<br \/>Man lernt: Wie man Menschen unter-st\u00fctzt.<br \/>Die Weiter-Bildung hat 3 Teile.<br \/>Jeder Teil heisst CAS (= Certificate of Advanced Studies).<br \/>Man kann alle Teile machen.<br \/>Oder nur einen Teil. <\/p>\n<h3>Teil 1 \u2013 Wichtiges<\/h3>\n<p>Du lernst:<br \/>Was ist Sozial-P\u00e4dagogik?<br \/>Wie entwickeln sich Kinder und Jugendliche?<br \/>Wie funktioniert unsere Gesellschaft?<br \/>Rechte von Kindern und Jugendlichen in der Schweiz.<br \/>Schutz f\u00fcr Kinder und Jugendliche.<br \/>Wie du Projekte planst.       <\/p>\n<h3>Teil 2 \u2013 Beratung und stark sein<\/h3>\n<p>In diesem Kurs lernst du, besser zu beraten.<br \/>Du lernst Psychologie, Stark-werden und Achtsamkeit.<br \/>Alles im Bereich Sozial-P\u00e4dagogik.<br \/>Du lernst, deine eigene St\u00e4rke zu nutzen.<br \/>Du lernst, auf dich selbst zu achten.<br \/>Nur wer seine eigenen Kr\u00e4fte kennt, kann andere gut unter-st\u00fctzen.<br \/>Stark-werden hilft dir, auch unter Druck zu handeln.<br \/>Du bleibst hoffnungs-voll und optimistisch.<br \/>Du lernst, wie du in Krisen handlungs-f\u00e4hig bleibst.<br \/>Du lernst auch Grundlagen der Supervision.<br \/>Du lernst kollegiale Beratung.<br \/>Am Ende bekommst du eine Einf\u00fchrung ins wissen-schaftliche Arbeiten.<br \/>Der Kurs ist wie ein Hochschul-Kurs.<br \/>Du lernst praktisch, inhaltlich und bekommst wichtige Kompetenzen.    <\/p>\n<h3>Teil 3 \u2013 Begleiten von Menschen mit schwierigen Gedanken<\/h3>\n<p>Du lernst:<br \/>Was sind psychische Krankheiten?<br \/>Beispiele: Depression, Angst, Psychose.<br \/>Was ist Autismus? Was ist ADHS?<br \/>Wie du Menschen mit Problemen unter-st\u00fctzt.   <\/p>\n<p>Ruhe bewahren in Krisen.<br \/>Menschen in Not helfen.<\/p>\n<p>Gut miteinander leben.<br \/>Werte und richtig handeln in schwierigen Situationen.<br \/>Wie Betroffene selbst mit-bestimmen.<br \/>Zusammen-Arbeit von Sozial-P\u00e4dagogik, Psychiatrie und Medizin.<br \/>Begleitung in schwierigen Situationen.<br \/>Schwieriges Verhalten verstehen.<br \/>Richtiges Handeln und gute Werte.<br \/>Regeln zu Leben und Medizin.<br \/>Gute Gespr\u00e4che f\u00fchren.<br \/>Ruhe bewahren bei Streit.<br \/>Viel Praxis und Fall-Arbeit.<br \/>Zusammen im Team nach-denken.<br \/>Menschen bei schwierigen Gef\u00fchlen helfen.<br \/>Neuro-divergenten Menschen helfen.    <\/p>\n<h3>Teile vom Kurs<\/h3>\n<p>CAS 1 \u2013 Alles Wichtige \u00fcber Sozial-P\u00e4dagogik und Schutz<br \/>Teil 1 \u2013 Aufgaben und Bereiche<br \/>Teil 2 \u2013 Wichtiges \u00fcber Entwicklung und Gesellschaft<br \/>Teil 3 \u2013 Wichtiges \u00fcbers Lernen und Erziehen<br \/>(viel Praxis und alle mit-denken)<br \/>Teil 4 \u2013 Gesetze zum Schutz von Kindern<br \/>Teil 5 \u2013 Pl\u00e4ne zum Schutz der betreuten Personen<br \/>Teil 6 \u2013 Projekte planen<\/p>\n<p>CAS 2 \u2013 Beratung, Resilienz und Positive Psychologie 15 ECTS<br \/>Modul 1 \u2013 Positive Psychologie, Resilienz und Achtsamkeit im sozialp\u00e4dagogischen Kontext<br \/>Modul 2 \u2013 Coaching<br \/>Modul 3 \u2013 Supervision und Kollegiale Beratung<br \/>Modul 4 \u2013 Wissenschaftliche Arbeiten und Masterarbeit<\/p>\n<p>CAS 3 \u2013 Begleitung von Menschen mit psychischen St\u00f6rungen oder Erkrankungen PLI\u00ae 15 ECTS<br \/>Modul 1 \u2013 Grundlagen psychischer St\u00f6rungen und Neurodivergenz<br \/>Modul 2 \u2013 Neurobiologische Grundlagen<br \/>Modul 3 \u2013 Trauma und seine Auswirkungen<br \/>Modul 4 \u2013 Stressmanagement &amp; Burnout-Pr\u00e4vention<br \/>Modul 5 \u2013 Beziehungsarbeit und ethische Prinzipien<br \/>Modul 6 \u2013 Krisenintervention und praktische Werkzeuge<br \/>Modul 7 \u2013 Selbstmanagement und Abschluss<\/p>\n<p>Masterarbeit 15 ECTS<br \/>Wissenschaftlich fundierte Bearbeitung einer praxisrelevanten Fragestellung mit dem Ziel, theoretisches<br \/>Wissen anwendungsbezogen zu vertiefen und eigenst\u00e4ndig L\u00f6sungen zu erarbeiten.<\/p>\n<h3>Wer kann den Kurs machen?<\/h3>\n<ul>\n<li>Menschen mit Beratungs-Ausbildung, die Menschen helfen m\u00f6chten<\/li>\n<li>Lehr-Kr\u00e4fte und Fach-Kr\u00e4fte, die Menschen betreuen<\/li>\n<li>Mitarbeitende in der Medizin<br \/>Mitarbeitende, die anderen helfen m\u00f6chten<\/li>\n<li>Fach-Personen Betreuung<\/li>\n<li>Fach-Personen Erziehung<\/li>\n<li>Pflege-Fach-Personen<\/li>\n<li>Therapie-Fach-Kr\u00e4fte<\/li>\n<\/ul>\n<h3>Wo?<\/h3>\n<p>Praxis f\u00fcr L\u00f6sungs-Impulse AG<br \/>Tiergartenweg 1, 4710 Balsthal<\/p>\n<h3>Was bekommst du?<\/h3>\n<p>Nach erfolgreichem Abschluss erhalten die Teilnehmenden ein Diplom \u00fcber:<br \/>MAS Sozial-P\u00e4dagogik PLI\u00ae<\/p>\n<p>&nbsp;<\/p>\n<p>Mehr \u00fcber das Studium erf\u00e4hrst du im<a href=\"https:\/\/loesungs-impulse.ch\/wp-content\/uploads\/PLI-Infodossier_MAS-Sozialpaedagogik_2026_27.03.2026.pdf\"> Info-Heft.<\/a><\/p>\n<p>&nbsp;<\/p>\n<p>[\/et_pb_text][\/et_pb_column][\/et_pb_row][\/et_pb_section]<\/p>\n","protected":false},"excerpt":{"rendered":"<p>Grosses Studium Sozial-P\u00e4dagogik PLI Was ist das?MAS heisst: Master of Advanced Studies.Das ist eine gro\u00dfe Weiter-Bildung.Thema: Sozial-P\u00e4dagogik.Man lernt: Wie man Menschen unter-st\u00fctzt.Die Weiter-Bildung hat 3 Teile.Jeder Teil heisst CAS (= [&hellip;]<\/p>\n","protected":false},"author":33,"featured_media":43006,"parent":0,"menu_order":7,"comment_status":"closed","ping_status":"closed","template":"","meta":{"_et_pb_use_builder":"on","_et_pb_old_content":"","_et_gb_content_width":"","_price":"","_stock":"","_tribe_ticket_header":"","_tribe_default_ticket_provider":"","_tribe_ticket_capacity":"0","_ticket_start_date":"","_ticket_end_date":"","_tribe_ticket_show_description":"","_tribe_ticket_show_not_going":false,"_tribe_ticket_use_global_stock":"","_tribe_ticket_global_stock_level":"","_global_stock_mode":"","_global_stock_cap":"","_tribe_rsvp_for_event":"","_tribe_ticket_going_count":"","_tribe_ticket_not_going_count":"","_tribe_tickets_list":"[]","_tribe_ticket_has_attendee_info_fields":false,"footnotes":"","_tec_slr_enabled":"","_tec_slr_layout":""},"class_list":["post-48110","page","type-page","status-publish","has-post-thumbnail","hentry"],"ticketed":false,"_links":{"self":[{"href":"https:\/\/loesungs-impulse.ch\/ls\/wp-json\/wp\/v2\/pages\/48110","targetHints":{"allow":["GET"]}}],"collection":[{"href":"https:\/\/loesungs-impulse.ch\/ls\/wp-json\/wp\/v2\/pages"}],"about":[{"href":"https:\/\/loesungs-impulse.ch\/ls\/wp-json\/wp\/v2\/types\/page"}],"author":[{"embeddable":true,"href":"https:\/\/loesungs-impulse.ch\/ls\/wp-json\/wp\/v2\/users\/33"}],"replies":[{"embeddable":true,"href":"https:\/\/loesungs-impulse.ch\/ls\/wp-json\/wp\/v2\/comments?post=48110"}],"version-history":[{"count":20,"href":"https:\/\/loesungs-impulse.ch\/ls\/wp-json\/wp\/v2\/pages\/48110\/revisions"}],"predecessor-version":[{"id":50883,"href":"https:\/\/loesungs-impulse.ch\/ls\/wp-json\/wp\/v2\/pages\/48110\/revisions\/50883"}],"wp:featuredmedia":[{"embeddable":true,"href":"https:\/\/loesungs-impulse.ch\/ls\/wp-json\/wp\/v2\/media\/43006"}],"wp:attachment":[{"href":"https:\/\/loesungs-impulse.ch\/ls\/wp-json\/wp\/v2\/media?parent=48110"}],"curies":[{"name":"wp","href":"https:\/\/api.w.org\/{rel}","templated":true}]}}