{"id":44485,"date":"2024-10-11T16:55:10","date_gmt":"2024-10-11T14:55:10","guid":{"rendered":"https:\/\/loesungs-impulse.ch\/kurs-beratung-luzern\/"},"modified":"2025-08-11T18:48:47","modified_gmt":"2025-08-11T16:48:47","slug":"kurs-beratung-luzern","status":"publish","type":"page","link":"https:\/\/loesungs-impulse.ch\/ls\/kurs-beratung-luzern\/","title":{"rendered":"Kurs Beratung Luzern"},"content":{"rendered":"<p>[et_pb_section fb_built=\u201d1&#8243; fullwidth=\u201don\u201d disabled_on=\u201don|on|off\u201d admin_label=\u201dSection: Featured Image\u201d _builder_version=\u201d4.27.4&#8243; min_height=\u201d196px\u201d custom_margin=\u201d0px||-3px||false|false\u201d custom_padding=\u201d||0px|||\u201d global_module=\u201d309&#8243; saved_tabs=\u201dall\u201d locked=\u201doff\u201d global_colors_info=\u201d{}\u201d][et_pb_fullwidth_image title_text=\u201dNordsee Strand auf Langeoog\u201d disabled_on=\u201don|off|off\u201d admin_label=\u201dBG HERO AUTO FEATURED IMAGE\u201d _builder_version=\u201d4.27.4&#8243; _dynamic_attributes=\u201dbackground_image\u201d use_background_color_gradient=\u201don\u201d background_color_gradient_stops=\u201drgba(16,41,127,0) 30%|#cddef2 95%\u201d background_color_gradient_overlays_image=\u201don\u201d background_color_gradient_start=\u201drgba(16,41,127,0)\u201d background_color_gradient_start_position=\u201d30%\u201d background_color_gradient_end=\u201d#cddef2&#8243; background_color_gradient_end_position=\u201d95%\u201d background_image=\u201d@ET-DC@eyJkeW5hbWljIjp0cnVlLCJjb250ZW50IjoicG9zdF9mZWF0dXJlZF9pbWFnZSIsInNldHRpbmdzIjp7fX0=@\u201d min_height=\u201d246px\u201d height=\u201d232px\u201d height_tablet=\u201d61vw\u201d height_phone=\u201d460px\u201d height_last_edited=\u201don|phone\u201d max_height=\u201d272px\u201d custom_margin=\u201d0px||1px||false|false\u201d custom_padding=\u201d||0px|||\u201d custom_css_free_form=\u201dselector {||  height: 600px;||  object-fit: cover;||  object-position: bottom;||  overflow: hidden;||}||||||\u201d global_colors_info=\u201d{}\u201d][\/et_pb_fullwidth_image][\/et_pb_section][et_pb_section fb_built=\u201d1&#8243; admin_label=\u201dSection\u201d module_class=\u201dcontent-section\u201d _builder_version=\u201d4.16&#8243; custom_padding=\u201d441px||||false|false\u201d global_colors_info=\u201d{}\u201d][et_pb_row column_structure=\u201d3_4,1_4&#8243; admin_label=\u201dZeile\u201d module_class=\u201dseiten-kopf-bereich\u201d _builder_version=\u201d4.16&#8243; custom_margin=\u201d||||false|false\u201d global_colors_info=\u201d{}\u201d][et_pb_column type=\u201d3_4&#8243; _builder_version=\u201d4.16&#8243; custom_padding=\u201d||||false|false\u201d global_colors_info=\u201d{}\u201d][et_pb_blurb title=\u201d@ET-DC@eyJkeW5hbWljIjp0cnVlLCJjb250ZW50IjoicG9zdF90aXRsZSIsInNldHRpbmdzIjp7ImJlZm9yZSI6IiIsImFmdGVyIjoiIn19@\u201d admin_label=\u201dInformationstext\u201d _builder_version=\u201d4.16&#8243; _dynamic_attributes=\u201dtitle\u201d header_level=\u201dh2&#8243; header_font=\u201d|||on|||||\u201d header_text_color=\u201d#1c1d21&#8243; custom_padding=\u201d15px||||false|false\u201d global_colors_info=\u201d{}\u201d][\/et_pb_blurb][\/et_pb_column][et_pb_column type=\u201d1_4&#8243; _builder_version=\u201d4.16&#8243; global_colors_info=\u201d{}\u201d][et_pb_image src=\u201dhttps:\/\/loesungs-impulse.ch\/wp-content\/uploads\/2020\/04\/pli.jpg\u201d title_text=\u201d_coaching-150&#215;150&#8243; align=\u201dright\u201d disabled_on=\u201don|off|off\u201d _builder_version=\u201d4.27.4&#8243; width=\u201d150px\u201d height=\u201d150px\u201d custom_margin=\u201d||||false|false\u201d border_radii=\u201don|80px|80px|80px|80px\u201d global_colors_info=\u201d{}\u201d][\/et_pb_image][\/et_pb_column][\/et_pb_row][et_pb_row _builder_version=\u201d4.16&#8243; custom_margin=\u201d||||false|false\u201d custom_padding=\u201d28px|30px|60px|30px|false|true\u201d global_colors_info=\u201d{}\u201d][et_pb_column type=\u201d4_4&#8243; _builder_version=\u201d4.16&#8243; global_colors_info=\u201d{}\u201d][et_pb_text admin_label=\u201dHAUPTTEXT\u201d _builder_version=\u201d4.22.2&#8243; global_colors_info=\u201d{}\u201d]<\/p>\n<h1>KURS BERATUNG LUZERN<\/h1>\n<p>[\/et_pb_text][et_pb_divider color=\u201d#eaecf2&#8243; _builder_version=\u201d4.16&#8243; global_colors_info=\u201d{}\u201d][\/et_pb_divider][et_pb_text admin_label=\u201dHAUPTTEXT\u201d _builder_version=\u201d4.27.4&#8243; hover_enabled=\u201d0&#8243; header_font_tablet=\u201d\u201d header_font_phone=\u201d\u201d header_font_last_edited=\u201don|desktop\u201d global_colors_info=\u201d{}\u201d sticky_enabled=\u201d0&#8243;]<\/p>\n<p>M\u00f6chtest du einen Kurs f\u00fcr Beratung in Basel machen?<br \/>Bei PLI bekommst du einen guten Kurs.<br \/>Du kannst dann gut beraten.<br \/>Der Kurs <strong>Beratung f\u00fcr alle <\/strong>von PLI dauert nur 10 Tage.<br \/>Verteilt auf ein halbes Jahr.<br \/>Du kannst dann gut in der Beratung arbeiten.   <\/p>\n<h3>Online oder in Luzern.<\/h3>\n<p>Du kannst nach Luzern kommen.<br \/>Du kannst auch online dabei sein.<br \/>Du kannst neben dem Kurs arbeiten.  <\/p>\n<h3>Diplom und Abschluss.<\/h3>\n<p>Nach dem Kurs kannst du dein Wissen nutzen.<br \/>Im Beruf oder zu Hause.<br \/>Jeder Mensch ist irgendwo erfolg-reich.<br \/>Andere Dinge sind schwierig.<br \/>Im Kurs lernst du, das echte Problem zu sehen.<br \/>Du findest die Gr\u00fcnde.<br \/>Du lernst, wie du mit Beratung Menschen hilfst.<br \/>Du bist stark und kannst anderen helfen.  <\/p>\n<h3>Kurse PLI<\/h3>\n<p>Viele Kurse in Luzern:<\/p>\n<ul style=\"list-style-position: outside; padding-left: 40px;\">\n<li><strong>Grund-Kurs Beratung f\u00fcr alle<\/strong><\/li>\n<li><strong>Kurs Firmen beraten mit Diplom <\/strong>: Viel Wissen f\u00fcr Beratung in Firmen<\/li>\n<li><strong>Studien-Abschluss Beratung: <\/strong>Grund-Kurs f\u00fcr alle mit Studien-Diplom<\/li>\n<li><strong>Kurs Beratung ADHS: <\/strong>Menschen mit ADHS begleiten.<\/li>\n<li><strong>Kurs Beratung Autismus: <\/strong>Menschen mit Autismus begleiten.<\/li>\n<li><strong>Kurs Job-Beratung: <\/strong>Hilf Menschen, Arbeit zu finden.<\/li>\n<li><strong>Kurs Beratung Hilfe f\u00fcr Gef\u00fchle<\/strong>: Nach dem Grund-Kurs<\/li>\n<li><strong>Kurs Kinder und Familien beraten<\/strong>: Du ber\u00e4tst Familien.<\/li>\n<li><strong>Kurs Natur-Beratung: <\/strong>Natur zum Beraten nutzen<\/li>\n<li><strong>Online-Kurs: <\/strong>Du lernst gut beraten.<\/li>\n<li><strong>Kurs Menschen in Firmen beraten<\/strong><\/li>\n<\/ul>\n<p>Du bekommst viele praktische Tipps.<br \/>Du kannst in deinem Tempo lernen. <\/p>\n<h3>Warum Luzern?<\/h3>\n<p>Luzern ist gut f\u00fcr Beratungs-Kurse.<br \/>Dort sind viele Menschen.<br \/>Du kannst dort gut lernen.<br \/>Du kannst dort direkt arbeiten.  <\/p>\n<h3>Lerne beraten<\/h3>\n<p>Nach dem Kurs kannst du dein Wissen nutzen.<br \/>Im Beruf oder zu Hause.<br \/>Jeder Mensch ist irgendwo erfolg-reich.<br \/>Andere Dinge sind schwierig.<br \/>Im <strong>Kurs <\/strong>lernst du, das echte Problem zu sehen.<br \/>Du findest die Gr\u00fcnde.<br \/>Du lernst, wie du mit Beratung Menschen hilfst.<br \/>Du bist stark und kannst anderen helfen.<\/p>\n<p>Starte jetzt den Kurs f\u00fcr<strong> Beratung.<\/strong> <\/p>\n<p>&nbsp;<\/p>\n<h3>WIR BIETEN KURSE IN DER GANZEN SCHWEIZ.<\/h3>\n<p>&nbsp;<\/p>\n<p>[\/et_pb_text][dpdfg_filtergrid custom_query=\u201dadvanced\u201d multiple_cpt=\u201dtribe_events\u201d use_taxonomy_terms=\u201don\u201d multiple_taxonomies=\u201dtribe_events_cat\u201d include_terms=\u201d13&#8243; post_number=\u201d9&#8243; order=\u201dASC\u201d orderby=\u201dmeta_value\u201d meta_key=\u201d_EventStartDate\u201d meta_type=\u201dDATE\u201d no_results=\u201dNichts gefunden\u201d thumbnail_size=\u201d800&#215;320&#8243; use_overlay=\u201doff\u201d show_post_meta=\u201doff\u201d read_more=\u201don\u201d show_custom_content=\u201don\u201d show_filters=\u201doff\u201d all_text=\u201dAlle\u201d show_pagination=\u201doff\u201d items_width=\u201d30%\u201d column_gutter=\u201d3em\u201d items_width_tablet=\u201d45%\u201d items_width_phone=\u201d80%\u201d items_width_last_edited=\u201don|phone\u201d column_gutter_tablet=\u201d\u201d column_gutter_phone=\u201d\u201d column_gutter_last_edited=\u201don|tablet\u201d disabled_on=\u201doff|off|off\u201d admin_label=\u201dCustom Grid\u201d _builder_version=\u201d4.27.4&#8243; dpdfg_entry_title_level=\u201dh3&#8243; dpdfg_entry_title_font=\u201d\u2013et_global_heading_font|800|||||||\u201d dpdfg_entry_title_font_size=\u201d16px\u201d dpdfg_entry_meta_font=\u201d\u2013et_global_body_font|600|||||||\u201d dpdfg_entry_summary_font=\u201d\u2013et_global_body_font||||||||\u201d dpdfg_entry_cf_label_font=\u201d\u2013et_global_body_font||||||||\u201d dpdfg_entry_cf_value_font=\u201d\u2013et_global_body_font||||||||\u201d dpdfg_entry_custom_font=\u201d\u2013et_global_body_font||||||||\u201d dpdfg_filters_text_color=\u201d#bebbbb\u201d custom_read_more_button=\u201don\u201d read_more_button_on_hover=\u201doff\u201d custom_margin=\u201d||0px||false|false\u201d custom_padding=\u201d||0px||false|false\u201d dpdfg_entry_title_font_size_tablet=\u201d\u201d dpdfg_entry_title_font_size_phone=\u201d\u201d dpdfg_entry_title_font_size_last_edited=\u201don|phone\u201d global_module=\u201d735&#8243; saved_tabs=\u201dall\u201d global_colors_info=\u201d{}\u201d][\/dpdfg_filtergrid][et_pb_button button_url=\u201dhttps:\/\/loesungs-impulse.ch\/ls\/kurse\/kategorie\/cas-das-mas-lehrgaenge-ls\/\u201d button_text=\u201dAlle Kurse\u201d button_alignment=\u201dright\u201d admin_label=\u201dButton goto+\u201d _builder_version=\u201d4.27.4&#8243; button_icon_color=\u201d#ffffff\u201d button_on_hover=\u201doff\u201d z_index=\u201d10&#8243; custom_margin=\u201d0px||0px||false|false\u201d custom_margin_tablet=\u201d\u201d custom_margin_phone=\u201d\u201d custom_margin_last_edited=\u201don|desktop\u201d custom_padding=\u201d0px||30px||false|false\u201d custom_padding_tablet=\u201d\u201d custom_padding_phone=\u201d\u201d custom_padding_last_edited=\u201don|desktop\u201d disabled=\u201don\u201d global_module=\u201d1234&#8243; saved_tabs=\u201dall\u201d global_colors_info=\u201d{}\u201d][\/et_pb_button][\/et_pb_column][\/et_pb_row][et_pb_row custom_padding_last_edited=\u201don|desktop\u201d admin_label=\u201dRow: Kontakt, Titel\u201d module_class=\u201dhome-main-title-row\u201d _builder_version=\u201d4.27.4&#8243; background_color=\u201drgba(0,0,0,0)\u201d min_height=\u201d124.6px\u201d height=\u201d314px\u201d max_height=\u201d540px\u201d custom_margin=\u201d9px|auto|-5px|auto|false|false\u201d custom_padding=\u201d22px|30px|2px|29px|false|false\u201d custom_padding_tablet=\u201d|0px||0px|false|true\u201d custom_padding_phone=\u201d\u201d global_module=\u201d25263&#8243; saved_tabs=\u201dall\u201d collapsed=\u201doff\u201d global_colors_info=\u201d{}\u201d][et_pb_column type=\u201d4_4&#8243; admin_label=\u201dSpalte\u201d _builder_version=\u201d4.22.2&#8243; global_colors_info=\u201d{}\u201d][et_pb_blurb title=\u201dBitte schreib uns \u00fcber das Kontakt-Formular. Order ruf uns an!\u201d content_max_width=\u201d100%\u201d admin_label=\u201dHaupttitel h1&#8243; _builder_version=\u201d4.27.4&#8243; header_level=\u201dh3&#8243; header_font=\u201d\u2013et_global_heading_font|||on|||||\u201d header_text_color=\u201d#1C1D21&#8243; body_font=\u201d\u2013et_global_body_font||||||||\u201d body_text_color=\u201d#1C1D21&#8243; background_layout=\u201ddark\u201d min_height=\u201d134.2px\u201d custom_margin=\u201d0px|0px|0px|0px|false|false\u201d custom_padding=\u201d0px|0px|0px|0px|false|false\u201d animation_style=\u201dslide\u201d animation_direction=\u201dbottom\u201d header_text_shadow_style=\u201dpreset1&#8243; header_text_shadow_vertical_length=\u201d0.06em\u201d header_text_shadow_color=\u201drgba(16,41,127,0.4)\u201d global_colors_info=\u201d{}\u201d]<\/p>\n<p>Ruf uns an: Marianne Flury \u2013 076 426 65 80\/Rolf Flury \u2013 032 530 33 61<\/p>\n<p>&nbsp;<\/p>\n<p>&nbsp;<\/p>\n<p>[\/et_pb_blurb][\/et_pb_column][\/et_pb_row][\/et_pb_section]<\/p>\n","protected":false},"excerpt":{"rendered":"<p>KURS BERATUNG LUZERNM\u00f6chtest du einen Kurs f\u00fcr Beratung in Basel machen?Bei PLI bekommst du einen guten Kurs.Du kannst dann gut beraten.Der Kurs Beratung f\u00fcr alle von PLI dauert nur 10 [&hellip;]<\/p>\n","protected":false},"author":2,"featured_media":43006,"parent":0,"menu_order":7,"comment_status":"closed","ping_status":"closed","template":"","meta":{"_et_pb_use_builder":"on","_et_pb_old_content":"","_et_gb_content_width":"","_price":"","_stock":"","_tribe_ticket_header":"","_tribe_default_ticket_provider":"","_tribe_ticket_capacity":"0","_ticket_start_date":"","_ticket_end_date":"","_tribe_ticket_show_description":"","_tribe_ticket_show_not_going":false,"_tribe_ticket_use_global_stock":"","_tribe_ticket_global_stock_level":"","_global_stock_mode":"","_global_stock_cap":"","_tribe_rsvp_for_event":"","_tribe_ticket_going_count":"","_tribe_ticket_not_going_count":"","_tribe_tickets_list":"[]","_tribe_ticket_has_attendee_info_fields":false,"footnotes":"","_tec_slr_enabled":"","_tec_slr_layout":""},"class_list":["post-44485","page","type-page","status-publish","has-post-thumbnail","hentry"],"ticketed":false,"_links":{"self":[{"href":"https:\/\/loesungs-impulse.ch\/ls\/wp-json\/wp\/v2\/pages\/44485","targetHints":{"allow":["GET"]}}],"collection":[{"href":"https:\/\/loesungs-impulse.ch\/ls\/wp-json\/wp\/v2\/pages"}],"about":[{"href":"https:\/\/loesungs-impulse.ch\/ls\/wp-json\/wp\/v2\/types\/page"}],"author":[{"embeddable":true,"href":"https:\/\/loesungs-impulse.ch\/ls\/wp-json\/wp\/v2\/users\/2"}],"replies":[{"embeddable":true,"href":"https:\/\/loesungs-impulse.ch\/ls\/wp-json\/wp\/v2\/comments?post=44485"}],"version-history":[{"count":3,"href":"https:\/\/loesungs-impulse.ch\/ls\/wp-json\/wp\/v2\/pages\/44485\/revisions"}],"predecessor-version":[{"id":45264,"href":"https:\/\/loesungs-impulse.ch\/ls\/wp-json\/wp\/v2\/pages\/44485\/revisions\/45264"}],"wp:featuredmedia":[{"embeddable":true,"href":"https:\/\/loesungs-impulse.ch\/ls\/wp-json\/wp\/v2\/media\/43006"}],"wp:attachment":[{"href":"https:\/\/loesungs-impulse.ch\/ls\/wp-json\/wp\/v2\/media?parent=44485"}],"curies":[{"name":"wp","href":"https:\/\/api.w.org\/{rel}","templated":true}]}}