{"id":44482,"date":"2023-12-19T10:38:42","date_gmt":"2023-12-19T09:38:42","guid":{"rendered":"https:\/\/loesungs-impulse.ch\/pli\/"},"modified":"2026-04-17T13:52:06","modified_gmt":"2026-04-17T11:52:06","slug":"firma-gruenden","status":"publish","type":"page","link":"https:\/\/loesungs-impulse.ch\/ls\/firma-gruenden\/","title":{"rendered":"PLI"},"content":{"rendered":"<p>[et_pb_section fb_built=\u201d1&#8243; fullwidth=\u201don\u201d disabled_on=\u201don|on|off\u201d admin_label=\u201dSection: Featured Image\u201d _builder_version=\u201d4.27.4&#8243; background_color=\u201d#CDDEF2&#8243; background_image=\u201dhttps:\/\/loesungs-impulse.ch\/wp-content\/uploads\/2020\/05\/leuchtturm.jpg\u201d background_size=\u201dcustom\u201d background_image_width=\u201d0%\u201d background_image_height=\u201d0%\u201d background_position=\u201dbottom_left\u201d background_horizontal_offset=\u201d-1%\u201d background_vertical_offset=\u201d25%\u201d min_height=\u201d100px\u201d height=\u201d214px\u201d custom_margin=\u201d0px||-3px||false|false\u201d custom_padding=\u201d||0px|||\u201d global_module=\u201d309&#8243; saved_tabs=\u201dall\u201d locked=\u201doff\u201d global_colors_info=\u201d{}\u201d][\/et_pb_section][et_pb_section fb_built=\u201d1&#8243; admin_label=\u201dSection\u201d module_class=\u201dcontent-section\u201d _builder_version=\u201d4.16&#8243; custom_padding=\u201d458px||||false|false\u201d global_colors_info=\u201d{}\u201d][et_pb_row disabled_on=\u201don|on|on\u201d admin_label=\u201dZeile\u201d module_class=\u201dbreadcrumbs-bereich\u201d _builder_version=\u201d4.22.2&#8243; custom_padding=\u201d28px|30px|0px|30px|false|true\u201d disabled=\u201don\u201d locked=\u201doff\u201d global_colors_info=\u201d{}\u201d][et_pb_column type=\u201d4_4&#8243; _builder_version=\u201d4.16&#8243; global_colors_info=\u201d{}\u201d][et_pb_code admin_label=\u201dBreadcrumb\u201d _builder_version=\u201d4.27.4&#8243; text_orientation=\u201dleft\u201d min_height=\u201d131.8px\u201d custom_padding=\u201d||28px|||\u201d custom_css_main_element=\u201dfont-size:13px;||color:#8b8b8b;\u201d global_module=\u201d966&#8243; saved_tabs=\u201dall\u201d locked=\u201doff\u201d global_colors_info=\u201d{}\u201d]<\/p>\n<div class=\"breadcrumb\" itemprop=\"breadcrumb\"><p>Please install <a href=\"https:\/\/wordpress.org\/plugins\/wordpress-seo\/\" target=\"_blank\" rel=\"noopener\">Yoast SEO<\/a> plugin and enable the breadcrumb option to use this shortcode!<\/p><\/div>\n<p>[\/et_pb_code][\/et_pb_column][\/et_pb_row][et_pb_row column_structure=\u201d3_4,1_4&#8243; admin_label=\u201dZeile\u201d module_class=\u201dseiten-kopf-bereich\u201d _builder_version=\u201d4.16&#8243; custom_margin=\u201d||||false|false\u201d custom_padding=\u201d0px|30px|0px|30px|true|true\u201d global_colors_info=\u201d{}\u201d][et_pb_column type=\u201d3_4&#8243; _builder_version=\u201d4.16&#8243; custom_padding=\u201d||||false|false\u201d global_colors_info=\u201d{}\u201d][et_pb_blurb title=\u201d@ET-DC@eyJkeW5hbWljIjp0cnVlLCJjb250ZW50IjoicG9zdF90aXRsZSIsInNldHRpbmdzIjp7ImJlZm9yZSI6IiIsImFmdGVyIjoiIn19@\u201d admin_label=\u201dInformationstext\u201d _builder_version=\u201d4.16&#8243; _dynamic_attributes=\u201dtitle\u201d header_level=\u201dh2&#8243; header_font=\u201d|||on|||||\u201d header_text_color=\u201d#1c1d21&#8243; custom_padding=\u201d15px||||false|false\u201d global_colors_info=\u201d{}\u201d][\/et_pb_blurb][\/et_pb_column][et_pb_column type=\u201d1_4&#8243; _builder_version=\u201d4.16&#8243; global_colors_info=\u201d{}\u201d][\/et_pb_column][\/et_pb_row][et_pb_row _builder_version=\u201d4.16&#8243; custom_margin=\u201d-83px|auto||auto|false|false\u201d custom_padding=\u201d0px|30px|60px|30px|false|true\u201d global_colors_info=\u201d{}\u201d][et_pb_column type=\u201d4_4&#8243; _builder_version=\u201d4.16&#8243; global_colors_info=\u201d{}\u201d][et_pb_text admin_label=\u201dHAUPTTEXT\u201d _builder_version=\u201d4.27.4&#8243; min_height=\u201d379.3px\u201d custom_margin=\u201d-41px|||||\u201d global_colors_info=\u201d{}\u201d]<\/p>\n<p>Willkommen bei der Schule f\u00fcr alle, die eine Firma gr\u00fcnden m\u00f6chten.<br \/>Hier beginnt dein Weg zur Selbst-St\u00e4ndigkeit<\/p>\n<p>Beratung und Kurse helfen dir, besser zu leben.<br \/>Unsere Welt wird immer komplizierter.<br \/>Darum gibt es viele neue Probleme.<br \/>Wir m\u00fcssen immer mehr schaffen.<br \/>Manchmal verliert man den \u00dcber-Blick.<br \/>Darum braucht es Menschen, denen du deine Probleme erz\u00e4hlen kannst.<br \/>Diese Menschen beraten.<br \/>Sie helfen anderen, die Probleme zu verstehen.<br \/>Sie zeigen neue Wege und L\u00f6sungen.  <\/p>\n<p>Du m\u00f6chtest selbst-st\u00e4ndig sein?<br \/>Wir helfen dir, eine Firma zu gr\u00fcnden.<br \/>Wir zeigen dir Wege.<br \/>Unser Team hilft dir.  <\/p>\n<p>Du lernst auch andere Menschen kennen.<br \/>Du baust ein Netz-Werk auf.<br \/>Gemeinsam seid ihr st\u00e4rker.<br \/>Bist du bereit?  <\/p>\n<p>Wir freuen uns, dich zu begleiten! <\/p>\n<div class=\"custom-orte\"><\/div>\n<h2><\/h2>\n<p>[\/et_pb_text][et_pb_text admin_label=\u201dHAUPTTEXT\u201d _builder_version=\u201d4.27.4&#8243; header_font_tablet=\u201d\u201d header_font_phone=\u201d\u201d header_font_last_edited=\u201don|desktop\u201d global_colors_info=\u201d{}\u201d]<\/p>\n<p>Wir haben viel Erfahrung.<br \/>Du bekommst Wissen und praktische Tipps.<br \/>Du kannst nach dem Kurs gut beraten.<br \/>Viele haben bei uns schon ein Diplom gemacht.   <\/p>\n<p><strong><\/strong><\/p>\n<p><strong>\u00dcber-Sicht Hilfe zum Firma gr\u00fcnden<\/strong><\/p>\n<p><strong><\/strong><\/p>\n<p><strong>My Business<\/strong><\/p>\n<p>4 Monate<br \/>Online<br \/>2 Gespr\u00e4che<br \/>Netz-Werk<br \/>Online-Gruppe<br \/>St\u00e4rke finden<\/p>\n<p>Eigene Firma auf-bauen<br \/>Selbst-st\u00e4ndig werden<br \/>Fach-Kraft f\u00fcr Beratung werden<br \/>Beratung planen<br \/>Kund-Schaft finden<br \/>Genug Geld ver-dienen<\/p>\n<p><strong>My Expert<\/strong>6 Monate<br \/>Online<br \/>Gruppen-Gespr\u00e4che<br \/>4 Einzel-Gespr\u00e4che<br \/>Netz-Werk<br \/>Online-Gruppe<br \/>St\u00e4rke finden<br \/>Fragen zu Mensch-Typen<\/p>\n<p>Fach-Wissen bekommen<\/p>\n<p>Gruppen-Beratung online<br \/>Firma aus-bauen<br \/>Online beraten<br \/>Noch mehr \u00fcber Beratung lernen<br \/>Genug Geld ver-dienen<\/p>\n<p><strong>My Academy<\/strong><br \/>My Academy<br \/>9 Monate<br \/>Online<br \/>Gruppen-Gespr\u00e4che<br \/>6 Einzel-Gespr\u00e4che<br \/>Netz-Werk<br \/>Online-Gruppe<\/p>\n<p>Ich helfe dir pers\u00f6nlich<\/p>\n<p>Wir empfehlen dich<\/p>\n<p>Eigene Schule f\u00fcr Beratung auf-bauen<br \/>Fach-Ausweis an-bieten<br \/>Bei Verb\u00e4nden dabei sein<br \/>Gutes Geld ver-dienen <\/p>\n<h3><strong><\/strong><\/h3>\n<h3>Du lernst:<\/h3>\n<ul>\n<li>Wie bin ich in der Beratung?<\/li>\n<li>L\u00f6sungen in der Beratung?<br \/>St\u00e4rken finden.<\/li>\n<li>Um-Feld mit-denken<\/li>\n<li>Gute Gespr\u00e4che f\u00fchren<\/li>\n<li>Weiter-entwickeln<\/li>\n<li>Menschen verstehen<\/li>\n<li>Stark werden, entspannt werden und selbst handeln<\/li>\n<li>Ver\u00e4nderungen gut schaffen (extra)<\/li>\n<li>Was machen Gef\u00fchle mit dem K\u00f6rper? (extra)<\/li>\n<li>Paare beraten (extra)<\/li>\n<\/ul>\n<p>&nbsp;<\/p>\n<h3>DU LERNST NOCH:<\/h3>\n<ul>\n<li>Stress vermeiden<\/li>\n<li>Essen, bewegen, ent-spannen<\/li>\n<li>Schwierige Gespr\u00e4che<\/li>\n<li><a href=\"https:\/\/loesungs-impulse.ch\/ls\/burnout-praevention\/\">Burn-Out vermeiden und bei Burn-Out helfen<\/a><\/li>\n<li>Fall-Arbeit, Werbung<\/li>\n<li>Sozial-Versicherungen<\/li>\n<\/ul>\n<p>&nbsp;<\/p>\n<h3>VOR-TEILE:<\/h3>\n<p>Du lernst praktische Dinge.<br \/>Du lernst, wie du sie verwenden kannst.<br \/>Du kannst dann gut beraten.  <\/p>\n<p>0 Tage.<br \/>Auf ein halbes Jahr verteilt.<br \/>Starte im Fr\u00fch-Jahr, Sommer oder Herbst.<br \/>Die Kurse sind freitags oder samstags.<br \/>Mehr Infos findest du unter INFO.    <\/p>\n<div class=\"custom-veranstalter\"><\/div>\n<p>&nbsp;<\/p>\n<p>[\/et_pb_text][\/et_pb_column][\/et_pb_row][et_pb_row custom_padding_last_edited=\u201don|desktop\u201d admin_label=\u201dRow: Kontakt, Titel\u201d module_class=\u201dhome-main-title-row\u201d _builder_version=\u201d4.27.4&#8243; background_color=\u201drgba(0,0,0,0)\u201d min_height=\u201d34.6px\u201d height=\u201d184px\u201d max_height=\u201d473px\u201d custom_margin=\u201d-34px|auto|-34px|auto|true|false\u201d custom_padding=\u201d22px|30px|2px|29px|false|false\u201d custom_padding_tablet=\u201d|0px||0px|false|true\u201d custom_padding_phone=\u201d\u201d global_module=\u201d25263&#8243; saved_tabs=\u201dall\u201d collapsed=\u201doff\u201d global_colors_info=\u201d{}\u201d][et_pb_column type=\u201d4_4&#8243; admin_label=\u201dSpalte\u201d _builder_version=\u201d4.27.4&#8243; custom_css_free_form=\u201d<\/p>\n<p>||<\/p>\n<p>||<\/p>\n<p>||<\/p>\n<p>||<\/p>\n<p>||<\/p>\n<p>||<\/p>\n<p>||<\/p>\n<p>||<\/p>\n<p>||<\/p>\n<p>||<\/p>\n<p>||<\/p>\n<p>||<\/p>\n<p>||<\/p>\n<p>||<\/p>\n<p>||<\/p>\n<p>||<\/p>\n<p>||<\/p>\n<p>||<\/p>\n<p>||<\/p>\n<p>||<\/p>\n<p>||<\/p>\n<p>||<\/p>\n<p>||<\/p>\n<p>||<\/p>\n<p>||<\/p>\n<p>||<\/p>\n<p>||<\/p>\n<p>||<\/p>\n<p>||<\/p>\n<p>||<\/p>\n<p>||<\/p>\n<div class=%22custom-orte-full%22>%91list_venues details=%22yes%22%93<\/div>\n<p>||<\/p>\n<p>||<\/p>\n<p>||<\/p>\n<p>||<\/p>\n<p>||<\/p>\n<p>||<\/p>\n<p>||<\/p>\n<p>||<\/p>\n<p>||<\/p>\n<p>||<\/p>\n<p>||<\/p>\n<p>||<\/p>\n<p>||<\/p>\n<p>||<\/p>\n<p>||<\/p>\n<p>||<\/p>\n<p>||<\/p>\n<p>||<\/p>\n<p>||<\/p>\n<p>||<\/p>\n<p>||<\/p>\n<p>||<\/p>\n<p>||<\/p>\n<p>||<\/p>\n<p>||<\/p>\n<p>||<\/p>\n<p>||<\/p>\n<p>||<\/p>\n<p>||<\/p>\n<p>||<\/p>\n<p>||<\/p>\n<p>\u201d global_colors_info=\u201d{}\u201d][\/et_pb_column][\/et_pb_row][\/et_pb_section]<\/p>\n","protected":false},"excerpt":{"rendered":"<p><p>Please install <a href=\"https:\/\/wordpress.org\/plugins\/wordpress-seo\/\" target=\"_blank\">Yoast SEO<\/a> plugin and enable the breadcrumb option to use this shortcode!<\/p>Willkommen bei der Schule f\u00fcr alle, die eine Firma gr\u00fcnden m\u00f6chten.Hier beginnt dein Weg zur Selbst-St\u00e4ndigkeit Beratung und Kurse helfen dir, besser zu leben.Unsere Welt wird immer komplizierter.Darum gibt es [&hellip;]<\/p>\n","protected":false},"author":2,"featured_media":0,"parent":0,"menu_order":7,"comment_status":"closed","ping_status":"closed","template":"","meta":{"_et_pb_use_builder":"on","_et_pb_old_content":"","_et_gb_content_width":"","_price":"","_stock":"","_tribe_ticket_header":"","_tribe_default_ticket_provider":"","_tribe_ticket_capacity":"0","_ticket_start_date":"","_ticket_end_date":"","_tribe_ticket_show_description":"","_tribe_ticket_show_not_going":false,"_tribe_ticket_use_global_stock":"","_tribe_ticket_global_stock_level":"","_global_stock_mode":"","_global_stock_cap":"","_tribe_rsvp_for_event":"","_tribe_ticket_going_count":"","_tribe_ticket_not_going_count":"","_tribe_tickets_list":"[]","_tribe_ticket_has_attendee_info_fields":false,"footnotes":"","_tec_slr_enabled":"","_tec_slr_layout":""},"class_list":["post-44482","page","type-page","status-publish","hentry"],"ticketed":false,"_links":{"self":[{"href":"https:\/\/loesungs-impulse.ch\/ls\/wp-json\/wp\/v2\/pages\/44482","targetHints":{"allow":["GET"]}}],"collection":[{"href":"https:\/\/loesungs-impulse.ch\/ls\/wp-json\/wp\/v2\/pages"}],"about":[{"href":"https:\/\/loesungs-impulse.ch\/ls\/wp-json\/wp\/v2\/types\/page"}],"author":[{"embeddable":true,"href":"https:\/\/loesungs-impulse.ch\/ls\/wp-json\/wp\/v2\/users\/2"}],"replies":[{"embeddable":true,"href":"https:\/\/loesungs-impulse.ch\/ls\/wp-json\/wp\/v2\/comments?post=44482"}],"version-history":[{"count":3,"href":"https:\/\/loesungs-impulse.ch\/ls\/wp-json\/wp\/v2\/pages\/44482\/revisions"}],"predecessor-version":[{"id":51649,"href":"https:\/\/loesungs-impulse.ch\/ls\/wp-json\/wp\/v2\/pages\/44482\/revisions\/51649"}],"wp:attachment":[{"href":"https:\/\/loesungs-impulse.ch\/ls\/wp-json\/wp\/v2\/media?parent=44482"}],"curies":[{"name":"wp","href":"https:\/\/api.w.org\/{rel}","templated":true}]}}