{"id":44348,"date":"2020-08-21T16:46:59","date_gmt":"2020-08-21T14:46:59","guid":{"rendered":"https:\/\/loesungs-impulse.ch\/informationsanlaesse-und-beratungsgespraeche\/"},"modified":"2025-08-09T18:02:07","modified_gmt":"2025-08-09T16:02:07","slug":"informationsanlaesse-und-beratungsgespraeche","status":"publish","type":"page","link":"https:\/\/loesungs-impulse.ch\/ls\/informationsanlaesse-und-beratungsgespraeche\/","title":{"rendered":"Info und Beratung"},"content":{"rendered":"<p>[et_pb_section fb_built=\u201d1&#8243; fullwidth=\u201don\u201d disabled_on=\u201don|on|off\u201d admin_label=\u201dSection: Featured Image\u201d _builder_version=\u201d4.27.4&#8243; min_height=\u201d196px\u201d custom_margin=\u201d0px||-3px||false|false\u201d custom_padding=\u201d||0px|||\u201d box_shadow_style=\u201dnone\u201d global_module=\u201d309&#8243; saved_tabs=\u201dall\u201d locked=\u201doff\u201d global_colors_info=\u201d{}\u201d][et_pb_fullwidth_image title_text=\u201dNordsee Strand auf Langeoog\u201d disabled_on=\u201don|off|off\u201d admin_label=\u201dBG HERO AUTO FEATURED IMAGE\u201d _builder_version=\u201d4.27.4&#8243; _dynamic_attributes=\u201dbackground_image\u201d use_background_color_gradient=\u201don\u201d background_color_gradient_stops=\u201drgba(16,41,127,0) 30%|#cddef2 95%\u201d background_color_gradient_overlays_image=\u201don\u201d background_color_gradient_start=\u201drgba(16,41,127,0)\u201d background_color_gradient_start_position=\u201d30%\u201d background_color_gradient_end=\u201d#cddef2&#8243; background_color_gradient_end_position=\u201d95%\u201d background_image=\u201d@ET-DC@eyJkeW5hbWljIjp0cnVlLCJjb250ZW50IjoicG9zdF9mZWF0dXJlZF9pbWFnZSIsInNldHRpbmdzIjp7fX0=@\u201d min_height=\u201d246px\u201d height=\u201d232px\u201d height_tablet=\u201d61vw\u201d height_phone=\u201d460px\u201d height_last_edited=\u201don|phone\u201d max_height=\u201d272px\u201d custom_margin=\u201d0px||1px||false|false\u201d custom_padding=\u201d||0px|||\u201d custom_css_free_form=\u201dselector {||  height: 600px;||  object-fit: cover;||  object-position: bottom;||  overflow: hidden;||}||||||\u201d global_colors_info=\u201d{}\u201d][\/et_pb_fullwidth_image][\/et_pb_section][et_pb_section fb_built=\u201d1&#8243; admin_label=\u201dSection\u201d module_class=\u201dcontent-section\u201d _builder_version=\u201d4.16&#8243; custom_padding=\u201d449px||||false|false\u201d global_colors_info=\u201d{}\u201d][et_pb_row column_structure=\u201d3_4,1_4&#8243; admin_label=\u201dZeile\u201d module_class=\u201dseiten-kopf-bereich\u201d _builder_version=\u201d4.27.4&#8243; width_tablet=\u201d\u201d width_phone=\u201d100%\u201d width_last_edited=\u201don|phone\u201d max_width_tablet=\u201d\u201d max_width_phone=\u201d2560%\u201d max_width_last_edited=\u201don|phone\u201d module_alignment=\u201dcenter\u201d custom_margin=\u201d||||false|false\u201d module_alignment_tablet=\u201dcenter\u201d module_alignment_phone=\u201dcenter\u201d module_alignment_last_edited=\u201don|phone\u201d global_colors_info=\u201d{}\u201d][et_pb_column type=\u201d3_4&#8243; _builder_version=\u201d4.16&#8243; custom_padding=\u201d||||false|false\u201d global_colors_info=\u201d{}\u201d][et_pb_blurb title=\u201d@ET-DC@eyJkeW5hbWljIjp0cnVlLCJjb250ZW50IjoicG9zdF90aXRsZSIsInNldHRpbmdzIjp7ImJlZm9yZSI6IiIsImFmdGVyIjoiIn19@\u201d admin_label=\u201dText Untertitel\u201d _builder_version=\u201d4.27.4&#8243; _dynamic_attributes=\u201dtitle\u201d header_level=\u201dh2&#8243; header_font=\u201d|||on|||||\u201d header_text_color=\u201d#1c1d21&#8243; body_text_color=\u201d#1C1D21&#8243; custom_padding=\u201d0px||0px||false|false\u201d global_colors_info=\u201d{}\u201d]<\/p>\n<div class=\"teaser\">\n<div class=\"teaser-text\">\n<p style=\"font-weight: 400;\">Du willst einen Beratungs-Kurs machen?<br \/>Oder einen Kurs mit Fach-Ausweis?<br \/>Oder einen Kurs mit Diplom?  <\/p>\n<\/div>\n<\/div>\n<p>[\/et_pb_blurb][\/et_pb_column][et_pb_column type=\u201d1_4&#8243; _builder_version=\u201d4.16&#8243; global_colors_info=\u201d{}\u201d][et_pb_image src=\u201dhttps:\/\/loesungs-impulse.ch\/wp-content\/uploads\/2020\/03\/case-management-1.jpg\u201d title_text=\u201d_coaching-150&#215;150&#8243; align=\u201dright\u201d disabled_on=\u201don|off|off\u201d _builder_version=\u201d4.27.4&#8243; width=\u201d150px\u201d height=\u201d150px\u201d custom_margin=\u201d||||false|false\u201d border_radii=\u201don|80px|80px|80px|80px\u201d global_colors_info=\u201d{}\u201d][\/et_pb_image][\/et_pb_column][\/et_pb_row][et_pb_row _builder_version=\u201d4.16&#8243; custom_margin=\u201d||||false|false\u201d custom_padding=\u201d28px|30px|60px|30px|false|true\u201d global_colors_info=\u201d{}\u201d][et_pb_column type=\u201d4_4&#8243; _builder_version=\u201d4.16&#8243; global_colors_info=\u201d{}\u201d][et_pb_text admin_label=\u201dHAUPTTEXT\u201d _builder_version=\u201d4.27.4&#8243; global_colors_info=\u201d{}\u201d]<\/p>\n<h3><b>Dann kl\u00e4ren wir mit dir:<br \/>Passt unser Angebot zu dir?<\/b><\/h3>\n<p style=\"font-weight: 400;\"><strong>Hier ein paar Fragen:<\/strong><\/p>\n<ul style=\"font-weight: 400;\">\n<li>Interessierst du dich f\u00fcr Menschen?<br \/>Magst du die Themen Gef\u00fchle und Entwicklung?\n<\/li>\n<li>Willst du im Beruf Menschen helfen?\n<p><\/li>\n<li>Hast du schon eine Grund-Ausbildung in Beratung gemacht?\n<\/li>\n<li>Willst du als Beratungs-Person arbeiten?<\/li>\n<li>Willst du dich beruflich ver\u00e4ndern?\n<\/li>\n<li>Willst du selbst-st\u00e4ndig arbeiten?<br \/>Willst du mehr Geld bekommen?<\/li>\n<\/ul>\n<p style=\"font-weight: 400;\">Wenn du bei einer Frage oder vielen Fragen Ja sagst:<br \/>Dann ruf uns an. Oder schreib uns.<\/p>\n<p>Wir k\u00f6nnen gerne auch online sprechen.<br \/>Das kostet nichts.   <\/p>\n<p><strong>SCHREIB DIREKT AN:<\/strong><\/p>\n<p>MARIANNE FLURY, <span style=\"font-weight: 400;\">LEITERIN DER SCHULE<\/span><br \/>TEL. 076 426 65 80<br \/>&#x4d;&#x2e;&#70;&#76;UR&#x59;&#x40;&#x4c;&#79;ES&#x55;&#x4e;&#x47;&#83;&#45;I&#x4d;&#x50;&#x55;&#76;&#83;E&#x2e;&#x43;&#x48; <\/p>\n<p><strong>Der Bund hilft:<\/strong><\/p>\n<p><iframe title=\"Erkl\u00e4rvideo Bundesbeitr\u00e4ge eidgen\u00f6ssische Pr\u00fcfungen\" width=\"1080\" height=\"608\" src=\"https:\/\/www.youtube.com\/embed\/1fpmnyylezg?feature=oembed\"  allow=\"accelerometer; autoplay; clipboard-write; encrypted-media; gyroscope; picture-in-picture; web-share\" referrerpolicy=\"strict-origin-when-cross-origin\" allowfullscreen><\/iframe><\/p>\n<p>[\/et_pb_text][\/et_pb_column][\/et_pb_row][et_pb_row custom_padding_last_edited=\u201don|desktop\u201d admin_label=\u201dRow: Kontakt, Titel\u201d module_class=\u201dhome-main-title-row\u201d _builder_version=\u201d4.27.4&#8243; background_color=\u201drgba(0,0,0,0)\u201d min_height=\u201d34.6px\u201d height=\u201d184px\u201d max_height=\u201d473px\u201d custom_margin=\u201d-34px|auto|-34px|auto|true|false\u201d custom_padding=\u201d22px|30px|2px|29px|false|false\u201d custom_padding_tablet=\u201d|0px||0px|false|true\u201d custom_padding_phone=\u201d\u201d box_shadow_style=\u201dnone\u201d global_module=\u201d25263&#8243; saved_tabs=\u201dall\u201d collapsed=\u201doff\u201d global_colors_info=\u201d{}\u201d][et_pb_column type=\u201d4_4&#8243; admin_label=\u201dSpalte\u201d _builder_version=\u201d4.27.4&#8243; custom_css_free_form=\u201d<\/p>\n<p>||<\/p>\n<p>||<\/p>\n<p>||<\/p>\n<p>||<\/p>\n<p>||<\/p>\n<p>||<\/p>\n<p>||<\/p>\n<div class=%22custom-orte-full%22>%91list_venues details=%22yes%22%93<\/div>\n<p>||<\/p>\n<p>||<\/p>\n<p>||<\/p>\n<p>||<\/p>\n<p>||<\/p>\n<p>||<\/p>\n<p>||<\/p>\n<p>\u201d global_colors_info=\u201d{}\u201d][\/et_pb_column][\/et_pb_row][\/et_pb_section]<\/p>\n","protected":false},"excerpt":{"rendered":"<p>Du willst einen Beratungs-Kurs machen?Oder einen Kurs mit Fach-Ausweis?Oder einen Kurs mit Diplom? Dann kl\u00e4ren wir mit dir:Passt unser Angebot zu dir? Hier ein paar Fragen: Interessierst du dich f\u00fcr [&hellip;]<\/p>\n","protected":false},"author":5,"featured_media":0,"parent":0,"menu_order":6,"comment_status":"closed","ping_status":"closed","template":"","meta":{"_et_pb_use_builder":"on","_et_pb_old_content":"","_et_gb_content_width":"","_price":"","_stock":"","_tribe_ticket_header":"","_tribe_default_ticket_provider":"","_tribe_ticket_capacity":"0","_ticket_start_date":"","_ticket_end_date":"","_tribe_ticket_show_description":"","_tribe_ticket_show_not_going":false,"_tribe_ticket_use_global_stock":"","_tribe_ticket_global_stock_level":"","_global_stock_mode":"","_global_stock_cap":"","_tribe_rsvp_for_event":"","_tribe_ticket_going_count":"","_tribe_ticket_not_going_count":"","_tribe_tickets_list":"[]","_tribe_ticket_has_attendee_info_fields":false,"footnotes":"","_tec_slr_enabled":"","_tec_slr_layout":""},"class_list":["post-44348","page","type-page","status-publish","hentry"],"ticketed":false,"_links":{"self":[{"href":"https:\/\/loesungs-impulse.ch\/ls\/wp-json\/wp\/v2\/pages\/44348","targetHints":{"allow":["GET"]}}],"collection":[{"href":"https:\/\/loesungs-impulse.ch\/ls\/wp-json\/wp\/v2\/pages"}],"about":[{"href":"https:\/\/loesungs-impulse.ch\/ls\/wp-json\/wp\/v2\/types\/page"}],"author":[{"embeddable":true,"href":"https:\/\/loesungs-impulse.ch\/ls\/wp-json\/wp\/v2\/users\/5"}],"replies":[{"embeddable":true,"href":"https:\/\/loesungs-impulse.ch\/ls\/wp-json\/wp\/v2\/comments?post=44348"}],"version-history":[{"count":21,"href":"https:\/\/loesungs-impulse.ch\/ls\/wp-json\/wp\/v2\/pages\/44348\/revisions"}],"predecessor-version":[{"id":45559,"href":"https:\/\/loesungs-impulse.ch\/ls\/wp-json\/wp\/v2\/pages\/44348\/revisions\/45559"}],"wp:attachment":[{"href":"https:\/\/loesungs-impulse.ch\/ls\/wp-json\/wp\/v2\/media?parent=44348"}],"curies":[{"name":"wp","href":"https:\/\/api.w.org\/{rel}","templated":true}]}}