{"id":44144,"date":"2020-05-07T19:05:40","date_gmt":"2020-05-07T17:05:40","guid":{"rendered":"https:\/\/loesungs-impulse.ch\/online-beratungs-kurs\/"},"modified":"2025-08-09T09:30:13","modified_gmt":"2025-08-09T07:30:13","slug":"online-beratungs-kurs","status":"publish","type":"page","link":"https:\/\/loesungs-impulse.ch\/ls\/online-beratungs-kurs\/","title":{"rendered":"Online-Beratungs-Kurs"},"content":{"rendered":"<p>[et_pb_section fb_built=\u201d1&#8243; fullwidth=\u201don\u201d disabled_on=\u201don|on|off\u201d admin_label=\u201dSection: Featured Image\u201d _builder_version=\u201d4.27.4&#8243; min_height=\u201d196px\u201d custom_margin=\u201d0px||-3px||false|false\u201d custom_padding=\u201d||0px|||\u201d box_shadow_style=\u201dnone\u201d global_module=\u201d309&#8243; saved_tabs=\u201dall\u201d locked=\u201doff\u201d global_colors_info=\u201d{}\u201d][et_pb_fullwidth_image title_text=\u201dNordsee Strand auf Langeoog\u201d disabled_on=\u201don|off|off\u201d admin_label=\u201dBG HERO AUTO FEATURED IMAGE\u201d _builder_version=\u201d4.27.4&#8243; _dynamic_attributes=\u201dbackground_image\u201d use_background_color_gradient=\u201don\u201d background_color_gradient_stops=\u201drgba(16,41,127,0) 30%|#cddef2 95%\u201d background_color_gradient_overlays_image=\u201don\u201d background_color_gradient_start=\u201drgba(16,41,127,0)\u201d background_color_gradient_start_position=\u201d30%\u201d background_color_gradient_end=\u201d#cddef2&#8243; background_color_gradient_end_position=\u201d95%\u201d background_image=\u201d@ET-DC@eyJkeW5hbWljIjp0cnVlLCJjb250ZW50IjoicG9zdF9mZWF0dXJlZF9pbWFnZSIsInNldHRpbmdzIjp7fX0=@\u201d min_height=\u201d246px\u201d height=\u201d232px\u201d height_tablet=\u201d61vw\u201d height_phone=\u201d460px\u201d height_last_edited=\u201don|phone\u201d max_height=\u201d272px\u201d custom_margin=\u201d0px||1px||false|false\u201d custom_padding=\u201d||0px|||\u201d custom_css_free_form=\u201dselector {||  height: 600px;||  object-fit: cover;||  object-position: bottom;||  overflow: hidden;||}||||||\u201d global_colors_info=\u201d{}\u201d][\/et_pb_fullwidth_image][\/et_pb_section][et_pb_section fb_built=\u201d1&#8243; disabled_on=\u201doff|off|off\u201d admin_label=\u201dSection\u201d module_class=\u201dcontent-section\u201d _builder_version=\u201d4.22.2&#8243; custom_padding=\u201d453px||||false|false\u201d global_colors_info=\u201d{}\u201d][et_pb_row column_structure=\u201d3_4,1_4&#8243; admin_label=\u201dZeile\u201d module_class=\u201dseiten-kopf-bereich\u201d _builder_version=\u201d4.16&#8243; custom_margin=\u201d||||false|false\u201d global_colors_info=\u201d{}\u201d][et_pb_column type=\u201d3_4&#8243; _builder_version=\u201d4.16&#8243; custom_padding=\u201d||||false|false\u201d global_colors_info=\u201d{}\u201d][et_pb_blurb title=\u201d@ET-DC@eyJkeW5hbWljIjp0cnVlLCJjb250ZW50IjoicG9zdF90aXRsZSIsInNldHRpbmdzIjp7ImJlZm9yZSI6IiIsImFmdGVyIjoiIn19@\u201d admin_label=\u201dInformationstext\u201d _builder_version=\u201d4.16&#8243; _dynamic_attributes=\u201dtitle\u201d header_level=\u201dh2&#8243; header_font=\u201d|||on|||||\u201d header_text_color=\u201d#1c1d21&#8243; custom_padding=\u201d15px||||false|false\u201d global_colors_info=\u201d{}\u201d][\/et_pb_blurb][\/et_pb_column][et_pb_column type=\u201d1_4&#8243; _builder_version=\u201d4.16&#8243; global_colors_info=\u201d{}\u201d][et_pb_image src=\u201dhttps:\/\/loesungs-impulse.ch\/wp-content\/uploads\/2020\/05\/arbeitsplatz-integration.jpg\u201d title_text=\u201d_coaching-150&#215;150&#8243; align=\u201dright\u201d disabled_on=\u201don|off|off\u201d _builder_version=\u201d4.27.4&#8243; width=\u201d150px\u201d height=\u201d150px\u201d custom_margin=\u201d||||false|false\u201d hover_enabled=\u201d0&#8243; border_radii=\u201don|80px|80px|80px|80px\u201d global_colors_info=\u201d{}\u201d sticky_enabled=\u201d0&#8243;][\/et_pb_image][\/et_pb_column][\/et_pb_row][et_pb_row _builder_version=\u201d4.16&#8243; custom_margin=\u201d||||false|false\u201d custom_padding=\u201d28px|30px|60px|30px|false|true\u201d global_colors_info=\u201d{}\u201d][et_pb_column type=\u201d4_4&#8243; _builder_version=\u201d4.16&#8243; global_colors_info=\u201d{}\u201d][et_pb_text admin_label=\u201dHAUPTTEXT\u201d _builder_version=\u201d4.27.4&#8243; text_font=\u201d|700|||||||\u201d global_colors_info=\u201d{}\u201d]<\/p>\n<h3>Neu: Online-Beratungs-Kurs \u2013 10 Wochen \u00fcber Zoom<\/h3>\n<p>Willst du Menschen besser helfen?<br \/>M\u00f6chtest du lernen, wie du dich und andere in schweren Zeiten unter-st\u00fctzt? <\/p>\n<p>Diesen Sommer bist du viel zu Hause?<br \/>Dann mach unseren Beratungs-Kurs \u00fcber Zoom.<br \/>Du lernst bequem von zu Hause.<br \/>Jeden Montag oder Donnerstag. Du entscheidest.    <\/p>\n<p>Beratung ist wichtig<\/p>\n<p>Immer mehr Menschen und Firmen m\u00f6chten Beratung.<br \/>Bei PLI kannst du lernen, wie du m\u00f6chtest.<br \/>Es ist egal, wo du lebst.<br \/>Du kannst online lernen.<br \/>Du kannst gut beraten lernen.   <\/p>\n<p><strong>So geht es:<\/strong><\/p>\n<p>Grosser Vor-Teil vom Kurs:<br \/>Es gibt eine Online-Seite von PLI.<br \/>Die kannst du zum Lernen nutzen.<br \/>Ganz egal, wo du wohnst oder arbeitest.<br \/>Das ist perfekt f\u00fcr alle, die arbeiten.   <\/p>\n<p>Du kannst auch lernen, wann du m\u00f6chtest.<br \/>Du kannst in deinem eigenen Tempo lernen.<\/p>\n<p>Du lernst gemeinsam online.<br \/>Und du lernst alleine. <\/p>\n<p><strong>Ein guter Kurs<\/strong><\/p>\n<p>Alles ist online.<br \/>Du bekommst gutes Wissen.<br \/>Du wirst online unter-richtet.<br \/>Die Lehr-Kr\u00e4fte haben viel Erfahrung.<br \/>Du kannst dein Wissen sofort nutzen.<br \/>Wir helfen dir beim Kurs.  <\/p>\n<p>Du lernst alles Wichtige:<br \/>Gute Beratung<br \/>Gute Gespr\u00e4che<br \/>L\u00f6sungen finden<br \/>Praktische Tipps<\/p>\n<p>Du \u00fcbst beraten. <\/p>\n<p><strong>Dein Weg in die Beratung<\/strong><\/p>\n<p>Am Ende vom Kurs bekommst du ein Diplom.<br \/>Das hilft dir im Beruf.<br \/>Du bekommst Wissen.<br \/>Und du bekommst praktische Tipps.<br \/>Du lernst, Ziele setzen.<br \/>Du lernst, wie du andere begleiten kannst.  <\/p>\n<p>Du kannst verschiedene Stufen beim Kurs machen.<br \/>Du kannst andere Kurse machen.<br \/>Zu bestimmten Themen, \u00fcber die du mehr wissen willst.<br \/>So kannst du noch besser werden.  <\/p>\n<p><strong>Du bestimmst, wie du lernst.<\/strong><\/p>\n<p>Du kannst online \u00fcber Zoom dabei sein.<br \/>Du kannst auch selbst lernen.<\/p>\n<p>So kannst du den Lehr-Kr\u00e4ften Fragen stellen.<br \/>Du lernst andere kennen.<\/p>\n<p>Du lernst so schnell oder langsam, wie du m\u00f6chtest.<br \/>Wenn du Fragen hast, stellst du sie im Online-Unterricht.<\/p>\n<p>Du machst auch \u00dcbungen.<\/p>\n<p><strong>Wer kann den Kurs machen?<\/strong><\/p>\n<p>Viele Menschen k\u00f6nnen den Kurs machen.<br \/>Du willst dich weiter-entwickeln?<br \/>Du willst beraten?<\/p>\n<p>Dann ist der Kurs perfekt f\u00fcr dich.<br \/>Auch, wenn du neben dem Kurs arbeitest.  <\/p>\n<p>Du kannst von \u00fcberall dabei sein.<br \/>Der Kurs ist online.<br \/>Du kannst arbeiten und den Kurs machen. <\/p>\n<p><strong>Moderne Beratung<\/strong><\/p>\n<p>Im Beruf wird Beratung immer wichtiger.<br \/>Du bekommst im Kurs viel Wissen.<br \/>Du bekommst auch praktische Tipps f\u00fcr Beratung.<\/p>\n<p>Es ist egal, wo du wohnst.<br \/>Du kannst von \u00fcberall dabei sein.  <\/p>\n<p>Kurse m\u00fcssen modern sein.<br \/>Das heisst, sie m\u00fcssen auch online sein.<\/p>\n<p>PLI bietet deshalb Online-Kurse.<br \/>Du lernst gute Beratung. <\/p>\n<p><strong>So l\u00e4uft der Kurs ab:<\/strong><\/p>\n<p><strong>ZOOM<br \/>Jede Woche 4 Stunden Unterricht \u00fcber Zoom.<br \/>Du kannst aus 3 Terminen pro Woche w\u00e4hlen.<\/strong> <\/p>\n<p><strong>LERN-GRUPPE<\/strong><\/p>\n<p>Jede Woche 2 Stunden \u00dcbung in einer Lern-Gruppe \u00fcber Zoom.<br \/>Dort kannst du Fragen stellen und \u00fcben. <\/p>\n<p><strong>Du brauchst pro Woche 6 Stunden Zeit.<\/strong><\/p>\n<p>[\/et_pb_text][\/et_pb_column][\/et_pb_row][et_pb_row custom_padding_last_edited=\u201don|desktop\u201d admin_label=\u201dRow: Kontakt, Titel\u201d module_class=\u201dhome-main-title-row\u201d _builder_version=\u201d4.27.4&#8243; background_color=\u201drgba(0,0,0,0)\u201d min_height=\u201d124.6px\u201d height=\u201d314px\u201d max_height=\u201d540px\u201d custom_margin=\u201d9px|auto|-5px|auto|false|false\u201d custom_padding=\u201d22px|30px|2px|29px|false|false\u201d custom_padding_tablet=\u201d|0px||0px|false|true\u201d custom_padding_phone=\u201d\u201d box_shadow_style=\u201dnone\u201d global_module=\u201d25263&#8243; saved_tabs=\u201dall\u201d collapsed=\u201doff\u201d global_colors_info=\u201d{}\u201d][et_pb_column type=\u201d4_4&#8243; admin_label=\u201dSpalte\u201d _builder_version=\u201d4.22.2&#8243; global_colors_info=\u201d{}\u201d][et_pb_blurb title=\u201dBitte schreib uns \u00fcber das Kontakt-Formular. Order ruf uns an!\u201d content_max_width=\u201d100%\u201d admin_label=\u201dHaupttitel h1&#8243; _builder_version=\u201d4.27.4&#8243; header_level=\u201dh3&#8243; header_font=\u201d\u2013et_global_heading_font|||on|||||\u201d header_text_color=\u201d#1C1D21&#8243; body_font=\u201d\u2013et_global_body_font||||||||\u201d body_text_color=\u201d#1C1D21&#8243; background_layout=\u201ddark\u201d min_height=\u201d134.2px\u201d custom_margin=\u201d0px|0px|0px|0px|false|false\u201d custom_padding=\u201d0px|0px|0px|0px|false|false\u201d animation_style=\u201dslide\u201d animation_direction=\u201dbottom\u201d header_text_shadow_style=\u201dpreset1&#8243; header_text_shadow_vertical_length=\u201d0.06em\u201d header_text_shadow_color=\u201drgba(16,41,127,0.4)\u201d global_colors_info=\u201d{}\u201d]<\/p>\n<p>Ruf uns an: Marianne Flury \u2013 076 426 65 80\/Rolf Flury \u2013 032 530 33 61<\/p>\n<p>&nbsp;<\/p>\n<p>&nbsp;<\/p>\n<p>[\/et_pb_blurb][\/et_pb_column][\/et_pb_row][\/et_pb_section]<\/p>\n","protected":false},"excerpt":{"rendered":"<p>Neu: Online-Beratungs-Kurs \u2013 10 Wochen \u00fcber Zoom Willst du Menschen besser helfen?M\u00f6chtest du lernen, wie du dich und andere in schweren Zeiten unter-st\u00fctzt? Diesen Sommer bist du viel zu Hause?Dann [&hellip;]<\/p>\n","protected":false},"author":2,"featured_media":0,"parent":0,"menu_order":5,"comment_status":"closed","ping_status":"closed","template":"","meta":{"_et_pb_use_builder":"on","_et_pb_old_content":"","_et_gb_content_width":"","_price":"","_stock":"","_tribe_ticket_header":"","_tribe_default_ticket_provider":"","_tribe_ticket_capacity":"0","_ticket_start_date":"","_ticket_end_date":"","_tribe_ticket_show_description":"","_tribe_ticket_show_not_going":false,"_tribe_ticket_use_global_stock":"","_tribe_ticket_global_stock_level":"","_global_stock_mode":"","_global_stock_cap":"","_tribe_rsvp_for_event":"","_tribe_ticket_going_count":"","_tribe_ticket_not_going_count":"","_tribe_tickets_list":"[]","_tribe_ticket_has_attendee_info_fields":false,"footnotes":"","_tec_slr_enabled":"","_tec_slr_layout":""},"class_list":["post-44144","page","type-page","status-publish","hentry"],"ticketed":false,"_links":{"self":[{"href":"https:\/\/loesungs-impulse.ch\/ls\/wp-json\/wp\/v2\/pages\/44144","targetHints":{"allow":["GET"]}}],"collection":[{"href":"https:\/\/loesungs-impulse.ch\/ls\/wp-json\/wp\/v2\/pages"}],"about":[{"href":"https:\/\/loesungs-impulse.ch\/ls\/wp-json\/wp\/v2\/types\/page"}],"author":[{"embeddable":true,"href":"https:\/\/loesungs-impulse.ch\/ls\/wp-json\/wp\/v2\/users\/2"}],"replies":[{"embeddable":true,"href":"https:\/\/loesungs-impulse.ch\/ls\/wp-json\/wp\/v2\/comments?post=44144"}],"version-history":[{"count":4,"href":"https:\/\/loesungs-impulse.ch\/ls\/wp-json\/wp\/v2\/pages\/44144\/revisions"}],"predecessor-version":[{"id":44148,"href":"https:\/\/loesungs-impulse.ch\/ls\/wp-json\/wp\/v2\/pages\/44144\/revisions\/44148"}],"wp:attachment":[{"href":"https:\/\/loesungs-impulse.ch\/ls\/wp-json\/wp\/v2\/media?parent=44144"}],"curies":[{"name":"wp","href":"https:\/\/api.w.org\/{rel}","templated":true}]}}