{"id":44125,"date":"2020-05-08T10:59:16","date_gmt":"2020-05-08T08:59:16","guid":{"rendered":"https:\/\/loesungs-impulse.ch\/diplom-coach-sca\/"},"modified":"2025-08-09T09:30:13","modified_gmt":"2025-08-09T07:30:13","slug":"diplom-coach-sca","status":"publish","type":"page","link":"https:\/\/loesungs-impulse.ch\/ls\/diplom-coach-sca\/","title":{"rendered":"Grund-Kurs Beratung"},"content":{"rendered":"<p>[et_pb_section fb_built=\u201d1&#8243; fullwidth=\u201don\u201d disabled_on=\u201don|on|off\u201d admin_label=\u201dSection: Featured Image\u201d _builder_version=\u201d4.27.4&#8243; min_height=\u201d196px\u201d custom_margin=\u201d0px||-3px||false|false\u201d custom_padding=\u201d||0px|||\u201d global_module=\u201d309&#8243; saved_tabs=\u201dall\u201d locked=\u201doff\u201d global_colors_info=\u201d{}\u201d][et_pb_fullwidth_image title_text=\u201dNordsee Strand auf Langeoog\u201d disabled_on=\u201don|off|off\u201d admin_label=\u201dBG HERO AUTO FEATURED IMAGE\u201d _builder_version=\u201d4.27.4&#8243; _dynamic_attributes=\u201dbackground_image\u201d use_background_color_gradient=\u201don\u201d background_color_gradient_stops=\u201drgba(16,41,127,0) 30%|#cddef2 95%\u201d background_color_gradient_overlays_image=\u201don\u201d background_color_gradient_start=\u201drgba(16,41,127,0)\u201d background_color_gradient_start_position=\u201d30%\u201d background_color_gradient_end=\u201d#cddef2&#8243; background_color_gradient_end_position=\u201d95%\u201d background_image=\u201d@ET-DC@eyJkeW5hbWljIjp0cnVlLCJjb250ZW50IjoicG9zdF9mZWF0dXJlZF9pbWFnZSIsInNldHRpbmdzIjp7fX0=@\u201d min_height=\u201d246px\u201d height=\u201d232px\u201d height_tablet=\u201d61vw\u201d height_phone=\u201d460px\u201d height_last_edited=\u201don|phone\u201d max_height=\u201d272px\u201d custom_margin=\u201d0px||1px||false|false\u201d custom_padding=\u201d||0px|||\u201d custom_css_free_form=\u201dselector {||  height: 600px;||  object-fit: cover;||  object-position: bottom;||  overflow: hidden;||}||||||\u201d global_colors_info=\u201d{}\u201d][\/et_pb_fullwidth_image][\/et_pb_section][et_pb_section fb_built=\u201d1&#8243; admin_label=\u201dSection\u201d module_class=\u201dcontent-section\u201d _builder_version=\u201d4.27.4&#8243; min_height=\u201d1935.5px\u201d custom_margin=\u201d0px||0px||false|false\u201d custom_padding=\u201d447px||0px||false|false\u201d global_colors_info=\u201d{}\u201d][et_pb_row _builder_version=\u201d4.27.4&#8243; min_height=\u201d5225px\u201d height=\u201d1000px\u201d custom_margin=\u201d|auto|215px|auto|false|false\u201d custom_padding=\u201d28px|32px|61px|32px|false|true\u201d global_colors_info=\u201d{}\u201d][et_pb_column type=\u201d4_4&#8243; _builder_version=\u201d4.16&#8243; global_colors_info=\u201d{}\u201d][et_pb_text admin_label=\u201dHAUPTTEXT\u201d _builder_version=\u201d4.27.4&#8243; global_colors_info=\u201d{}\u201d]<\/p>\n<h3>Kurs Beratung oder Menschen in Firmen helfen mit Fach-Ausweis <\/h3>\n<p><b>Kurs Beratung mit Diplom. Deine Zukunft.<\/b><\/p>\n<p><span style=\"font-weight: 400;\">Kurs Beratung mit Diplom oder Kurs Menschen in Firmen helfen mit Fach-Ausweis vom Bund  <\/span><span style=\"font-weight: 400;\">Bei PLI. <\/span><span style=\"font-weight: 400;\">Willst du Menschen in Firmen helfen?<br \/>Willst du wissen, wie du Mitarbeitende unterst\u00fctzt?<br \/>Dann passt der Kurs Menschen in Firmen helfen perfekt zu dir.  <\/span><span style=\"font-weight: 400;\">Schule f\u00fcr Beratung<\/span><span style=\"font-weight: 400;\"> in der Schweiz:<\/span><span style=\"font-weight: 400;\">PLI<\/span><span style=\"font-weight: 400;\"> Du machst einen Kurs mit viel praktischen Tipps.<\/p>\n<p>Was machst du nach dem Kurs?<br \/>Du kannst:<br \/>Mitarbeitende begleiten<br \/>bei Konflikten helfen<br \/>Teams st\u00e4rken<\/p>\n<p> <\/span><span style=\"font-weight: 400;\"> Du bekommst einen Fach-Ausweis vom Bund.<br \/>Das hilft dir im Beruf.<\/span><\/p>\n<p>&nbsp;<\/p>\n<p><b>Was machst du genau in diesem Beruf?<\/b><\/p>\n<p><span style=\"font-weight: 400;\">Du hilfst in schwierigen Lagen. <\/span><span style=\"font-weight: 400;\">Du kannst:<br \/>Menschen bei der Arbeit unter-st\u00fctzen<br \/>Du hilfst Menschen, im Beruf weiter-zu-kommen.<br \/>Du bist eine Vertrauens-Person \u2013 mit Fach-Wissen und Herz.<\/span><span style=\"font-weight: 400;\"> Die SCA sagt: Dieser Kurs ist gut.<br \/>SCA ist ein grosser Verband f\u00fcr Beratung.<br \/>Du bekommst ein Diplom.  <\/span><span style=\"font-weight: 400;\">Du kannst dann Menschen in Firmen helfen.<\/span><span style=\"font-weight: 400;\"> Immer mehr Firmen wollen Beratung.<br \/>Dein Diplom zeigt:<br \/>Du kannst gut beraten. <\/span><\/p>\n<p>&nbsp;<\/p>\n<p><b>Warum ein Diplom von <\/b><b>PLI<\/b><b>?<\/b><\/p>\n<p><span style=\"font-weight: 400;\">Ein guter Kurs ist wichtig. <\/span><span style=\"font-weight: 400;\">PLI<\/span><span style=\"font-weight: 400;\"> bietet gute Kurse.<br \/>Mit viel Praxis.<br \/>Unser Team hat viel Erfahrung.<br \/>Wir kennen viele Menschen in der Beratung.  <\/span><span style=\"font-weight: 400;\">Unsere Lehr-Kr\u00e4fte<\/span><span style=\"font-weight: 400;\"> beraten schon lange. <\/span><span style=\"font-weight: 400;\">Sie sind Fach-Kr\u00e4fte f\u00fcr Firmen-Beratung<\/span>.<span style=\"font-weight: 400;\"> Sie begleiten dich zum Diplom.<\/span><\/p>\n<p><span style=\"font-weight: 400;\">Vorteile vom Kurs<br \/>\u00b7 Du lernst mit echten F\u00e4llen<br \/>\u00b7 Du kannst neben dem Kurs arbeiten<br \/>\u00b7 Du triffst andere Beratungs-Personen \u2013 f\u00fcr dein Netz-Werk<br \/>\u00b7 Du kannst online oder vor Ort lernen   <\/span><span style=\"font-weight: 400;\">Du lernst viel \u00fcber Beratung und gute Gespr\u00e4che.<\/span><span style=\"font-weight: 400;\">. Das hilft dir im Berug.<\/span><\/p>\n<p>&nbsp;<\/p>\n<p><b>Kurs:<\/b><\/p>\n<p><span style=\"font-weight: 400;\">Kurs Beratung bei <\/span><span style=\"font-weight: 400;\">PLI<\/span><span style=\"font-weight: 400;\"> Der Kurs dauert 12 bis 18 Monate.<br \/>Der Kurs hat drei Teile:    <\/span><span style=\"font-weight: 400;\">3 <\/span><span style=\"font-weight: 400;\"> Teile mit viel Wissen und praktischen \u00dcbungen.<\/span><\/p>\n<p><span style=\"font-weight: 400;\">Du lernst dich selbst besser kennen.<br \/>Das ist wichtig, wenn du Firmen beraten m\u00f6chtest. <\/span><span style=\"font-weight: 400;\"> Du kannst so besser beraten.<br \/>Du weisst besser, wie es anderen geht. <\/span><\/p>\n<p><span style=\"font-weight: 400;\">Du lernst:<\/span><\/p>\n<ul>\n<li><span style=\"font-weight: 400;\">Gute Gespr\u00e4che f\u00fchren<\/span><\/li>\n<li><span style=\"font-weight: 400;\">Um-Feld mit-denken<\/span><\/li>\n<li><span style=\"font-weight: 400;\">Zusammen gute L\u00f6sungen finden<\/span><\/li>\n<li><span style=\"font-weight: 400;\">Menschen verstehen<\/span><\/li>\n<li><span style=\"font-weight: 400;\">Was ist gute Beratung?<\/span><\/li>\n<\/ul>\n<p><span style=\"font-weight: 400;\">Am Schluss schreibst du eine Diplom-Arbeit.<br \/>Du machst auch eine Pr\u00fcfung.<br \/>Dann bekommst du ein Diplom.<br \/>Du kannst dann Menschen in Firmen helfen. <\/span><span style=\"font-weight: 400;\">Du <\/span><span style=\"font-weight: 400;\">kannst ein Netz-Werk auf-bauen. Das hilft im Beruf.<\/span><\/p>\n<p>&nbsp;<\/p>\n<p><b>Dein Beruf:<\/b><\/p>\n<p><span style=\"font-weight: 400;\">Mit dem Diplom Menschen in Firmen beraten kannst du:<\/span><span style=\"font-weight: 400;\"> Nach dem Kurs kannst du:<br \/>Menschen in Firmen begleiten<br \/>Beraten<br \/>Teams st\u00e4rken<br \/>Konflikte l\u00f6sen<br \/>Mitarbeitende bei Zielen und Aufgaben unter-st\u00fctzen  <\/span><span style=\"font-weight: 400;\">Viele Menschen m\u00f6chten Beratung.<br \/>F\u00fcr Beruf und All-Tag.<\/span><\/p>\n<p><span style=\"font-weight: 400;\">Du willst selbst-st\u00e4ndig sein?<br \/>Dann bist du bei uns richtig.<br \/>Wir helfen dir, eine Firma zu gr\u00fcnden.<\/p>\n<p>F\u00fcnf Fach-Kr\u00e4fte begleiten dich.<br \/>4, 6 oder 9 Monate lang.  <\/span><\/p>\n<p><span style=\"font-weight: 400;\">Du kannst dann Erfolg haben.<\/span><\/p>\n<p>&nbsp;<\/p>\n<p><b>Gepr\u00fcft<\/b><\/p>\n<p><span style=\"font-weight: 400;\">Du bekommst ein Diplom f\u00fcr den Kurs Menschen in Firmen beraten. <\/span><span style=\"font-weight: 400;\">Das ist gepr\u00fcft von SCA.<br \/>Das heisst:<br \/>Du bekommst immer das neueste Wissen.<br \/>Der Kurs ist gut.<br \/>Wir denken auch an die Zukunft.  <\/span><\/p>\n<p><span style=\"font-weight: 400;\">SCA hat auch ein Netz-Werk.<br \/>Dort kannst du andere Beratende treffen.<br \/>Das kann dir im Beruf helfen. <\/span><\/p>\n<p>&nbsp;<\/p>\n<p><b>F\u00fcr wen ist der Kurs?<\/b><\/p>\n<p><span style=\"font-weight: 400;\">Der Kurs<\/span><span style=\"font-weight: 400;\"> Menschen in Firmen beraten ist f\u00fcr:<\/span> <span style=\"font-weight: 400;\">Menschen, die anderen helfen m\u00f6chten.<br \/>Fach-Personen aus Personal-Abteilungen, Psychologie, Beratung, Unterricht<br \/>Alle, die neues Lernen m\u00f6chten. <\/span><\/p>\n<p><span style=\"font-weight: 400;\">Du hilfst gerne Menschen in schwierigen Lagen? <\/span><span style=\"font-weight: 400;\">Dann ist der Kurs Menschen in Firmen helfen genau das Richtige f\u00fcr dich.<\/span><\/p>\n<p>&nbsp;<\/p>\n<p><b>Deine berufliche Zukunft<\/b><\/p>\n<p><span style=\"font-weight: 400;\">PLI<\/span><span style=\"font-weight: 400;\"> bietet einen Top-Kurs F\u00fcr Beratung.<\/span><span style=\"font-weight: 400;\"> Du kannst dann Menschen in Firmen beraten<\/span><span style=\"font-weight: 400;\">Du bekommst ein Diplom.<br \/>Damit kommst du weiter.<br \/>Im Beruf und pers\u00f6nlich. <\/span><\/p>\n<p><span style=\"font-weight: 400;\">Plane deine Zukunft. Starte einen Kurs f\u00fcr Beratung bei <\/span><span style=\"font-weight: 400;\">PLI<\/span><span style=\"font-weight: 400;\"> \u2013 Sarte jetzt!<\/span><\/p>\n<p><span style=\"font-weight: 400;\"> <\/span><\/p>\n<p><b>MACH BEI PLI DEN KURS F\u00dcR BERATUNG.<br \/>INSGESAMT 21 TAGE UND EIN HALBER TAG.<br \/>DU WEISST SCHON VIEL \u00dcBER BERATUNG?<br \/>DANN DAUERT DER KURS NUR 11 TAGE UND EINEN HALBEN TAG. <\/b><\/p>\n<p><span style=\"font-weight: 400;\"> <\/span><\/p>\n<p><b>DAS GEHT SO:<\/b><\/p>\n<p><span style=\"font-weight: 400;\">Du weisst noch nichts \u00fcber Beratung?<br \/>Du machst zuerst den Grund-Kurs Beratung f\u00fcr alle<br \/>Du lernst Wichtiges \u00fcber Beratung<br \/>Dauer: 10 Tage, 5 Module<\/p>\n<p><\/span><span style=\"font-weight: 400;\"><br \/><\/span><b>Preis: 3\u2019900 Franken<\/b><\/p>\n<p><span style=\"font-weight: 400;\">Dann machst du den Kurs Menschen in Firmen helfen mit Fach-Ausweis vom Bund <\/span><span style=\"font-weight: 400;\"><br \/><\/span><b>Preis: 6\u2019800 Franken<\/b><\/p>\n<p><span style=\"font-weight: 400;\">Du bekommst dann nicht nur den Fach-Ausweis vom Bund.<br \/>Du bekommst auch ein Diplom von SCA. <\/span><span style=\"font-weight: 400;\"><br \/><\/span><b>Du bekommst bei beiden Kursen die H\u00e4lfte vom Bund zur\u00fcck.<\/b><b><br \/><\/b><span style=\"font-weight: 400;\">Du zahlst also nur:<\/p>\n<p><\/span><\/p>\n<p><b>nur 5&#8217;350 Franken<\/b><b>(<\/b><span style=\"font-weight: 400;\">nach der R\u00fcck-Zahlung vom Bund)<\/span><\/p>\n<p><b>Wo und wie?<\/b><\/p>\n<p><span style=\"font-weight: 400;\">Du kannst den Kurs Menschen in Firmen helfen bei PLI an vielen Orten machen.<br \/>Du kannst auch online dabei sein. <\/span><\/p>\n<p><b>Unsere Kurs-Orte in der Schweiz:<\/b><\/p>\n<ul>\n<li style=\"font-weight: 400;\" aria-level=\"1\"><span style=\"font-weight: 400;\">Luterbach bei Solothurn<\/span><\/li>\n<li style=\"font-weight: 400;\" aria-level=\"1\"><span style=\"font-weight: 400;\">Balsthal SO<\/span><\/li>\n<\/ul>\n<p>&nbsp;<\/p>\n<p><b>Du kannst zu uns kommen.<br \/>Du kannst online dabei sein.<br \/>Du kannst selbst online lernen.<\/b><\/p>\n<p><span style=\"font-weight: 400;\">Du entscheidest, wie du den Kurs machst.<\/span><\/p>\n<p><span style=\"font-weight: 400;\">So passt er gut zu deinem All-Tag.<\/span><\/p>\n<p>[\/et_pb_text][et_pb_text _builder_version=\u201d4.27.4&#8243; _module_preset=\u201ddefault\u201d hover_enabled=\u201d0&#8243; global_colors_info=\u201d{}\u201d sticky_enabled=\u201d0&#8243;]<\/p>\n<h3><b>Vor-Teile vom Kurs bei PLI.<\/b><\/h3>\n<h5>Du kannst online dabei sein.<br \/>Du kannst selbst lernen.<\/h5>\n<p><span style=\"font-weight: 400;\"><br \/><\/span><span style=\"font-weight: 400;\">Du entscheidest, wie du den Kurs machen willst.<br \/>Du kannst neben dem Kurs lernen.<br \/>Du kannst lernen, wo du m\u00f6chtest.<br \/>Du lernst viel \u00fcber Beratung. <\/span> <span style=\"font-weight: 400;\">So wird der Weg zur Coach- und Beratungsperson auch f\u00fcr Berufst\u00e4tige und Personen mit famili\u00e4ren Verpflichtungen optimal vereinbar.<\/span><\/p>\n<h5><strong><\/strong><\/h5>\n<h5><strong>Selbst online lernen: <\/strong><\/h5>\n<p><span style=\"font-weight: 400;\">Du kannst die Kurs-Inhalte sehen. <br \/>Ausserdem kannst du in eine <\/span> <span style=\"font-weight: 400;\">WhatsApp-Gruppe  <\/span><span style=\"font-weight: 400;\">kommen.<br \/>Dort sind andere Kurs-Teilnehmende.<br \/>Du kannst Fragen stellen.<br \/>Du kannst \u00fcben.<br \/>Du bekommst praktische Werk-Zeuge und einfache Aufgaben.<br \/>Wir beraten dich. <\/span><span style=\"font-weight: 400;\">. Du kannst uns immer schreiben.<br \/>Du kannst in Gruppen \u00fcben. <\/span><span style=\"font-weight: 400;\">\u2013<\/span><span style=\"font-weight: 400;\">So bist du nie alleine beim Lernen.<\/span><\/p>\n<h5><\/h5>\n<h5>Du bekommst gute Abschl\u00fcsse.<br \/>Zum Bei-Spiel den Fach-Ausweis vom Bund.<br \/>Oder Studien-Abschl\u00fcsse.<\/h5>\n<p><span style=\"font-weight: 400;\"><br \/><\/span><span style=\"font-weight: 400;\">Du kannst dich auf Pr\u00fcfungen vom Bund vorbereiten.<br \/>Du kannst auch einen CAS-Abschluss, DAS-Abschluss oder MAS-Abschluss machen.<br \/>Diese dauern l\u00e4nger.<br \/>Sie helfen im Beruf.<br \/>In der Schweiz und auf der ganzen Welt. <\/span><\/p>\n<h5><strong><\/strong><\/h5>\n<h5><strong>Der Bund zahlt die H\u00e4lfte.<\/strong><\/h5>\n<p><span style=\"font-weight: 400;\"><br \/><\/span><span style=\"font-weight: 400;\">Mach den Kurs Menschen in Firmen beraten.<br \/>Oder den Kurs Job-Beratung.<br \/>Beide sind mit Fach-Ausweis vom Bund.<br \/>Nach der Pr\u00fcfung zahlt der Bund die H\u00e4lfte vom Kurs.<br \/>Ganz egal, ob du die Pr\u00fcfung schaffst. <\/span><\/p>\n<h5><strong><\/strong><\/h5>\n<h5><strong>Viel Wissen. Viel Praxis.<\/strong><\/h5>\n<p><span style=\"font-weight: 400;\"><br \/><\/span><span style=\"font-weight: 400;\">In unseren Kursen lernst du viel.<br \/>Du \u00fcbst aber auch praktisch.<br \/>So kannst du schon Erfahrung sammeln.<br \/>Du bist gut f\u00fcr den Beruf vorbereitet. <\/span><\/p>\n<p>&nbsp;<\/p>\n<h5><strong>In der ganzen Schweiz.<\/strong><\/h5>\n<p><span style=\"font-weight: 400;\"><br \/><\/span><span style=\"font-weight: 400;\">PLI ist an vielen Orten in der Schweiz.<br \/>Wir unter-richten aber auch online.  <\/span><span style=\"font-weight: 400;\">Du kannst online aus der Schweiz, \u00d6sterreich oder Deutschland dabei sein.Du kannst aber auch zu uns kommen nach<\/span><span style=\"font-weight: 400;\">Luterbach oder Balsthal. <\/span> <\/p>\n<p>&nbsp;<\/p>\n<h5><strong>Wir begleiten dich!<\/strong><\/h5>\n<p><span style=\"font-weight: 400;\"><br \/><\/span><span style=\"font-weight: 400;\">Unsere Lehr-Kr\u00e4fte haben viel Wissen.<br \/>Sie haben aber auch viel Erfahrung.<br \/>Sie braten schon lange.<br \/>Du kannst so deine St\u00e4rken nutzen. <\/span><\/p>\n<p><span style=\"font-weight: 400;\"><\/span><\/p>\n<h5><strong>Fit f\u00fcr den Beruf<\/strong><\/h5>\n<p><span style=\"font-weight: 400;\"><br \/><\/span><span style=\"font-weight: 400;\">Die Kurse von PLI sind gefragt im Beruf.<br \/>Du bekommst gutes Wissen.<br \/>Du bist perfekt vorbereitet.<br \/>Dann kannst du selbst-st\u00e4ndig arbeiten.<br \/>Oder eine Stelle in der Beratung an-nehmen.  <\/span><\/p>\n<p><span style=\"font-weight: 400;\"><\/span><\/p>\n<h5><strong>Mit anderen sprechen<\/strong><\/h5>\n<p><span style=\"font-weight: 400;\"><br \/><\/span><span style=\"font-weight: 400;\">Du lernst andere Beratende kennen im Kurs.<br \/>So bekommst du viele Ideen.<br \/>Du kannst ein Netz-Werk auf-bauen.<br \/>Das hilft dir im Beruf.  <\/span><\/p>\n<p><span style=\"font-weight: 400;\"><\/span><\/p>\n<h5><strong>Mehr Kurse<\/strong><\/h5>\n<p><span style=\"font-weight: 400;\"><br \/><\/span><span style=\"font-weight: 400;\">Du kannst Kurse bei PLI in Schritten machen.<br \/>Du w\u00e4hlst selbst, was dich interessiert.<br \/>Du kannst in deinem Tempo lernen. <\/span><span style=\"font-weight: 400;\"> Du musst nicht in einer bestimmten Zeit fertig sein.<\/span><\/p>\n<p><span style=\"font-weight: 400;\"><\/span><\/p>\n<h5><strong>Du ent-wickelst dich weiter.<\/strong><\/h5>\n<p><span style=\"font-weight: 400;\"><br \/><\/span><span style=\"font-weight: 400;\">Du lernst viel \u00fcber dich selbst.<br \/>Du lernst, was du gut kannst.<br \/>Du lernst gute Gespr\u00e4che.<br \/>Du lernst, wie du stark bleibst.<br \/>So kannst du besser beraten.<br \/>Du kannst dich selbst weiter-entwickeln.  <\/span><\/p>\n<p>&nbsp;<\/p>\n<p>[\/et_pb_text][\/et_pb_column][\/et_pb_row][\/et_pb_section]<\/p>\n","protected":false},"excerpt":{"rendered":"<p>Kurs Beratung oder Menschen in Firmen helfen mit Fach-Ausweis Kurs Beratung mit Diplom. Deine Zukunft. Kurs Beratung mit Diplom oder Kurs Menschen in Firmen helfen mit Fach-Ausweis vom Bund Bei [&hellip;]<\/p>\n","protected":false},"author":2,"featured_media":0,"parent":0,"menu_order":6,"comment_status":"closed","ping_status":"closed","template":"","meta":{"_et_pb_use_builder":"on","_et_pb_old_content":"","_et_gb_content_width":"","_price":"","_stock":"","_tribe_ticket_header":"","_tribe_default_ticket_provider":"","_tribe_ticket_capacity":"0","_ticket_start_date":"","_ticket_end_date":"","_tribe_ticket_show_description":"","_tribe_ticket_show_not_going":false,"_tribe_ticket_use_global_stock":"","_tribe_ticket_global_stock_level":"","_global_stock_mode":"","_global_stock_cap":"","_tribe_rsvp_for_event":"","_tribe_ticket_going_count":"","_tribe_ticket_not_going_count":"","_tribe_tickets_list":"[]","_tribe_ticket_has_attendee_info_fields":false,"footnotes":"","_tec_slr_enabled":"","_tec_slr_layout":""},"class_list":["post-44125","page","type-page","status-publish","hentry"],"ticketed":false,"_links":{"self":[{"href":"https:\/\/loesungs-impulse.ch\/ls\/wp-json\/wp\/v2\/pages\/44125","targetHints":{"allow":["GET"]}}],"collection":[{"href":"https:\/\/loesungs-impulse.ch\/ls\/wp-json\/wp\/v2\/pages"}],"about":[{"href":"https:\/\/loesungs-impulse.ch\/ls\/wp-json\/wp\/v2\/types\/page"}],"author":[{"embeddable":true,"href":"https:\/\/loesungs-impulse.ch\/ls\/wp-json\/wp\/v2\/users\/2"}],"replies":[{"embeddable":true,"href":"https:\/\/loesungs-impulse.ch\/ls\/wp-json\/wp\/v2\/comments?post=44125"}],"version-history":[{"count":9,"href":"https:\/\/loesungs-impulse.ch\/ls\/wp-json\/wp\/v2\/pages\/44125\/revisions"}],"predecessor-version":[{"id":45350,"href":"https:\/\/loesungs-impulse.ch\/ls\/wp-json\/wp\/v2\/pages\/44125\/revisions\/45350"}],"wp:attachment":[{"href":"https:\/\/loesungs-impulse.ch\/ls\/wp-json\/wp\/v2\/media?parent=44125"}],"curies":[{"name":"wp","href":"https:\/\/api.w.org\/{rel}","templated":true}]}}