{"id":44065,"date":"2020-05-08T12:33:22","date_gmt":"2020-05-08T10:33:22","guid":{"rendered":"https:\/\/loesungs-impulse.ch\/coach-pli-pli-coaching-ausbildung\/"},"modified":"2026-04-17T13:27:42","modified_gmt":"2026-04-17T11:27:42","slug":"kurs-beratung","status":"publish","type":"page","link":"https:\/\/loesungs-impulse.ch\/ls\/kurs-beratung\/","title":{"rendered":"Grund-Kurs Beratung"},"content":{"rendered":"<p>[et_pb_section fb_built=\u201d1&#8243; fullwidth=\u201don\u201d disabled_on=\u201don|on|off\u201d admin_label=\u201dSection: Featured Image\u201d _builder_version=\u201d4.27.4&#8243; background_color=\u201d#CDDEF2&#8243; background_image=\u201dhttps:\/\/loesungs-impulse.ch\/wp-content\/uploads\/2020\/05\/leuchtturm.jpg\u201d background_size=\u201dcustom\u201d background_image_width=\u201d0%\u201d background_image_height=\u201d0%\u201d background_position=\u201dbottom_left\u201d background_horizontal_offset=\u201d-1%\u201d background_vertical_offset=\u201d25%\u201d min_height=\u201d100px\u201d height=\u201d214px\u201d custom_margin=\u201d0px||-3px||false|false\u201d custom_padding=\u201d||0px|||\u201d global_module=\u201d309&#8243; saved_tabs=\u201dall\u201d locked=\u201doff\u201d global_colors_info=\u201d{}\u201d][\/et_pb_section][et_pb_section fb_built=\u201d1&#8243; admin_label=\u201dSection\u201d module_class=\u201dcontent-section\u201d _builder_version=\u201d4.27.4&#8243; min_height=\u201d2598.2px\u201d custom_margin=\u201d503px||||false|false\u201d custom_padding=\u201d||0px||false|false\u201d global_colors_info=\u201d{}\u201d][et_pb_row _builder_version=\u201d4.16&#8243; custom_margin=\u201d||||false|false\u201d custom_padding=\u201d28px|30px|60px|30px|false|true\u201d global_colors_info=\u201d{}\u201d][et_pb_column type=\u201d4_4&#8243; _builder_version=\u201d4.16&#8243; global_colors_info=\u201d{}\u201d][et_pb_text admin_label=\u201dHAUPTTEXT\u201d _builder_version=\u201d4.27.4&#8243; text_font=\u201d\u2013et_global_body_font||||||||\u201d header_font=\u201d\u2013et_global_heading_font|600|||||||\u201d header_font_size=\u201d36px\u201d global_colors_info=\u201d{}\u201d]<\/p>\n<h1>Grund-Kurs Beratung f\u00fcr alle<\/h1>\n<h1>TOP-KURS BERATUNG IN DER SCHWEIZ<\/h1>\n<p>Grund-Kurs Beratung PLI<\/p>\n<p>Du kannst in diesem Kurs lernen, wie du Menschen hilfst.<br \/>Der Kurs dauert 10 Tage. Diese 10 Tage sind auf ein halbes Jahr verteilt.<br \/><span>D<\/span>ann kannst du den Kurs Menschen in Firmen helfen machen<span>.<\/span> <\/p>\n<h2><\/h2>\n<p>[\/et_pb_text][et_pb_text admin_label=\u201dHAUPTTEXT\u201d _builder_version=\u201d4.27.4&#8243; text_font=\u201d\u2013et_global_body_font||||||||\u201d header_font=\u201d\u2013et_global_heading_font|700|||||||\u201d header_font_size=\u201d36px\u201d header_2_font=\u201d\u2013et_global_heading_font|600|||||||\u201d header_2_font_size=\u201d36px\u201d header_font_tablet=\u201d\u201d header_font_phone=\u201d\u201d header_font_last_edited=\u201don|desktop\u201d global_colors_info=\u201d{}\u201d]<\/p>\n<p>PLI hat viel Erfahrung mit Beratung.<br \/>Du bekommst viele praktische Tipps.<br \/>Du kannst dann gleich los-legen.<br \/>Viele haben bei uns schon ein Diplom gemacht.   <\/p>\n<p><em>Wichtig: Du kannst nach dem <a href=\"https:\/\/loesungs-impulse.ch\/ls\/kurs-beratung\/\">Grund-Kurs <\/a>noch einen anderen Kurs machen<span>:<\/span> den Kurs Menschen in Firmen helfen<span>.<\/span> Dann bekommst du vom Bund <strong>die H\u00e4lfte der Kosten<\/strong> zur\u00fcck. Der Kurs ist auch von SCA gepr\u00fcft. Das ist eine Stelle f\u00fcr gute Beratung.  <\/em><\/p>\n<p>&nbsp;<\/p>\n<p><strong>Der Kurs hat 5 Teile:<br \/>Der Kurs dauert 10 Tage. Er ist \u00fcber ein halbes Jahr verteilt. Jeder Teil dauert 2 Tage.<br \/>Du kannst das Gelernte sofort nutzen.<\/strong><\/p>\n<p>Was lernst du?<br \/>Wie du gut beraten kannst.<br \/>Wie Menschen so sind.<br \/>Wie du Menschen mit schwierigen Dingen hilfst.<br \/>Wie du gut mit Menschen sprichst.<br \/>Wie du Menschen hilfst, Probleme zu l\u00f6sen.<br \/>Wie du schwierige Gespr\u00e4che f\u00fchrst<br \/>Wie man gut mit Stress umgeht<br \/>Wie du Menschen hilfst, denen alles zu viel ist   <\/p>\n<p>Du m\u00f6chtest keine Pr\u00fcfung machen?<br \/>Du kannst auch einen Kurs ohne Pr\u00fcfung machen. <\/p>\n<p>Was kannst du nach der Stufe 1 tun?<br \/>Du kannst beraten. Du kannst Menschen in vielen Bereichen helfen.<\/p>\n<p>Im zweiten Teil:<br \/>Du bekommst viele Werk-Zeuge.<br \/>Du machst einen Abschluss mit Diplom.<\/p>\n<p>D\u00fcrfen wir dir Infos schicken?<br \/>Oder kommst du zu einem Info-Tag?<\/p>\n<p>&nbsp;<\/p>\n<p><strong>DU LERNST:<\/strong><\/p>\n<ul>\n<li>Wie bin ich in der Beratung?<\/li>\n<li>L\u00f6sungen in der Beratung?<br \/>St\u00e4rken finden.<\/li>\n<li>Um-Feld mit-denken<\/li>\n<li>Gute Gespr\u00e4che f\u00fchren<\/li>\n<li>Weiter-entwickeln<\/li>\n<li>Menschen verstehen<\/li>\n<li>Stark werden, entspannt werden und selbst handeln<\/li>\n<li>Ver\u00e4nderungen gut schaffen (extra)<\/li>\n<li>Was machen Gef\u00fchle mit dem K\u00f6rper? (extra)<\/li>\n<li>Paar-Beratung (extra)<\/li>\n<\/ul>\n<p>&nbsp;<\/p>\n<p><strong>DU LERNST NOCH:<\/strong><\/p>\n<ul>\n<li>Wie gehe ich gut mit Stress um?<\/li>\n<li>Essen, bewegen, ent-spannen<\/li>\n<li>Schwierige Gespr\u00e4che<\/li>\n<li>Burn-Out vermeiden und bei Burn-Out helfen<\/li>\n<li>Fall-Arbeit, Werbung<\/li>\n<li>Sozial-Versicherungen<\/li>\n<\/ul>\n<p>&nbsp;<\/p>\n<p><strong>VOR-TEILE VOM KURS BEI PLI<\/strong><\/p>\n<p>Du lernst praktische Dinge.<br \/>Du lernst, wie du sie verwenden kannst.<br \/>Du kannst dann gut beraten.  <\/p>\n<p>Der Kurs dauert 10 Tage.<br \/>Die Tage sind auf ein halbes Jahr verteilt.<br \/>Der Kurs hat 5 Teile.<br \/>An einem Tag machst du eine Pr\u00fcfung.<br \/>Lies mehr im <a href=\"https:\/\/loesungs-impulse.ch\/wp-content\/uploads\/PLI-Infodossier_Basisausbildung-Coach_2026_11.03.2026-1.pdf\">Infodossier<strong> 2026.<\/strong><\/a>   <\/p>\n<p>&nbsp;<\/p>\n<p>&nbsp;<\/p>\n<h3>KURSE<\/h3>\n<p>Du kannst all unsere Kurse auch <a href=\"https:\/\/loesungs-impulse.ch\/ls\/online-beratungs-kurs\/\">online<\/a> machen.<\/p>\n<p>[\/et_pb_text][dpdfg_filtergrid custom_query=\u201dadvanced\u201d multiple_cpt=\u201dtribe_events\u201d use_taxonomy_terms=\u201don\u201d multiple_taxonomies=\u201dtribe_events_cat\u201d include_terms=\u201d13&#8243; post_number=\u201d9&#8243; order=\u201dASC\u201d orderby=\u201dmeta_value\u201d meta_key=\u201d_EventStartDate\u201d meta_type=\u201dDATE\u201d no_results=\u201dNichts gefunden\u201d thumbnail_size=\u201d800&#215;320&#8243; use_overlay=\u201doff\u201d show_post_meta=\u201doff\u201d read_more=\u201don\u201d show_custom_content=\u201don\u201d show_filters=\u201doff\u201d all_text=\u201dAlle\u201d show_pagination=\u201doff\u201d items_width=\u201d30%\u201d column_gutter=\u201d3em\u201d items_width_tablet=\u201d45%\u201d items_width_phone=\u201d80%\u201d items_width_last_edited=\u201don|phone\u201d column_gutter_tablet=\u201d\u201d column_gutter_phone=\u201d\u201d column_gutter_last_edited=\u201don|tablet\u201d disabled_on=\u201doff|off|off\u201d admin_label=\u201dCustom Grid\u201d _builder_version=\u201d4.27.4&#8243; dpdfg_entry_title_level=\u201dh3&#8243; dpdfg_entry_title_font=\u201d\u2013et_global_heading_font|800|||||||\u201d dpdfg_entry_title_font_size=\u201d16px\u201d dpdfg_entry_meta_font=\u201d\u2013et_global_body_font|600|||||||\u201d dpdfg_entry_summary_font=\u201d\u2013et_global_body_font||||||||\u201d dpdfg_entry_cf_label_font=\u201d\u2013et_global_body_font||||||||\u201d dpdfg_entry_cf_value_font=\u201d\u2013et_global_body_font||||||||\u201d dpdfg_entry_custom_font=\u201d\u2013et_global_body_font||||||||\u201d dpdfg_filters_text_color=\u201d#bebbbb\u201d custom_read_more_button=\u201don\u201d read_more_button_on_hover=\u201doff\u201d custom_margin=\u201d||0px||false|false\u201d custom_padding=\u201d||0px||false|false\u201d dpdfg_entry_title_font_size_tablet=\u201d\u201d dpdfg_entry_title_font_size_phone=\u201d\u201d dpdfg_entry_title_font_size_last_edited=\u201don|phone\u201d global_module=\u201d735&#8243; saved_tabs=\u201dall\u201d global_colors_info=\u201d{}\u201d][\/dpdfg_filtergrid][et_pb_button button_url=\u201dhttps:\/\/loesungs-impulse.ch\/ls\/events\/category\/cas-das-mas-lehrgaenge-ls\/\u201d button_text=\u201dAlle Kurse\u201d button_alignment=\u201dright\u201d admin_label=\u201dButton goto+\u201d _builder_version=\u201d4.27.4&#8243; button_icon_color=\u201d#ffffff\u201d button_on_hover=\u201doff\u201d z_index=\u201d10&#8243; custom_margin=\u201d0px||0px||false|false\u201d custom_margin_tablet=\u201d\u201d custom_margin_phone=\u201d\u201d custom_margin_last_edited=\u201don|desktop\u201d custom_padding=\u201d0px||30px||false|false\u201d custom_padding_tablet=\u201d\u201d custom_padding_phone=\u201d\u201d custom_padding_last_edited=\u201don|desktop\u201d disabled=\u201don\u201d global_module=\u201d1234&#8243; saved_tabs=\u201dall\u201d global_colors_info=\u201d{}\u201d][\/et_pb_button][\/et_pb_column][\/et_pb_row][\/et_pb_section]<\/p>\n","protected":false},"excerpt":{"rendered":"<p>Grund-Kurs Beratung f\u00fcr alle TOP-KURS BERATUNG IN DER SCHWEIZ Grund-Kurs Beratung PLI Du kannst in diesem Kurs lernen, wie du Menschen hilfst.Der Kurs dauert 10 Tage. Diese 10 Tage sind [&hellip;]<\/p>\n","protected":false},"author":2,"featured_media":0,"parent":0,"menu_order":7,"comment_status":"closed","ping_status":"closed","template":"","meta":{"_et_pb_use_builder":"on","_et_pb_old_content":"","_et_gb_content_width":"","_price":"","_stock":"","_tribe_ticket_header":"","_tribe_default_ticket_provider":"","_tribe_ticket_capacity":"0","_ticket_start_date":"","_ticket_end_date":"","_tribe_ticket_show_description":"","_tribe_ticket_show_not_going":false,"_tribe_ticket_use_global_stock":"","_tribe_ticket_global_stock_level":"","_global_stock_mode":"","_global_stock_cap":"","_tribe_rsvp_for_event":"","_tribe_ticket_going_count":"","_tribe_ticket_not_going_count":"","_tribe_tickets_list":"[]","_tribe_ticket_has_attendee_info_fields":false,"footnotes":"","_tec_slr_enabled":"","_tec_slr_layout":""},"class_list":["post-44065","page","type-page","status-publish","hentry"],"ticketed":false,"_links":{"self":[{"href":"https:\/\/loesungs-impulse.ch\/ls\/wp-json\/wp\/v2\/pages\/44065","targetHints":{"allow":["GET"]}}],"collection":[{"href":"https:\/\/loesungs-impulse.ch\/ls\/wp-json\/wp\/v2\/pages"}],"about":[{"href":"https:\/\/loesungs-impulse.ch\/ls\/wp-json\/wp\/v2\/types\/page"}],"author":[{"embeddable":true,"href":"https:\/\/loesungs-impulse.ch\/ls\/wp-json\/wp\/v2\/users\/2"}],"replies":[{"embeddable":true,"href":"https:\/\/loesungs-impulse.ch\/ls\/wp-json\/wp\/v2\/comments?post=44065"}],"version-history":[{"count":76,"href":"https:\/\/loesungs-impulse.ch\/ls\/wp-json\/wp\/v2\/pages\/44065\/revisions"}],"predecessor-version":[{"id":51632,"href":"https:\/\/loesungs-impulse.ch\/ls\/wp-json\/wp\/v2\/pages\/44065\/revisions\/51632"}],"wp:attachment":[{"href":"https:\/\/loesungs-impulse.ch\/ls\/wp-json\/wp\/v2\/media?parent=44065"}],"curies":[{"name":"wp","href":"https:\/\/api.w.org\/{rel}","templated":true}]}}