{"id":44056,"date":"2020-05-13T10:52:46","date_gmt":"2020-05-13T08:52:46","guid":{"rendered":"https:\/\/loesungs-impulse.ch\/ausbildung-betrieblicher-mentor-mit-eidg-fachausweis\/"},"modified":"2026-04-13T13:07:31","modified_gmt":"2026-04-13T11:07:31","slug":"kurs-firmen-beraten","status":"publish","type":"page","link":"https:\/\/loesungs-impulse.ch\/ls\/kurs-firmen-beraten\/","title":{"rendered":"Firmen helfen"},"content":{"rendered":"<p>[et_pb_section fb_built=\u201d1&#8243; fullwidth=\u201don\u201d disabled_on=\u201don|on|off\u201d admin_label=\u201dSection: Featured Image\u201d _builder_version=\u201d4.27.4&#8243; background_color=\u201d#CDDEF2&#8243; background_image=\u201dhttps:\/\/loesungs-impulse.ch\/wp-content\/uploads\/2020\/05\/leuchtturm.jpg\u201d background_size=\u201dcustom\u201d background_image_width=\u201d0%\u201d background_image_height=\u201d0%\u201d background_position=\u201dbottom_left\u201d background_horizontal_offset=\u201d-1%\u201d background_vertical_offset=\u201d25%\u201d min_height=\u201d100px\u201d height=\u201d214px\u201d custom_margin=\u201d0px||-3px||false|false\u201d custom_padding=\u201d||0px|||\u201d box_shadow_style=\u201dnone\u201d global_module=\u201d309&#8243; saved_tabs=\u201dall\u201d locked=\u201doff\u201d global_colors_info=\u201d{}\u201d][\/et_pb_section][et_pb_section fb_built=\u201d1&#8243; admin_label=\u201dSection\u201d module_class=\u201dcontent-section\u201d _builder_version=\u201d4.27.4&#8243; min_height=\u201d4672.8px\u201d custom_margin=\u201d-520px||0px||false|false\u201d custom_padding=\u201d1037px||0px||false|false\u201d global_colors_info=\u201d{}\u201d][et_pb_row column_structure=\u201d3_4,1_4&#8243; admin_label=\u201dZeile\u201d module_class=\u201dseiten-kopf-bereich\u201d _builder_version=\u201d4.16&#8243; min_height=\u201d2349.1px\u201d custom_margin=\u201d-181px|auto||auto|false|false\u201d custom_padding=\u201d14px|30px|14px|30px|true|true\u201d global_colors_info=\u201d{}\u201d][et_pb_column type=\u201d3_4&#8243; _builder_version=\u201d4.16&#8243; custom_padding=\u201d||||false|false\u201d global_colors_info=\u201d{}\u201d][et_pb_blurb title=\u201dKURS MENSCHEN IN FIRMEN HELFEN PLI\u201d admin_label=\u201dInformationstext\u201d _builder_version=\u201d4.27.4&#8243; header_level=\u201dh2&#8243; header_font=\u201d|||on|||||\u201d header_text_color=\u201d#1c1d21&#8243; body_text_color=\u201d#1C1D21&#8243; custom_padding=\u201d0px||||false|false\u201d hover_enabled=\u201d0&#8243; global_colors_info=\u201d{}\u201d sticky_enabled=\u201d0&#8243;]<\/p>\n<p class=\"p1\"><b>Kurs: Menschen in Firmen helfen mit Fach-Ausweis vom Bund<br \/>Beliebt in der Schweiz<\/b><b><\/b><\/p>\n<p class=\"p3\">Die Arbeits-Welt wird immer schwieriger.<br \/>Beratungs-Personen mit Fach-Ausweis vom Bund sind gefragt.<\/p>\n<p>Du lernst viel Praxis.<br \/>Du bereitest dich auf die Pr\u00fcfung vom Bund vor.  <\/p>\n<p class=\"p4\"><b>Warum viele Beratung vollen<\/b><b><\/b><\/p>\n<p class=\"p3\">Viele Firmen wollen Beratung.<br \/>Sie wollen Fach-Leute.<br \/>Mitarbeitende wollen sich weiter-entwickeln.<br \/>Beratung kann helfen f\u00fcr bessere Arbeit.<br \/>Oder beim Leiten von Teams.  <\/p>\n<p class=\"p3\">Bei PLI lernst du gut beraten.<br \/>Du denkst das Um-Feld mit.<br \/>Du findest zusammen gute L\u00f6sungen.<br \/>So kannst du gut helfen. <\/p>\n<p class=\"p4\"><b>Wie lange dauert der Kurs?<\/b><b><\/b><\/p>\n<p class=\"p3\">Der Kurs dauert 21 Tage.<br \/>Du kannst den Kurs in 3 Stufen machen:<\/p>\n<p class=\"p5\"><b>Stufe 1: Grund-Kurs Beratung f\u00fcr alle (10 Tage)<\/b><b><\/b><\/p>\n<p class=\"p5\">Dieses erste Modul vermittelt die Grundlagen des Coachings und Mentoring. Hier lernen die Teilnehmenden, Menschen kompetent in ihrem pers\u00f6nlichen und beruflichen Umfeld zu begleiten. Der Fokus liegt auf praxisorientiertem Lernen: Es werden echte Fallbeispiele aus der Berufspraxis bearbeitet und theoretische Methoden vermittelt. Das Modul schliesst mit einem Zertifikatsabschluss ab und er\u00f6ffnet den Teilnehmenden den Weg zur weiterf\u00fchrenden Pr\u00fcfungsvorbereitung.   <\/p>\n<p class=\"p5\"><b>Stufe 2: Mehr \u00fcber Beratung (5 Tage Unterricht, 9 halbe Tage mit Gespr\u00e4chen)<\/b><b><\/b><\/p>\n<p class=\"p5\">Du lernst noch mehr.<br \/>Du \u00fcbst auch f\u00fcr die Pr\u00fcfung vom Bund.<br \/>Du lernst, schwierige Beratungs-Gespr\u00e4che.<br \/>In der Gruppe sprecht ihr \u00fcber echte F\u00e4lle.  <\/p>\n<p class=\"p5\"><b>Stufe 3 \u2013 Noch mehr \u00fcber Beratung, \u00dcben der Pr\u00fcfung (6 Tage)<\/b><b><\/b><\/p>\n<p class=\"p5\">Du \u00fcbst noch mehr f\u00fcr die Pr\u00fcfung vom Bund.<br \/>Du lernst mehr \u00fcber fair sein bei der Beratung.<br \/>Du lernst auch mehr \u00fcber andere Kulturen in der Beratung.<br \/>Du \u00fcbst Pr\u00fcfungs-Gespr\u00e4che.   <\/p>\n<p class=\"p4\"><b>Der Bund hilft.<\/b><b><\/b><\/p>\n<p class=\"p3\">Der Bund zahlt die H\u00e4lfte dazu.<\/p>\n<p class=\"p4\"><b>F\u00fcr wen ist der Kurs?<\/b><b><\/b><\/p>\n<p class=\"p3\">Der Kurs ist gut f\u00fcr dich, wenn du gerne:<br \/>mit Menschen arbeitest<br \/>anderen hilfst <\/p>\n<p class=\"p7\">\u2022Wenn du eine F\u00fchrungs-Person bist oder werden willst<\/p>\n<p class=\"p7\">\u2022Mit Personal oder Teams arbeitest<\/p>\n<p class=\"p7\">\u2022Wenn du in Schule oder Kinder-Garten arbeitest<br \/>\u2022Wenn du aus-bildest<\/p>\n<p class=\"p7\">\u2022Wenn du in Therapie oder Beratung arbeitest<\/p>\n<p class=\"p7\">Du musst noch nichts \u00fcber Beratung wissen.<br \/>Du lernst alles Wichtige.<\/p>\n<p>Du weisst schon viel \u00fcber Beratung?<br \/>Dann kannst du gleich mit Stufe 2 oder 3 beginnen. <\/p>\n<p class=\"p4\"><b>Vor-Teile vom Kurs<\/b><b><\/b><\/p>\n<p class=\"p3\">Du lernst viel Praxis.<br \/>Du lernst mit Bei-Spielen aus der echten Arbeits-Welt.<br \/>Die Lehr-Personen haben viel Berufs-Erfahrung.<br \/>Die Leitung haben Marianne Flury und Rolf Flury.<br \/>Sie helfen dir im Kurs und auch danach.<br \/>Du lernst in der Schule und online.<br \/>Das passt gut zu deinem Berufs-Alltag.<br \/>Du lernst auch, wie Beratung online funktioniert.  <\/p>\n<p class=\"p3\">Du kannst zu uns kommen.<br \/>Du kannst auch online lernen.<br \/>Du entscheidest, was zu deinem All-Tag passt. <\/p>\n<p class=\"p4\"><b>Der Kurs bringt dich weiter<\/b><b><\/b><\/p>\n<p class=\"p3\">Mit dem Kurs entwickelst du dich weiter \u2013 beruflich und pers\u00f6nlich.<br \/>Du weisst dann viel \u00fcber die Beratung von Menschen.<br \/>Du bereitest dich gut auf die Pr\u00fcfung vor.<br \/>Fach-Leute f\u00fcr Beratung werden gebraucht \u2013<br \/>vor allem in Z\u00fcrich, Basel, Bern und Zug.  <\/p>\n<p class=\"p3\"><strong>Lies mehr im <a href=\"https:\/\/loesungs-impulse.ch\/wp-content\/uploads\/PLI-Infodossier_Betrieblicher-Mentor_2026_27.03.2026.pdf\">Infodossier 2026.<\/a><\/strong><\/p>\n<p>[\/et_pb_blurb][\/et_pb_column][et_pb_column type=\u201d1_4&#8243; _builder_version=\u201d4.16&#8243; global_colors_info=\u201d{}\u201d][et_pb_image src=\u201dhttps:\/\/loesungs-impulse.ch\/wp-content\/uploads\/2020\/04\/seminare.jpg\u201d title_text=\u201dKurse\u201d align=\u201dright\u201d disabled_on=\u201doff|off|off\u201d _builder_version=\u201d4.27.4&#8243; width=\u201d150px\u201d height=\u201d150px\u201d custom_margin=\u201d||||false|false\u201d border_radii=\u201don|80px|80px|80px|80px\u201d global_colors_info=\u201d{}\u201d][\/et_pb_image][\/et_pb_column][\/et_pb_row][et_pb_row _builder_version=\u201d4.27.4&#8243; _module_preset=\u201ddefault\u201d min_height=\u201d724.6px\u201d global_colors_info=\u201d{}\u201d][et_pb_column type=\u201d4_4&#8243; _builder_version=\u201d4.27.4&#8243; _module_preset=\u201ddefault\u201d global_colors_info=\u201d{}\u201d][et_pb_video src=\u201dhttps:\/\/loesungs-impulse.ch\/wp-content\/uploads\/home.webm\u201d _builder_version=\u201d4.27.4&#8243; _module_preset=\u201ddefault\u201d global_colors_info=\u201d{}\u201d][\/et_pb_video][\/et_pb_column][\/et_pb_row][et_pb_row _builder_version=\u201d4.27.4&#8243; min_height=\u201d1823.4px\u201d custom_margin=\u201d|auto|4px|auto|false|false\u201d custom_padding=\u201d0px|30px|0px|30px|false|true\u201d global_colors_info=\u201d{}\u201d][et_pb_column type=\u201d4_4&#8243; _builder_version=\u201d4.16&#8243; global_colors_info=\u201d{}\u201d][et_pb_text admin_label=\u201dHAUPTTEXT\u201d _builder_version=\u201d4.22.2&#8243; global_colors_info=\u201d{}\u201d]<\/p>\n<p>&nbsp;<\/p>\n<h3>KURSE JETZT<\/h3>\n<p>[\/et_pb_text][dpdfg_filtergrid custom_query=\u201dadvanced\u201d multiple_cpt=\u201dtribe_events\u201d use_taxonomy_terms=\u201don\u201d multiple_taxonomies=\u201dtribe_events_cat\u201d include_terms=\u201d18&#8243; post_number=\u201d9&#8243; order=\u201dASC\u201d orderby=\u201dmeta_value\u201d meta_key=\u201d_EventStartDate\u201d meta_type=\u201dDATE\u201d no_results=\u201dNichts gefunden\u201d thumbnail_size=\u201d800&#215;320&#8243; use_overlay=\u201doff\u201d show_post_meta=\u201doff\u201d read_more=\u201don\u201d show_custom_content=\u201don\u201d show_filters=\u201doff\u201d all_text=\u201dAlle\u201d show_pagination=\u201doff\u201d items_width=\u201d30%\u201d column_gutter=\u201d3em\u201d items_width_tablet=\u201d45%\u201d items_width_phone=\u201d80%\u201d items_width_last_edited=\u201don|phone\u201d column_gutter_tablet=\u201d\u201d column_gutter_phone=\u201d\u201d column_gutter_last_edited=\u201don|tablet\u201d disabled_on=\u201doff|off|off\u201d admin_label=\u201dCustom Grid\u201d _builder_version=\u201d4.27.4&#8243; dpdfg_entry_title_level=\u201dh3&#8243; dpdfg_entry_title_font=\u201d\u2013et_global_heading_font|800|||||||\u201d dpdfg_entry_title_font_size=\u201d16px\u201d dpdfg_entry_meta_font=\u201d\u2013et_global_body_font|600|||||||\u201d dpdfg_entry_summary_font=\u201d\u2013et_global_body_font||||||||\u201d dpdfg_entry_cf_label_font=\u201d\u2013et_global_body_font||||||||\u201d dpdfg_entry_cf_value_font=\u201d\u2013et_global_body_font||||||||\u201d dpdfg_entry_custom_font=\u201d\u2013et_global_body_font||||||||\u201d dpdfg_filters_text_color=\u201d#bebbbb\u201d custom_read_more_button=\u201don\u201d read_more_button_on_hover=\u201doff\u201d custom_margin=\u201d||0px||false|false\u201d custom_padding=\u201d||0px||false|false\u201d dpdfg_entry_title_font_size_tablet=\u201d\u201d dpdfg_entry_title_font_size_phone=\u201d\u201d dpdfg_entry_title_font_size_last_edited=\u201don|phone\u201d global_module=\u201d735&#8243; saved_tabs=\u201dall\u201d global_colors_info=\u201d{}\u201d][\/dpdfg_filtergrid][et_pb_button button_url=\u201dhttps:\/\/loesungs-impulse.ch\/ls\/kurse\/category\/cas-das-mas-lehrgaenge-ls\/\u201d button_text=\u201dAlle Kurse\u201d button_alignment=\u201dright\u201d admin_label=\u201dButton goto+\u201d _builder_version=\u201d4.27.4&#8243; button_icon_color=\u201d#ffffff\u201d button_on_hover=\u201doff\u201d z_index=\u201d10&#8243; custom_margin=\u201d0px||0px||false|false\u201d custom_margin_tablet=\u201d0px||||false|false\u201d custom_margin_phone=\u201d0px||0px||false|false\u201d custom_margin_last_edited=\u201don|phone\u201d custom_padding=\u201d0px||30px||false|false\u201d disabled=\u201don\u201d global_module=\u201d1234&#8243; saved_tabs=\u201dall\u201d global_colors_info=\u201d{}\u201d][\/et_pb_button][et_pb_divider color=\u201d#eaecf2&#8243; _builder_version=\u201d4.16&#8243; global_colors_info=\u201d{}\u201d][\/et_pb_divider][et_pb_text admin_label=\u201dHAUPTTEXT\u201d _builder_version=\u201d4.27.4&#8243; global_colors_info=\u201d{}\u201d]<\/p>\n<p>Kurs: Vorbereitung auf Pr\u00fcfung vom Bund, Menschen in Firmen helfen PLI, Luterbach \u2013 Kurs Nr. SBFI-25585;<\/p>\n<h1>Kurs: Menschen in Firmen helfen PLI, mit Fach-Ausweis vom Bund <\/h1>\n<p><strong>Hier kannst du mehr \u00fcber den Beruf lesen:<br \/><\/strong><strong><\/strong><a href=\"https:\/\/www.liechtensteinjobs.li\/ratgeber\/arbeit\/betriebliches-mentoring-trend-oder-der-neue-standard\" target=\"_blank\" rel=\"noopener\">https:\/\/www.liechtensteinjobs.li\/ratgeber\/arbeit\/betriebliches-mentoring-trend-oder-der-neue-standard<\/a><\/p>\n<p>&nbsp;<\/p>\n<h2><strong>INFO<\/strong><\/h2>\n<p>Wenn du Interesse hast, freuen wir uns.<\/p>\n<p>Wir brauchen von dir per E-Mail an <a href=\"m&#97;&#105;&#x6c;&#x74;&#x6f;:&#114;&#46;&#x66;&#x6c;&#x75;ry&#64;&#x6c;&#x6f;&#x65;su&#110;&#103;&#x73;&#x2d;&#x69;m&#112;&#117;&#x6c;&#x73;&#x65;&#46;&#99;&#104;\" target=\"_blank\" rel=\"noopener noreferrer\">&#x72;&#x2e;&#102;&#108;&#117;r&#x79;&#x40;&#x6c;&#111;&#101;su&#x6e;&#x67;&#x73;&#45;&#105;m&#x70;&#x75;&#x6c;&#115;&#101;&#46;c&#x68;<\/a>:<\/p>\n<ul>\n<li>Deinen Lebens-Lauf (CV) mit deinem Bildungs-Weg<\/li>\n<li>Ein kurzes Schreiben, warum du mit-machen willst (eine halbe bis ganze Seite)<\/li>\n<li>Wenn du dich an-melden m\u00f6chtest: F\u00fcll bitte das An-Melde-Formular aus<\/li>\n<\/ul>\n<p><strong>Wer unter-richtet?:<\/strong> Meistens Marianne Flury<\/p>\n<p>Andere erfahrene Fach-Leute machen auch mit.<br \/>Im Teil 1 gibt es Termine f\u00fcr Gruppen-Beratung.<br \/>Diese Termine macht ihr gemeinsam in der Kurs-Gruppe aus.<br \/>Der Kurs ist in Luterbach.<br \/>Oder an einem Ort, den ihr gemeinsam w\u00e4hlt. <\/p>\n<p><em><strong>Du willst mehr wissen?<br \/>Wir laden dich zu einem Gespr\u00e4ch ein.<br \/>Dann erz\u00e4hlen wir dir alles Wichtige \u00fcber den Kurs.<\/strong><\/em><\/p>\n<p>So geht die An-Meldung<br \/>Wenn du dich an-meldest, bekommst du einen Ausbildung-Vertrag von uns.<\/p>\n<p><strong>Du musst dich nicht gleich f\u00fcr den ganzen Kurs anmelden.<\/strong><br \/>Am Ende von jedem Teil kannst du entscheiden, ob du weiter-machen willst.<br \/>Du bezahlst immer nur den Teil, den du gerade machst.  <\/p>\n<p>Hast du Fragen?<br \/>Dann schreib uns eine E-Mail an &#x72;&#46;f&#x6c;&#117;r&#x79;&#64;l&#x6f;&#101;s&#x75;&#110;g&#x73;&#45;i&#x6d;&#112;u&#x6c;&#115;e&#x2e;&#99;h<br \/>Oder ruf Marianne Flury an: 076 426 65 80.<\/p>\n<p>Wir freuen uns, wenn du dabei bist.<\/p>\n<p>Freundliche Gr\u00fcsse<\/p>\n<p>Marianne und Rolf Flury<\/p>\n<p><b>INFOS:<\/b><br \/>Mehr \u00fcber den Kurs und den Preis findest du im Info-Heft: <\/p>\n<p><a href=\"https:\/\/loesungs-impulse.ch\/wp-content\/uploads\/PLI-Infodossier_Betrieblicher-Mentor_29.03.2025.pdf\" rel=\"attachment wp-att-32626\">Kurs: Menschen in Firmen helfen PLI<\/a><\/p>\n<p>Kurs: Menschen in Firmen helfen bei PLI<\/p>\n<p>&nbsp;<\/p>\n<p>&nbsp;<\/p>\n<p>[\/et_pb_text][\/et_pb_column][\/et_pb_row][et_pb_row custom_padding_last_edited=\u201don|desktop\u201d admin_label=\u201dRow: Kontakt, Titel\u201d module_class=\u201dhome-main-title-row\u201d _builder_version=\u201d4.27.4&#8243; background_color=\u201drgba(0,0,0,0)\u201d min_height=\u201d34.6px\u201d height=\u201d184px\u201d max_height=\u201d473px\u201d custom_margin=\u201d-34px|auto|-34px|auto|true|false\u201d custom_padding=\u201d22px|30px|2px|29px|false|false\u201d custom_padding_tablet=\u201d|0px||0px|false|true\u201d custom_padding_phone=\u201d\u201d box_shadow_style=\u201dnone\u201d global_module=\u201d25263&#8243; saved_tabs=\u201dall\u201d collapsed=\u201doff\u201d global_colors_info=\u201d{}\u201d][et_pb_column type=\u201d4_4&#8243; admin_label=\u201dSpalte\u201d _builder_version=\u201d4.27.4&#8243; custom_css_free_form=\u201d<\/p>\n<p>||<\/p>\n<p>||<\/p>\n<p>||<\/p>\n<p>||<\/p>\n<p>||<\/p>\n<p>||<\/p>\n<p>||<\/p>\n<p>||<\/p>\n<p>||<\/p>\n<p>||<\/p>\n<p>||<\/p>\n<p>||<\/p>\n<p>||<\/p>\n<p>||<\/p>\n<p>||<\/p>\n<p>||<\/p>\n<p>||<\/p>\n<p>||<\/p>\n<p>||<\/p>\n<p>||<\/p>\n<p>||<\/p>\n<p>||<\/p>\n<p>||<\/p>\n<p>||<\/p>\n<p>||<\/p>\n<p>||<\/p>\n<p>||<\/p>\n<p>||<\/p>\n<p>||<\/p>\n<p>||<\/p>\n<p>||<\/p>\n<div class=%22custom-orte-full%22>%91list_venues details=%22yes%22%93<\/div>\n<p>||<\/p>\n<p>||<\/p>\n<p>||<\/p>\n<p>||<\/p>\n<p>||<\/p>\n<p>||<\/p>\n<p>||<\/p>\n<p>||<\/p>\n<p>||<\/p>\n<p>||<\/p>\n<p>||<\/p>\n<p>||<\/p>\n<p>||<\/p>\n<p>||<\/p>\n<p>||<\/p>\n<p>||<\/p>\n<p>||<\/p>\n<p>||<\/p>\n<p>||<\/p>\n<p>||<\/p>\n<p>||<\/p>\n<p>||<\/p>\n<p>||<\/p>\n<p>||<\/p>\n<p>||<\/p>\n<p>||<\/p>\n<p>||<\/p>\n<p>||<\/p>\n<p>||<\/p>\n<p>||<\/p>\n<p>||<\/p>\n<p>\u201d global_colors_info=\u201d{}\u201d][\/et_pb_column][\/et_pb_row][\/et_pb_section]<\/p>\n","protected":false},"excerpt":{"rendered":"<p>Kurs: Menschen in Firmen helfen mit Fach-Ausweis vom BundBeliebt in der Schweiz Die Arbeits-Welt wird immer schwieriger.Beratungs-Personen mit Fach-Ausweis vom Bund sind gefragt.Du lernst viel Praxis.Du bereitest dich auf die [&hellip;]<\/p>\n","protected":false},"author":2,"featured_media":0,"parent":0,"menu_order":8,"comment_status":"closed","ping_status":"closed","template":"","meta":{"_et_pb_use_builder":"on","_et_pb_old_content":"","_et_gb_content_width":"","_price":"","_stock":"","_tribe_ticket_header":"","_tribe_default_ticket_provider":"","_tribe_ticket_capacity":"0","_ticket_start_date":"","_ticket_end_date":"","_tribe_ticket_show_description":"","_tribe_ticket_show_not_going":false,"_tribe_ticket_use_global_stock":"","_tribe_ticket_global_stock_level":"","_global_stock_mode":"","_global_stock_cap":"","_tribe_rsvp_for_event":"","_tribe_ticket_going_count":"","_tribe_ticket_not_going_count":"","_tribe_tickets_list":"[]","_tribe_ticket_has_attendee_info_fields":false,"footnotes":"","_tec_slr_enabled":"","_tec_slr_layout":""},"class_list":["post-44056","page","type-page","status-publish","hentry"],"ticketed":false,"_links":{"self":[{"href":"https:\/\/loesungs-impulse.ch\/ls\/wp-json\/wp\/v2\/pages\/44056","targetHints":{"allow":["GET"]}}],"collection":[{"href":"https:\/\/loesungs-impulse.ch\/ls\/wp-json\/wp\/v2\/pages"}],"about":[{"href":"https:\/\/loesungs-impulse.ch\/ls\/wp-json\/wp\/v2\/types\/page"}],"author":[{"embeddable":true,"href":"https:\/\/loesungs-impulse.ch\/ls\/wp-json\/wp\/v2\/users\/2"}],"replies":[{"embeddable":true,"href":"https:\/\/loesungs-impulse.ch\/ls\/wp-json\/wp\/v2\/comments?post=44056"}],"version-history":[{"count":21,"href":"https:\/\/loesungs-impulse.ch\/ls\/wp-json\/wp\/v2\/pages\/44056\/revisions"}],"predecessor-version":[{"id":51266,"href":"https:\/\/loesungs-impulse.ch\/ls\/wp-json\/wp\/v2\/pages\/44056\/revisions\/51266"}],"wp:attachment":[{"href":"https:\/\/loesungs-impulse.ch\/ls\/wp-json\/wp\/v2\/media?parent=44056"}],"curies":[{"name":"wp","href":"https:\/\/api.w.org\/{rel}","templated":true}]}}