{"id":44041,"date":"2021-08-02T12:40:34","date_gmt":"2021-08-02T10:40:34","guid":{"rendered":"https:\/\/loesungs-impulse.ch\/kurs-hilfe-im-all-tag\/"},"modified":"2026-04-17T13:27:42","modified_gmt":"2026-04-17T11:27:42","slug":"pli-psychosozialer-coach-eca","status":"publish","type":"page","link":"https:\/\/loesungs-impulse.ch\/ls\/pli-psychosozialer-coach-eca\/","title":{"rendered":"Hilfe im All-Tag"},"content":{"rendered":"<p>[et_pb_section fb_built=\u201d1&#8243; fullwidth=\u201don\u201d disabled_on=\u201don|on|off\u201d admin_label=\u201dSection: Featured Image\u201d _builder_version=\u201d4.27.4&#8243; background_color=\u201d#CDDEF2&#8243; background_image=\u201dhttps:\/\/loesungs-impulse.ch\/wp-content\/uploads\/2020\/05\/leuchtturm.jpg\u201d background_size=\u201dcustom\u201d background_image_width=\u201d0%\u201d background_image_height=\u201d0%\u201d background_position=\u201dbottom_left\u201d background_horizontal_offset=\u201d-1%\u201d background_vertical_offset=\u201d25%\u201d min_height=\u201d100px\u201d height=\u201d214px\u201d custom_margin=\u201d0px||-3px||false|false\u201d custom_padding=\u201d||0px|||\u201d global_module=\u201d309&#8243; saved_tabs=\u201dall\u201d locked=\u201doff\u201d global_colors_info=\u201d{}\u201d][\/et_pb_section][et_pb_section fb_built=\u201d1&#8243; admin_label=\u201dSection\u201d module_class=\u201dcontent-section\u201d _builder_version=\u201d4.16&#8243; min_height=\u201d2545.8px\u201d custom_margin=\u201d506px|||||\u201d custom_padding=\u201d||||false|false\u201d global_colors_info=\u201d{}\u201d][et_pb_row _builder_version=\u201d4.16&#8243; custom_margin=\u201d||||false|false\u201d custom_padding=\u201d28px|30px|60px|30px|false|true\u201d global_colors_info=\u201d{}\u201d][et_pb_column type=\u201d4_4&#8243; _builder_version=\u201d4.16&#8243; global_colors_info=\u201d{}\u201d][et_pb_text admin_label=\u201dHAUPTTEXT\u201d _builder_version=\u201d4.27.4&#8243; text_font=\u201d\u2013et_global_body_font||||||||\u201d header_font=\u201d\u2013et_global_heading_font||||||||\u201d header_font_size=\u201d40px\u201d header_2_font=\u201d\u2013et_global_heading_font||||||||\u201d header_2_font_size=\u201d30px\u201d custom_margin=\u201d3px|3px|3px|3px|false|false\u201d custom_padding=\u201d3px|3px|3px|3px|false|false\u201d global_colors_info=\u201d{}\u201d]<\/p>\n<h1>Kurs Hilfe im All-Tag und<\/h1>\n<h1>Kurs Hilfe und sich entwickeln<\/h1>\n<p>Der Kurs findet bei PLI statt.<br \/>Nach dem Kurs bekommst du einen Abschluss.<br \/>Der Abschluss ist in Europa anerkannt.<\/p>\n<p>Der ganze Kurs dauert 21 Tage.<br \/>Hast du bei uns schon diese Kurse gemacht?<br \/>\u2013 Schritt 1: Beratung f\u00fcr alle (10 Tage)<br \/>\u2013 Schritt 2: Aufbau-Kurs (6 Tage)<br \/>Dann dauert der Kurs f\u00fcr dich nur 5 Tage.<\/p>\n<p>Die Ausbildung ist sehr praktisch.<br \/>Du lernst viel. Du kannst das Wissen sofort verwenden.<br \/>Du bekommst noch mehr Infos.<br \/>Am Ende best\u00e4tigen wir, dass du den Kurs gemacht hast. <\/p>\n<p>Als erweiterte M\u00f6glichkeit k\u00f6nnen Sie auch den Studienlehrgang zum Psychosozialen Berater Pers\u00f6nlichkeitsentwicklung PLI\u00ae als erweiterten modularen Lehrgang absoliveren. Sie erhalten umfangreiche Kenntnisse und lernen praktische Bereiche aus den Gebieten Coaching, psychosoziales Coaching und Beratung, Kinder-, Jugend- und Familiencoaching, energetische Psychologie, Selbstkenntnis\/Menschenkenntnis und Schule\/Ausbildung\/Lernen kennen. <\/p>\n<p>Lies mehr im <a href=\"https:\/\/loesungs-impulse.ch\/wp-content\/uploads\/PLI-Infodossier_Psychosozialer-Coach_2026_17.03.2026.pdf\">Info-Heft Beratung ECA 2026 <\/a>und im<a href=\"https:\/\/loesungs-impulse.ch\/wp-content\/uploads\/PLI-Infodossier_Psychosozialer-Berater-Persoenlichkeitsentwicklung-PLI_17.03.2026.pdf\"> Info-Heft Hilfe im All-Tag 2026.<\/a><\/p>\n<p>&nbsp;<\/p>\n<p>&nbsp;<\/p>\n<p>&nbsp;<\/p>\n<h2>KURSE<\/h2>\n<p>[\/et_pb_text][dpdfg_filtergrid custom_query=\u201dadvanced\u201d multiple_cpt=\u201dtribe_events\u201d use_taxonomy_terms=\u201don\u201d multiple_taxonomies=\u201dtribe_events_cat\u201d include_terms=\u201d409,13&#8243; post_number=\u201d9&#8243; order=\u201dASC\u201d orderby=\u201dmeta_value\u201d meta_key=\u201d_EventStartDate\u201d meta_type=\u201dDATE\u201d no_results=\u201dNichts gefunden\u201d thumbnail_size=\u201d800&#215;320&#8243; use_overlay=\u201doff\u201d show_post_meta=\u201doff\u201d show_custom_content=\u201don\u201d show_filters=\u201doff\u201d show_pagination=\u201doff\u201d items_width=\u201d30%\u201d column_gutter=\u201d3em\u201d items_width_tablet=\u201d45%\u201d items_width_phone=\u201d80%\u201d items_width_last_edited=\u201don|phone\u201d column_gutter_tablet=\u201d\u201d column_gutter_phone=\u201d\u201d column_gutter_last_edited=\u201don|tablet\u201d disabled_on=\u201doff|off|off\u201d admin_label=\u201dCustom Grid\u201d _builder_version=\u201d4.27.4&#8243; dpdfg_entry_title_level=\u201dh3&#8243; dpdfg_entry_title_font=\u201d\u2013et_global_heading_font|800|||||||\u201d dpdfg_entry_title_font_size=\u201d16px\u201d dpdfg_entry_meta_font=\u201d\u2013et_global_body_font|600|||||||\u201d dpdfg_entry_summary_font=\u201d\u2013et_global_body_font||||||||\u201d dpdfg_entry_cf_label_font=\u201d\u2013et_global_body_font||||||||\u201d dpdfg_entry_cf_value_font=\u201d\u2013et_global_body_font||||||||\u201d dpdfg_entry_custom_font=\u201d\u2013et_global_body_font||||||||\u201d dpdfg_filters_text_color=\u201d#bebbbb\u201d custom_read_more_button=\u201don\u201d read_more_button_on_hover=\u201doff\u201d custom_margin=\u201d||0px||false|false\u201d custom_padding=\u201d||0px||false|false\u201d dpdfg_entry_title_font_size_tablet=\u201d\u201d dpdfg_entry_title_font_size_phone=\u201d\u201d dpdfg_entry_title_font_size_last_edited=\u201don|phone\u201d saved_tabs=\u201dall\u201d locked=\u201doff\u201d global_colors_info=\u201d{}\u201d][\/dpdfg_filtergrid][et_pb_divider color=\u201d#eaecf2&#8243; _builder_version=\u201d4.27.4&#8243; global_colors_info=\u201d{}\u201d][\/et_pb_divider][et_pb_text admin_label=\u201dHAUPTTEXT\u201d _builder_version=\u201d4.27.4&#8243; custom_margin=\u201d3px|3px|3px|3px|false|false\u201d custom_padding=\u201d3px|3px|3px|3px|false|false\u201d header_font_tablet=\u201d\u201d header_font_phone=\u201d\u201d header_font_last_edited=\u201don|desktop\u201d global_colors_info=\u201d{}\u201d]<\/p>\n<p><strong>Es gibt viele Gr\u00fcnde f\u00fcr den Kurs:<\/strong><\/p>\n<h2>Was du im Kurs lernst:<\/h2>\n<ul>\n<li>Der Beruf ist sehr viel-seitig.<\/li>\n<li>Es gibt viele Jobs.<\/li>\n<li>Beratung in Firmen ist gefragt.<\/li>\n<li>Du lernst, Menschen gut zu helfen.<br \/>Du lernst, gut zu beraten.<br \/>Du lernst, in schwierigen Lagen ruhig zu bleiben.<br \/>Dieser Kurs ist wichtig f\u00fcr viele Menschen.<\/li>\n<li>Immer mehr Menschen brauchen Hilfe.<br \/>Beratung ist f\u00fcr alle wichtig.<br \/>Mit dem Kurs findest du leichter Arbeit.<\/li>\n<li>Am Ende bekommst du einen Abschluss.\n<\/li>\n<li>Du musst keine Pr\u00fcfung vom Staat machen.<\/li>\n<\/ul>\n<p>Vieles wird immer schwieriger.<br \/>Oft m\u00fcssen wir viel leisten.<br \/>Nicht alle k\u00f6nnen das.<br \/>Deshalb brauchen wir Beratung.   <\/p>\n<p>Viele Menschen m\u00f6chten eine Beratung.<br \/>Du hast also viele Job-Chancen.<\/p>\n<h2>Wo du arbeiten kannst<\/h2>\n<p><strong>\u00dcberall, wo Menschen Probleme haben:<\/strong><br \/>\u2013 Sie m\u00f6gen sich selbst nicht<br \/>\u2013 Sie haben Angst vor der Zukunft<br \/>\u2013 Sie sind oft traurig<br \/>\u2013 Sie f\u00fchlen sich \u00fcberfordert<br \/>\u2013 Sie wissen nicht, wie es weitergeht<br \/>\u2013 Sie haben ADHS oder Autismus<\/p>\n<p><strong>Wenn es in der Familie schwierig ist:<\/strong><br \/>\u2013 Alles ist neu mit einem Baby<br \/>\u2013 Es gibt Streit<br \/>\u2013 Die Eltern trennen sich<br \/>\u2013 Die Kinder haben es schwer<br \/>\u2013 Jemand ist gestorben<br \/>\u2013 Eine Mutter will wieder arbeiten<\/p>\n<p><strong>Wenn es Probleme im Job gibt:<\/strong><br \/>\u2013 Zu viel Arbeit<br \/>\u2013 Job verloren<br \/>\u2013 Lange keine Arbeit<br \/>\u2013 Keine Kraft mehr<br \/>\u2013 Lange-Weile im Job<br \/>\u2013 Neuer Beruf wird gesucht<\/p>\n<p>&nbsp;<\/p>\n<h3>WIR BIETEN KURSE IN DER GANZEN SCHWEIZ UND AUF ZOOM AN.<\/h3>\n<p>&nbsp;<\/p>\n<p>[\/et_pb_text][\/et_pb_column][\/et_pb_row][\/et_pb_section]<\/p>\n","protected":false},"excerpt":{"rendered":"<p>Kurs Hilfe im All-Tag und Kurs Hilfe und sich entwickeln Der Kurs findet bei PLI statt.Nach dem Kurs bekommst du einen Abschluss.Der Abschluss ist in Europa anerkannt. Der ganze Kurs [&hellip;]<\/p>\n","protected":false},"author":5,"featured_media":43006,"parent":0,"menu_order":7,"comment_status":"closed","ping_status":"closed","template":"","meta":{"_et_pb_use_builder":"on","_et_pb_old_content":"","_et_gb_content_width":"","_price":"","_stock":"","_tribe_ticket_header":"","_tribe_default_ticket_provider":"","_tribe_ticket_capacity":"0","_ticket_start_date":"","_ticket_end_date":"","_tribe_ticket_show_description":"","_tribe_ticket_show_not_going":false,"_tribe_ticket_use_global_stock":"","_tribe_ticket_global_stock_level":"","_global_stock_mode":"","_global_stock_cap":"","_tribe_rsvp_for_event":"","_tribe_ticket_going_count":"","_tribe_ticket_not_going_count":"","_tribe_tickets_list":"[]","_tribe_ticket_has_attendee_info_fields":false,"footnotes":"","_tec_slr_enabled":"","_tec_slr_layout":""},"class_list":["post-44041","page","type-page","status-publish","has-post-thumbnail","hentry"],"ticketed":false,"_links":{"self":[{"href":"https:\/\/loesungs-impulse.ch\/ls\/wp-json\/wp\/v2\/pages\/44041","targetHints":{"allow":["GET"]}}],"collection":[{"href":"https:\/\/loesungs-impulse.ch\/ls\/wp-json\/wp\/v2\/pages"}],"about":[{"href":"https:\/\/loesungs-impulse.ch\/ls\/wp-json\/wp\/v2\/types\/page"}],"author":[{"embeddable":true,"href":"https:\/\/loesungs-impulse.ch\/ls\/wp-json\/wp\/v2\/users\/5"}],"replies":[{"embeddable":true,"href":"https:\/\/loesungs-impulse.ch\/ls\/wp-json\/wp\/v2\/comments?post=44041"}],"version-history":[{"count":18,"href":"https:\/\/loesungs-impulse.ch\/ls\/wp-json\/wp\/v2\/pages\/44041\/revisions"}],"predecessor-version":[{"id":51633,"href":"https:\/\/loesungs-impulse.ch\/ls\/wp-json\/wp\/v2\/pages\/44041\/revisions\/51633"}],"wp:featuredmedia":[{"embeddable":true,"href":"https:\/\/loesungs-impulse.ch\/ls\/wp-json\/wp\/v2\/media\/43006"}],"wp:attachment":[{"href":"https:\/\/loesungs-impulse.ch\/ls\/wp-json\/wp\/v2\/media?parent=44041"}],"curies":[{"name":"wp","href":"https:\/\/api.w.org\/{rel}","templated":true}]}}