{"id":43867,"date":"2025-03-27T15:19:06","date_gmt":"2025-03-27T14:19:06","guid":{"rendered":"https:\/\/loesungs-impulse.ch\/kurs-beratung-hoch-sensibel-5-tage\/"},"modified":"2026-05-08T13:37:00","modified_gmt":"2026-05-08T11:37:00","slug":"hochsensibilitaetscoach","status":"publish","type":"page","link":"https:\/\/loesungs-impulse.ch\/ls\/hochsensibilitaetscoach\/","title":{"rendered":"Beratung Hoch-sensibel"},"content":{"rendered":"<p>[et_pb_section fb_built=\u201d1&#8243; fullwidth=\u201don\u201d disabled_on=\u201don|on|off\u201d admin_label=\u201dSection: Featured Image\u201d _builder_version=\u201d4.27.4&#8243; min_height=\u201d2px\u201d custom_margin=\u201d0px||0px||false|false\u201d saved_tabs=\u201dall\u201d locked=\u201doff\u201d global_colors_info=\u201d{}\u201d][et_pb_fullwidth_image title_text=\u201dNordsee Strand auf Langeoog\u201d admin_label=\u201dBG HERO AUTO FEATURED IMAGE\u201d _builder_version=\u201d4.27.4&#8243; _dynamic_attributes=\u201dbackground_image\u201d use_background_color_gradient=\u201don\u201d background_color_gradient_stops=\u201drgba(16,41,127,0) 30%|#cddef2 95%\u201d background_color_gradient_overlays_image=\u201don\u201d background_color_gradient_start=\u201drgba(16,41,127,0)\u201d background_color_gradient_start_position=\u201d30%\u201d background_color_gradient_end=\u201d#cddef2&#8243; background_color_gradient_end_position=\u201d95%\u201d background_image=\u201d@ET-DC@eyJkeW5hbWljIjp0cnVlLCJjb250ZW50IjoicG9zdF9mZWF0dXJlZF9pbWFnZSIsInNldHRpbmdzIjp7fX0=@\u201d min_height=\u201d188px\u201d height_tablet=\u201d61vw\u201d height_phone=\u201d460px\u201d height_last_edited=\u201don|phone\u201d custom_margin=\u201d-2px||-3px|||\u201d custom_padding=\u201d||0px|||\u201d global_colors_info=\u201d{}\u201d][\/et_pb_fullwidth_image][\/et_pb_section][et_pb_section fb_built=\u201d1&#8243; admin_label=\u201dSection\u201d module_class=\u201dcontent-section\u201d _builder_version=\u201d4.27.4&#8243; min_height=\u201d6389px\u201d custom_margin=\u201d5px||||false|false\u201d custom_padding=\u201d478px||||false|false\u201d global_colors_info=\u201d{}\u201d][et_pb_row _builder_version=\u201d4.27.4&#8243; width=\u201d85.7%\u201d min_height=\u201d4334.4px\u201d custom_margin=\u201d||||false|false\u201d custom_padding=\u201d28px|8px|60px|8px|false|true\u201d global_colors_info=\u201d{}\u201d][et_pb_column type=\u201d4_4&#8243; _builder_version=\u201d4.16&#8243; global_colors_info=\u201d{}\u201d][et_pb_text admin_label=\u201dHAUPTTEXT\u201d _builder_version=\u201d4.27.6&#8243; min_height=\u201d3888.9px\u201d custom_margin=\u201d||26px||false|false\u201d custom_padding=\u201d10px|10px|10px|10px|false|false\u201d global_colors_info=\u201d{}\u201d]<\/p>\n<h2>Kurs: Beratung f\u00fcr hoch-sensible Menschen. Auch mit Diplom Beratung Neuro-Divergenz m\u00f6glich.<\/h2>\n<p>Wann ist man hoch-sensibel?<br \/>Wenn man mehr sp\u00fcrt als andere.<br \/>Mehr h\u00f6rt.<br \/>Mehr sieht.<br \/>Mehr f\u00fchlt.<br \/>Das nennt man hoch-sensibel.<br \/>Von 100 Menschen sind ungef\u00e4hr 20 Menschen hoch-sensibel.<br \/>Diese Menschen f\u00fchlen oft sehr stark.<br \/>Das ist manchmal sch\u00f6n.<br \/>Aber es kann auch anstrengend sein.<br \/>Zum Bei-Spiel, wenn zu viele Reize auf einmal kommen.  <\/p>\n<p>Worum geht es in diesem Kurs?<br \/>In diesem Kurs lernst du:<br \/>\u2013 was hoch-sensibel ist<br \/>\u2013 wie du hoch-sensible Menschen gut begleiten kannst<br \/>\u2013 wie du bei vielen Reizen helfen kannst<br \/>\u2013 Wie du helfen kannst, wenn sie keine Kraft mehr haben<br \/>\u2013 wie du die St\u00e4rken von hoch-sensiblen Menschen unter-st\u00fctzt <\/p>\n<p>Warum ist der Kurs wichtig?<br \/>Viele Menschen verstehen hoch-sensible Menschen nicht.<br \/>Manche sagen: Du bist zu empfindlich.<br \/>Das ist falsch.<br \/>Als Berater oder Beraterin f\u00fcr hoch-sensible Menschen hilfst du:<br \/>\u2013 hoch-sensible Menschen besser zu verstehen<br \/>\u2013 hoch-sensiblen Menschen, sich selbst besser zu verstehen<br \/>\u2013 hoch-sensiblen Menschen, sich nicht zu sch\u00e4men<br \/>\u2013 mehr Ruhe, Klarheit und Freude im Leben zu finden  <\/p>\n<h3><strong>Vorteile vom Kurs<\/strong><\/h3>\n<ul style=\"list-style-position: outside; padding-left: 40px;\">\n<li><strong>Spezial-Wissen: <\/strong>Du weisst viel \u00fcber Hoch-sensibel sein.<\/li>\n<\/ul>\n<ul>\n<li><strong>Du bekommst einen Abschluss<\/strong><br \/>Du lernst wichtige Dinge. Du kannst dann hoch-sensible Menschen beraten.<\/li>\n<\/ul>\n<ul>\n<li><strong>Du bekommst viele \u00dcbungen aus der Praxis.<\/strong> Du kannst gut beraten.<\/li>\n<\/ul>\n<h3>Wer kann den Kurs machen?<\/h3>\n<p>F\u00fcr wen ist der Kurs?<\/p>\n<ul style=\"list-style-position: outside; padding-left: 40px;\">\n<li>Beratungs-Personen<\/li>\n<li>Therapie-Fach-Kr\u00e4fte<\/li>\n<li>Fach-Kr\u00e4fte f\u00fcr Gesundheit<\/li>\n<li>Fach-Kr\u00e4fte f\u00fcr Aus-Bildung und Schule<\/li>\n<li>Hoch-sensible Menschen<\/li>\n<\/ul>\n<h3>Du lernst:<\/h3>\n<ul style=\"list-style-position: outside; padding-left: 40px;\">\n<li>Was hoch-sensibel genau ist<br \/>Wie das Gehirn bei hoch-sensiblen Menschen arbeitet<\/li>\n<li>Wie du hoch-sensiblen Menschen hilfst<\/li>\n<li>\u00dcbungen f\u00fcr Ruhe und mehr Kraft<\/li>\n<li>Warum hoch-sensible Menschen manchmal auch anders denken<\/li>\n<\/ul>\n<h3>Was lernst du im Kurs?<\/h3>\n<p><strong>Tag 1:<\/strong><\/p>\n<ul style=\"list-style-position: outside; padding-left: 40px;\">\n<li><strong>\u2013 Was ist hoch-sensibel?<\/strong><br \/>\u2013 Was sagt die Wissenschaft?\n<\/li>\n<li><strong>\u2013 Wie funktioniert das Gehirn bei hoch-sensiblen Menschen?<\/strong><br \/>\u2013 Was stresst hoch-sensible Menschen?<\/li>\n<li>\u2013 <strong>Wie f\u00fchlst du selbst?<\/strong><br \/>\u2013 Wie sprichst du mit hoch-sensiblen Menschen?<\/li>\n<\/ul>\n<p>&nbsp;<\/p>\n<p><strong>Tag 2:<\/strong><\/p>\n<ul style=\"list-style-position: outside; padding-left: 40px;\">\n<li><strong>\u2013 Wie erleben hoch-sensible Menschen die Welt?<\/strong><br \/><strong>\u2013 Welche Reize sind besonders stark?<\/strong><\/li>\n<li><strong>\u2013 Was hilft gegen zu viele Reize?<\/strong><br \/>\u2013 Wie achten wir besser auf uns und unseren K\u00f6rper?<\/li>\n<\/ul>\n<p>&nbsp;<\/p>\n<p><strong>Tag 3:<\/strong><\/p>\n<ul style=\"list-style-position: outside; padding-left: 40px;\">\n<li>\u2013<strong> Was ist Neuro-Divergenz?<\/strong><br \/>\u2013 Was ist ADHS oder Autismus?<\/li>\n<li><strong>\u2013 Was ist \u00e4hnlich und was ist anders als hoch-sensibel?<\/strong>\n<\/li>\n<li><strong>\u2013 Hoch-sensible und neuro-divergente Menschen beraten<\/strong><\/li>\n<\/ul>\n<p>&nbsp;<\/p>\n<p><strong>Tag 4:<\/strong><\/p>\n<ul style=\"list-style-position: outside; padding-left: 40px;\">\n<li><strong>\u2013 Hoch-sensible Menschen f\u00fchlen oft sehr stark<\/strong><br \/><strong>\u2013 Wie kannst du helfen bei Stress?<\/strong><\/li>\n<li><strong>\u2013 Was hilft, wenn alles zu viel ist?<\/strong><br \/>\u2013 Wie achtet man beim Beraten auf sich selbst?<\/li>\n<\/ul>\n<p>&nbsp;<\/p>\n<p><strong>Tag 5:<\/strong><\/p>\n<ul style=\"list-style-position: outside; padding-left: 40px;\">\n<li><strong>\u2013 Hoch-sensibel sein ist eine St\u00e4rke<\/strong><br \/><strong>\u2013 Viele hoch-sensible Menschen sind kreativ und mit-f\u00fchlend<br \/>\u2013 Wie kann man das im Beruf nutzen?<\/strong>\n<\/li>\n<li><strong> <\/strong><strong>\u2013 Du arbeitest an echten Bei-Spielen<\/strong><br \/>\u2013 Am Ende bekommst du einen Abschluss<\/li>\n<\/ul>\n<p>&nbsp;<\/p>\n<p><strong>Du bekommst auch:<\/strong><\/p>\n<ul style=\"list-style-position: outside; padding-left: 40px;\">\n<li>Lern-Material mit guten Infos. Praktische Werk-Zeuge.<\/li>\n<li>Beratung f\u00fcr den All-Tag<\/li>\n<\/ul>\n<p>&nbsp;<\/p>\n<h3>Wie l\u00e4uft der Kurs ab?<\/h3>\n<p>Du kannst live vor Ort lernen.<br \/>Oder online per Zoom.<br \/>Von 9 bis 16 Uhr<\/p>\n<p>Oder du lernst selbst mit Online-Material.<\/p>\n<h3>Wo?<\/h3>\n<p><strong>Bei uns oder online<\/strong><\/p>\n<ul style=\"list-style-position: outside; padding-left: 40px;\">\n<li>Praxis f\u00fcr L\u00f6sungs-Impulse AG, Industriestrasse 30b, 4542 Luterbach<\/li>\n<\/ul>\n<p>&nbsp;<\/p>\n<h3><strong><u>Was bekommst du?<\/u><\/strong><\/h3>\n<p>Du bekommst ein Diplom.<\/p>\n<ul style=\"list-style-position: outside; padding-left: 40px;\">\n<li><strong>Kurs Beratung Hoch-sensibel<\/strong><strong>PLI<\/strong> <\/li>\n<li><strong>Kurs mit CAS-Diplom. Beratung Neuro-divergenz. Mit Schwer-Punkt hoch-sensibel.<\/strong><\/li>\n<\/ul>\n<p>&nbsp;<\/p>\n<p><strong>Lies mehr im<a href=\"https:\/\/loesungs-impulse.ch\/wp-content\/uploads\/PLI-Infodossier_CAS-Hochsensibilitaets-Coach_2026_07.05.2026.pdf\"> Infodossier 2026.<\/a><\/strong><\/p>\n<p>[\/et_pb_text][dpdfg_filtergrid custom_query=\u201dadvanced\u201d multiple_cpt=\u201dtribe_events\u201d use_taxonomy_terms=\u201don\u201d multiple_taxonomies=\u201dtribe_events_cat\u201d include_terms=\u201d505&#8243; post_number=\u201d9&#8243; order=\u201dASC\u201d orderby=\u201dmeta_value\u201d meta_key=\u201d_EventStartDate\u201d meta_type=\u201dDATE\u201d no_results=\u201dNichts gefunden\u201d thumbnail_size=\u201d800&#215;320&#8243; use_overlay=\u201doff\u201d show_post_meta=\u201doff\u201d read_more=\u201don\u201d show_custom_content=\u201don\u201d show_filters=\u201doff\u201d all_text=\u201dAlle\u201d show_pagination=\u201doff\u201d items_width=\u201d30%\u201d column_gutter=\u201d3em\u201d items_width_tablet=\u201d45%\u201d items_width_phone=\u201d80%\u201d items_width_last_edited=\u201don|phone\u201d column_gutter_tablet=\u201d\u201d column_gutter_phone=\u201d\u201d column_gutter_last_edited=\u201don|tablet\u201d disabled_on=\u201doff|off|off\u201d admin_label=\u201dCustom Grid\u201d _builder_version=\u201d4.27.4&#8243; dpdfg_entry_title_level=\u201dh3&#8243; dpdfg_entry_title_font=\u201d\u2013et_global_heading_font|800|||||||\u201d dpdfg_entry_title_font_size=\u201d16px\u201d dpdfg_entry_meta_font=\u201d\u2013et_global_body_font|600|||||||\u201d dpdfg_entry_summary_font=\u201d\u2013et_global_body_font||||||||\u201d dpdfg_entry_cf_label_font=\u201d\u2013et_global_body_font||||||||\u201d dpdfg_entry_cf_value_font=\u201d\u2013et_global_body_font||||||||\u201d dpdfg_entry_custom_font=\u201d\u2013et_global_body_font||||||||\u201d dpdfg_filters_text_color=\u201d#bebbbb\u201d custom_read_more_button=\u201don\u201d read_more_button_on_hover=\u201doff\u201d custom_margin=\u201d||0px||false|false\u201d custom_padding=\u201d||0px||false|false\u201d dpdfg_entry_title_font_size_tablet=\u201d\u201d dpdfg_entry_title_font_size_phone=\u201d\u201d dpdfg_entry_title_font_size_last_edited=\u201don|phone\u201d global_module=\u201d735&#8243; saved_tabs=\u201dall\u201d global_colors_info=\u201d{}\u201d][\/dpdfg_filtergrid][dpdfg_filtergrid custom_query=\u201dadvanced\u201d multiple_cpt=\u201dtribe_events\u201d use_taxonomy_terms=\u201don\u201d multiple_taxonomies=\u201dtribe_events_cat\u201d include_terms=\u201d439,389&#8243; post_number=\u201d9&#8243; order=\u201dASC\u201d orderby=\u201dmeta_value\u201d meta_key=\u201d_EventStartDate\u201d meta_type=\u201dDATE\u201d no_results=\u201dNichts gefunden\u201d thumbnail_size=\u201d800&#215;320&#8243; use_overlay=\u201doff\u201d show_post_meta=\u201doff\u201d read_more=\u201don\u201d show_custom_content=\u201don\u201d show_filters=\u201doff\u201d all_text=\u201dAlle\u201d show_pagination=\u201doff\u201d items_width=\u201d30%\u201d column_gutter=\u201d3em\u201d items_width_tablet=\u201d45%\u201d items_width_phone=\u201d80%\u201d items_width_last_edited=\u201don|phone\u201d column_gutter_tablet=\u201d\u201d column_gutter_phone=\u201d\u201d column_gutter_last_edited=\u201don|tablet\u201d disabled_on=\u201doff|off|off\u201d admin_label=\u201dCustom Grid\u201d _builder_version=\u201d4.27.4&#8243; dpdfg_entry_title_level=\u201dh3&#8243; dpdfg_entry_title_font=\u201d\u2013et_global_heading_font|800|||||||\u201d dpdfg_entry_title_font_size=\u201d16px\u201d dpdfg_entry_meta_font=\u201d\u2013et_global_body_font|600|||||||\u201d dpdfg_entry_summary_font=\u201d\u2013et_global_body_font||||||||\u201d dpdfg_entry_cf_label_font=\u201d\u2013et_global_body_font||||||||\u201d dpdfg_entry_cf_value_font=\u201d\u2013et_global_body_font||||||||\u201d dpdfg_entry_custom_font=\u201d\u2013et_global_body_font||||||||\u201d dpdfg_filters_text_color=\u201d#bebbbb\u201d custom_read_more_button=\u201don\u201d read_more_button_on_hover=\u201doff\u201d custom_margin=\u201d||0px||false|false\u201d custom_padding=\u201d||0px||false|false\u201d dpdfg_entry_title_font_size_tablet=\u201d\u201d dpdfg_entry_title_font_size_phone=\u201d\u201d dpdfg_entry_title_font_size_last_edited=\u201don|phone\u201d global_module=\u201d735&#8243; saved_tabs=\u201dall\u201d global_colors_info=\u201d{}\u201d][\/dpdfg_filtergrid][et_pb_button button_url=\u201dhttps:\/\/loesungs-impulse.ch\/ls\/events\/category\/cas-das-mas-lehrgaenge-ls\/\u201d button_text=\u201dAlle Kurse\u201d button_alignment=\u201dright\u201d admin_label=\u201dButton goto+\u201d _builder_version=\u201d4.27.4&#8243; button_icon_color=\u201d#ffffff\u201d button_on_hover=\u201doff\u201d z_index=\u201d10&#8243; custom_margin=\u201d0px||0px||false|false\u201d custom_margin_tablet=\u201d\u201d custom_margin_phone=\u201d\u201d custom_margin_last_edited=\u201don|desktop\u201d custom_padding=\u201d0px||30px||false|false\u201d custom_padding_tablet=\u201d\u201d custom_padding_phone=\u201d\u201d custom_padding_last_edited=\u201don|desktop\u201d disabled=\u201don\u201d global_module=\u201d1234&#8243; saved_tabs=\u201dall\u201d global_colors_info=\u201d{}\u201d][\/et_pb_button][et_pb_divider color=\u201d#eaecf2&#8243; _builder_version=\u201d4.16&#8243; global_colors_info=\u201d{}\u201d][\/et_pb_divider][\/et_pb_column][\/et_pb_row][et_pb_row custom_padding_last_edited=\u201don|desktop\u201d admin_label=\u201dRow: Kontakt, Titel\u201d module_class=\u201dhome-main-title-row\u201d _builder_version=\u201d4.27.4&#8243; background_color=\u201drgba(0,0,0,0)\u201d min_height=\u201d34.6px\u201d height=\u201d184px\u201d max_height=\u201d473px\u201d custom_margin=\u201d-34px|auto|-34px|auto|true|false\u201d custom_padding=\u201d22px|30px|2px|29px|false|false\u201d custom_padding_tablet=\u201d|0px||0px|false|true\u201d custom_padding_phone=\u201d\u201d global_module=\u201d25263&#8243; saved_tabs=\u201dall\u201d collapsed=\u201doff\u201d global_colors_info=\u201d{}\u201d][et_pb_column type=\u201d4_4&#8243; admin_label=\u201dSpalte\u201d _builder_version=\u201d4.27.4&#8243; custom_css_free_form=\u201d<\/p>\n<p>||<\/p>\n<p>||<\/p>\n<p>||<\/p>\n<p>||<\/p>\n<p>||<\/p>\n<p>||<\/p>\n<p>||<\/p>\n<p>||<\/p>\n<p>||<\/p>\n<p>||<\/p>\n<p>||<\/p>\n<p>||<\/p>\n<p>||<\/p>\n<p>||<\/p>\n<p>||<\/p>\n<p>||<\/p>\n<p>||<\/p>\n<p>||<\/p>\n<p>||<\/p>\n<p>||<\/p>\n<p>||<\/p>\n<p>||<\/p>\n<p>||<\/p>\n<p>||<\/p>\n<p>||<\/p>\n<p>||<\/p>\n<p>||<\/p>\n<p>||<\/p>\n<p>||<\/p>\n<p>||<\/p>\n<p>||<\/p>\n<div class=%22custom-orte-full%22>%91list_venues details=%22yes%22%93<\/div>\n<p>||<\/p>\n<p>||<\/p>\n<p>||<\/p>\n<p>||<\/p>\n<p>||<\/p>\n<p>||<\/p>\n<p>||<\/p>\n<p>||<\/p>\n<p>||<\/p>\n<p>||<\/p>\n<p>||<\/p>\n<p>||<\/p>\n<p>||<\/p>\n<p>||<\/p>\n<p>||<\/p>\n<p>||<\/p>\n<p>||<\/p>\n<p>||<\/p>\n<p>||<\/p>\n<p>||<\/p>\n<p>||<\/p>\n<p>||<\/p>\n<p>||<\/p>\n<p>||<\/p>\n<p>||<\/p>\n<p>||<\/p>\n<p>||<\/p>\n<p>||<\/p>\n<p>||<\/p>\n<p>||<\/p>\n<p>||<\/p>\n<p>\u201d global_colors_info=\u201d{}\u201d][\/et_pb_column][\/et_pb_row][\/et_pb_section]<\/p>\n","protected":false},"excerpt":{"rendered":"<p>Kurs: Beratung f\u00fcr hoch-sensible Menschen. Auch mit Diplom Beratung Neuro-Divergenz m\u00f6glich. Wann ist man hoch-sensibel?Wenn man mehr sp\u00fcrt als andere.Mehr h\u00f6rt.Mehr sieht.Mehr f\u00fchlt.Das nennt man hoch-sensibel.Von 100 Menschen sind ungef\u00e4hr [&hellip;]<\/p>\n","protected":false},"author":31,"featured_media":43006,"parent":0,"menu_order":7,"comment_status":"closed","ping_status":"closed","template":"","meta":{"_et_pb_use_builder":"on","_et_pb_old_content":"","_et_gb_content_width":"","_price":"","_stock":"","_tribe_ticket_header":"","_tribe_default_ticket_provider":"","_tribe_ticket_capacity":"0","_ticket_start_date":"","_ticket_end_date":"","_tribe_ticket_show_description":"","_tribe_ticket_show_not_going":false,"_tribe_ticket_use_global_stock":"","_tribe_ticket_global_stock_level":"","_global_stock_mode":"","_global_stock_cap":"","_tribe_rsvp_for_event":"","_tribe_ticket_going_count":"","_tribe_ticket_not_going_count":"","_tribe_tickets_list":"[]","_tribe_ticket_has_attendee_info_fields":false,"footnotes":"","_tec_slr_enabled":"","_tec_slr_layout":""},"class_list":["post-43867","page","type-page","status-publish","has-post-thumbnail","hentry"],"ticketed":false,"_links":{"self":[{"href":"https:\/\/loesungs-impulse.ch\/ls\/wp-json\/wp\/v2\/pages\/43867","targetHints":{"allow":["GET"]}}],"collection":[{"href":"https:\/\/loesungs-impulse.ch\/ls\/wp-json\/wp\/v2\/pages"}],"about":[{"href":"https:\/\/loesungs-impulse.ch\/ls\/wp-json\/wp\/v2\/types\/page"}],"author":[{"embeddable":true,"href":"https:\/\/loesungs-impulse.ch\/ls\/wp-json\/wp\/v2\/users\/31"}],"replies":[{"embeddable":true,"href":"https:\/\/loesungs-impulse.ch\/ls\/wp-json\/wp\/v2\/comments?post=43867"}],"version-history":[{"count":21,"href":"https:\/\/loesungs-impulse.ch\/ls\/wp-json\/wp\/v2\/pages\/43867\/revisions"}],"predecessor-version":[{"id":52005,"href":"https:\/\/loesungs-impulse.ch\/ls\/wp-json\/wp\/v2\/pages\/43867\/revisions\/52005"}],"wp:featuredmedia":[{"embeddable":true,"href":"https:\/\/loesungs-impulse.ch\/ls\/wp-json\/wp\/v2\/media\/43006"}],"wp:attachment":[{"href":"https:\/\/loesungs-impulse.ch\/ls\/wp-json\/wp\/v2\/media?parent=43867"}],"curies":[{"name":"wp","href":"https:\/\/api.w.org\/{rel}","templated":true}]}}