{"id":43420,"date":"2025-03-31T09:36:50","date_gmt":"2025-03-31T07:36:50","guid":{"rendered":"https:\/\/loesungs-impulse.ch\/business-coach-pli\/"},"modified":"2026-05-08T13:35:00","modified_gmt":"2026-05-08T11:35:00","slug":"business-coach","status":"publish","type":"page","link":"https:\/\/loesungs-impulse.ch\/ls\/business-coach\/","title":{"rendered":"Firmen beraten"},"content":{"rendered":"<p>[et_pb_section fb_built=\u201d1&#8243; fullwidth=\u201don\u201d disabled_on=\u201don|on|off\u201d admin_label=\u201dSection: Featured Image\u201d _builder_version=\u201d4.27.4&#8243; min_height=\u201d2px\u201d custom_margin=\u201d0px||50px||false|false\u201d saved_tabs=\u201dall\u201d locked=\u201doff\u201d global_colors_info=\u201d{}\u201d][et_pb_fullwidth_image title_text=\u201dNordsee Strand auf Langeoog\u201d admin_label=\u201dBG HERO AUTO FEATURED IMAGE\u201d _builder_version=\u201d4.27.2&#8243; _dynamic_attributes=\u201dbackground_image\u201d use_background_color_gradient=\u201don\u201d background_color_gradient_stops=\u201drgba(16,41,127,0) 30%|#cddef2 95%\u201d background_color_gradient_overlays_image=\u201don\u201d background_color_gradient_start=\u201drgba(16,41,127,0)\u201d background_color_gradient_start_position=\u201d30%\u201d background_color_gradient_end=\u201d#cddef2&#8243; background_color_gradient_end_position=\u201d95%\u201d background_image=\u201d@ET-DC@eyJkeW5hbWljIjp0cnVlLCJjb250ZW50IjoicG9zdF9mZWF0dXJlZF9pbWFnZSIsInNldHRpbmdzIjp7fX0=@\u201d min_height=\u201d188px\u201d height_tablet=\u201d61vw\u201d height_phone=\u201d460px\u201d height_last_edited=\u201don|phone\u201d custom_margin=\u201d-2px||-3px|||\u201d custom_padding=\u201d||4px|||\u201d global_colors_info=\u201d{}\u201d][\/et_pb_fullwidth_image][\/et_pb_section][et_pb_section fb_built=\u201d1&#8243; _builder_version=\u201d4.16&#8243; global_colors_info=\u201d{}\u201d][et_pb_row _builder_version=\u201d4.16&#8243; background_size=\u201dinitial\u201d background_position=\u201dtop_left\u201d background_repeat=\u201drepeat\u201d width=\u201d92.2%\u201d global_colors_info=\u201d{}\u201d][et_pb_column type=\u201d4_4&#8243; _builder_version=\u201d4.16&#8243; custom_padding=\u201d|||\u201d global_colors_info=\u201d{}\u201d custom_padding__hover=\u201d|||\u201d][et_pb_text _builder_version=\u201d4.27.4&#8243; background_size=\u201dinitial\u201d background_position=\u201dtop_left\u201d background_repeat=\u201drepeat\u201d width=\u201d98.8%\u201d custom_margin=\u201d2px|2px|2px|2px|false|false\u201d custom_padding=\u201d2px|2px|2px|2px|false|false\u201d global_colors_info=\u201d{}\u201d]<\/p>\n<h2>Kurs KUrs Firmen beraten<\/h2>\n<p>Der Kurs dauert 1 Jahr. Er ist mit vielen praktischen Bei-Spielen.<\/p>\n<p>Kurs mit viel Praxis. Nach dem Grund-Kurs kannst du den Kurs Firmen beraten machen. Du bekommst ein Diplom. <\/p>\n<ul style=\"list-style-position: outside; padding-left: 40px;\">\n<li style=\"padding-left: 0; text-indent: 0;\">Der Beruf ist sehr viel-seitig.<\/li>\n<li>Es gibt viele Jobs.<\/li>\n<li>Beratung in Firmen ist gefragt.<\/li>\n<li>Was lernst du in diesem Kurs?\n<p>Im Kurs Firmen beraten lernst du:<br \/>wie du Menschen in Firmen hilfst<br \/>wie du Teams in Firmen hilfst<\/p>\n<\/li>\n<li>Wie du Probleme im Job erkennst und l\u00f6st<br \/>Wie du gute Gespr\u00e4che f\u00fchrst\n<\/li>\n<li>wie du eine Firma beraten kannst<br \/>wie du gut mit Stress umgehst<br \/>wie du besser arbeitest, wenn du eine F\u00fchrungs-Kraft bist<\/li>\n<li>Beratung in Firmen hilft allen.<\/li>\n<li>Die Menschen sind weniger krank. Sie bleiben l\u00e4nger in der Firma.<br \/>\n<h3><a name=\"_Toc126185017\"><\/a><\/h3>\n<h3><a name=\"_Toc126185017\"><\/a><a name=\"_Toc131622429\"><\/a>Wer kann den Kurs machen?<\/h3>\n<p><strong>Der Kurs dauert 21 Tage.<br \/>Du kannst den Kurs in 3 Stufen machen:<\/strong><\/p>\n<p><strong>Stufe 1: Grund-Kurs Beratung f\u00fcr alle (10 Tage)<\/strong><\/p>\n<ul style=\"list-style-position: outside; padding-left: 40px;\">\n<li>Der Kurs ist gut f\u00fcr dich, wenn du gerne:<br \/>mit Menschen arbeitest<br \/>anderen hilfst\n<\/li>\n<li>Teams f\u00fchrst oder f\u00fchren willst<br \/>dich selbst weiter-entwickeln willst\n<p>Zum Beispiel:<br \/>wenn du eine F\u00fchrungs-Person bist oder werden willst<br \/>wenn du im B\u00fcro oder in der Pflege arbeitest<br \/>wenn du in der Schule oder im Sozial-Bereich arbeitest<br \/>wenn du Menschen ber\u00e4tst oder begleitest<br \/>wenn du beraten m\u00f6chtest <\/li>\n<\/ul>\n<p><strong>Stufe 2 und 3: Dipl. Firmen beraten 11 Tage <\/strong><\/p>\n<p>Sind perfekt f\u00fcr dich, wenn du:<br \/>schon viel Erfahrung hast mit F\u00fchren, Begleiten oder Beraten<br \/>noch mehr lernen willst<br \/>mehr \u00fcber F\u00fchrung wissen willst<\/p>\n<p>Du lernst:<br \/>wie du Teams hilfst<br \/>wie du F\u00fchrungs-Kr\u00e4fte ber\u00e4tst<br \/>wie du mit schwierigen Dingen umgehst<br \/>wie du gute Schulungen gibst<br \/>wie du bei Ver\u00e4nderungen in Firmen hilfst<br \/>wie du dich weiter-entwickelst<\/p>\n<p>Der Fach-Ausweis zeigt:<\/p>\n<ul style=\"list-style-position: outside; padding-left: 40px;\">\n<li>Du kannst jetzt:<br \/>Teams und Menschen beraten<br \/>Bei Krisen helfen<br \/>Beim Lernen helfen<\/li>\n<li>Du kannst danach beraten.<\/li>\n<li>Du hast dich weiter-entwickelt.<br \/>Du weisst jetzt viel als F\u00fchrungs-Kraft.<\/li>\n<\/ul>\n<h3><a name=\"_Toc126185018\"><\/a><a name=\"_Toc131622430\"><\/a>Wie arbeitest du?<\/h3>\n<p>Du bist jetzt Fach-Kraft.<br \/>Du ber\u00e4tst jede Person und jedes Team anders.<br \/>Die Beratung passt immer zur Person oder zum Team.   <\/p>\n<p>Du nutzt dein Wissen beim Leiten von Firmen oder Teams.<\/p>\n<p>Die Arbeits-Welt wird immer komplizierter.<br \/>F\u00fchrungs-Kr\u00e4fte m\u00fcssen mehr leisten.<br \/>Daher ist Beratung immer wichtiger.  <\/p>\n<p>Es gibt viele Jobs f\u00fcr Menschen, die beraten.<br \/>Du hast jetzt ein Diplom.<\/p>\n<p>Das Diplom gilt auf der ganzen Welt.<br \/>Du kannst danach beraten.<br \/>Du findest leicht Arbeit.<\/p>\n<h3><a name=\"_Toc126185019\"><\/a><a name=\"_Toc131622431\"><\/a>Du ber\u00e4tst zum Bei-Spiel:<\/h3>\n<p>Menschen und F\u00fchrungs-Kr\u00e4fte, wenn sie:<\/p>\n<ul style=\"list-style-position: outside; padding-left: 40px;\">\n<li>sich weiter-entwickeln m\u00f6chten<br \/>ihrer Firma helfen m\u00f6chten<br \/>besser leiten oder arbeiten m\u00f6chten<\/li>\n<li>Spass an der Arbeit haben m\u00f6chten<\/li>\n<\/ul>\n<p>Du ber\u00e4tst F\u00fchrungs-Kr\u00e4fte, Mitarbeitende und Teams.<\/p>\n<p>Zum Bei-Spiel bei:<br \/>Schwierigen Gespr\u00e4chen<br \/>Krisen<br \/>Ver\u00e4nderung<br \/>Wenn alles zu viel ist<br \/>Burn-Out<br \/>Angst, die Arbeit zu verlieren<br \/>Job-Suche<br \/>Lange-Weile<\/p>\n<p>Du wirst auch selbst eine gute F\u00fchrungs-Kraft<\/p>\n<h3><a name=\"_Toc126185020\"><\/a><a name=\"_Toc131622432\"><\/a>Auf-Bau<\/h3>\n<p><strong>Themen<\/strong><\/p>\n<p>Der Kurs dauert 21 Tage. Es gibt 3 Teile.<\/p>\n<p><strong>Teil1 <\/strong>(Grund-Kurs Beratung f\u00fcr alle) (10 Tage)<\/p>\n<ul style=\"list-style-position: outside; padding-left: 40px;\">\n<li>Wer bin ich? 2 Tage<\/li>\n<li>Wie kann ich mich ver-\u00e4ndern? 2 Tage<\/li>\n<li>Wie kann ich gut handeln? 2 Tage<\/li>\n<li>Stark werden, entspannt werden und selbst handeln, 2 Tage<\/li>\n<li>Burn-Out ver-hindern<br \/>Bei Burn-Out helfen<\/li>\n<li>Schwierige Gespr\u00e4che<\/li>\n<li>Gemeinsam L\u00f6sungen finden<\/li>\n<li>Wie bin ich in der Beratung?<\/li>\n<li>L\u00f6sungen in der Beratung?<br \/>St\u00e4rken finden.<\/li>\n<li>Um-Feld mit-denken<\/li>\n<li>Gut beraten<\/li>\n<li>Gute Gespr\u00e4che f\u00fchren<\/li>\n<li>Weiter-entwickeln, mehr praktisches Wissen<\/li>\n<li>Menschen verstehen<\/li>\n<li>Stark werden, entspannt werden und selbst handeln<\/li>\n<li>Praktische Pr\u00fcfung und Abschluss mit Diplom, 2 Tage<\/li>\n<\/ul>\n<ul style=\"list-style-position: outside; padding-left: 40px;\"><\/ul>\n<p>&nbsp;<\/p>\n<p><strong>Stufen 2 und 3:<\/strong><\/p>\n<ul style=\"list-style-position: outside; padding-left: 40px;\">\n<li>Mehr Wissen. Wissen aus Stufe 1 an-wenden.<\/li>\n<li>Noch besser beraten.<\/li>\n<li>Noch besser leiten.<\/li>\n<li>Personen und Gruppen beraten.<\/li>\n<li>Teams, Menschen und F\u00fchrungs-Kr\u00e4fte unter-richten.<\/li>\n<\/ul>\n<p>&nbsp;<\/p>\n<h5>DAS LERNST DU<br \/>Stufe 2 \u2013 3 Tage<\/h5>\n<ul style=\"list-style-position: outside; padding-left: 40px;\">\n<li>Firmen beraten<\/li>\n<li>Was mache ich beim Beraten von Firmen? Wie sch\u00fctze ich Daten?<\/li>\n<li>Wie berate ich F\u00fchrungs-Kr\u00e4fte?<br \/>Wer leitet wie?<\/li>\n<li>Bei Ver\u00e4nderung helfen.<\/li>\n<li>Wie m\u00f6chte ich begleiten?<\/li>\n<li>Welche Probleme haben F\u00fchrungs-Kr\u00e4fte oft?<\/li>\n<\/ul>\n<p>Nach Stufe 2: 8 Abende. Je 3 Stunden. Online.<\/p>\n<ul style=\"list-style-position: outside; padding-left: 40px;\">\n<li>Wie geht es dir nun damit?<\/li>\n<li>Wie entwickeln sich F\u00fchrungs-Kr\u00e4fte?<\/li>\n<li>Welcher Weg passt wo?<\/li>\n<li>Wie kann ich etwas vor-tragen?<\/li>\n<li>Stark werden: du selbst, Mit-Arbeitende, Firma<\/li>\n<\/ul>\n<p>Stufe 3 \u2013 4 Tage<\/p>\n<ul style=\"list-style-position: outside; padding-left: 40px;\">\n<li>Wissen aus der Psychologie<\/li>\n<li>Stress als F\u00fchrungs-Kraft<\/li>\n<li>Starke Mit-Arbeitende und Firma<\/li>\n<li>Gute Gespr\u00e4che<\/li>\n<li>Moderne Firma<\/li>\n<li>Werk-Zeuge f\u00fcr die F\u00fchrung<\/li>\n<li>Teams aus vielen L\u00e4ndern<\/li>\n<li>Fall-Bei-Spiele.<\/li>\n<\/ul>\n<h1><\/h1>\n<h3><a name=\"_Toc126185021\"><\/a><a name=\"_Toc131622433\"><\/a>Wie lange muss ich lernen?<\/h3>\n<p>172 Stunden Unterricht<br \/>50 Stunden selbst lernen<br \/>50 Stunden gemeinsam lernen<br \/>50 Stunden f\u00fcr Pr\u00fcfungs-Arbeit<\/p>\n<p>Das gilt f\u00fcr alle 3 Stufen.<\/p>\n<p>Mehr \u00fcber Stufe 1 siehst du im Info-Heft f\u00fcr den Grund-Kurs.<\/p>\n<p><strong>Du lernst:<\/strong><\/p>\n<ul style=\"list-style-position: outside; padding-left: 40px;\">\n<li>Was ist wichtig:<br \/>Vor und nach der Beratung<\/li>\n<li>Wer bin ich in der Beratung?<\/li>\n<li>Mit anderen Stellen zusammen-arbeiten<\/li>\n<li>Daten sch\u00fctzen, Infos weiter-geben, etwas vereinbaren<\/li>\n<li>Wie gehe ich mit Stress um?<\/li>\n<li>Bei Konflikten helfen<\/li>\n<li>Was mache ich bei Unehrlichkeit und Krisen?<\/li>\n<li>Was mache ich bei Mobbing?<\/li>\n<li>Fall-Bei-Spiele.<\/li>\n<li>Werk-Zeuge zum F\u00fchren gut nutzen<\/li>\n<\/ul>\n<h3><a name=\"_Toc126185022\"><\/a><a name=\"_Toc131622434\"><\/a>Du bekommst ein Diplom.<\/h3>\n<p><strong>Das Diplom ist von ECA gepr\u00fcft.<br \/>Das ist ein Beratungs-Verband f\u00fcr ganz Europa.<\/strong><\/p>\n<p>Mach den Kurs Firmen beraten bei PLI.<br \/>Er dauert 21 Tage.<br \/>Du weisst schon viel \u00fcbers Firmen beraten?<br \/>Dann ist er f\u00fcr dich vielleicht k\u00fcrzer.  <\/p>\n<p><strong><u>Wenn du noch nichts weisst:<\/u><\/strong><\/p>\n<ul style=\"list-style-position: outside; padding-left: 40px;\">\n<li>Machst du zuerst den Grund-Kurs Beratung f\u00fcr alle bei PLI.<br \/>Das sind 5 Bl\u00f6cke mit je 2 Tagen.<\/li>\n<li>Mehr \u00fcber den Kurs und die Kurs-Tage siehst du auf Seite 10 im Info-Heft.<\/li>\n<li>Dann machst du die Stufen 2 und 3.<\/li>\n<li>Danach machst du eine Pr\u00fcfung. <br \/>Die Pr\u00fcfungen sind zwei Mal im Jahr.<br \/>Du entscheidest nach Stufe 3, wann du dich zur Pr\u00fcfung an-meldest.  <\/li>\n<\/ul>\n<h3><a name=\"_Toc126185023\"><\/a><a name=\"_Toc131622435\"><\/a>Wichtig:<\/h3>\n<p><strong>Pr\u00fcfungen<\/strong><\/p>\n<p>Firmen beraten, mit Diplom<\/p>\n<p>Du machst zuerst den ganzen Kurs (21 Tage).<br \/>Nach der Stufe 3 machst du eine schriftliche Pr\u00fcfung.<br \/>Und du machst eine praktische Pr\u00fcfung.<\/p>\n<p>Die schriftliche Arbeit:<\/p>\n<ul style=\"list-style-position: outside; padding-left: 40px;\">\n<li>Du musst 10 Fragen zu den Stufen 2 und 3 beantworten.<\/li>\n<li>Dann ber\u00e4tst du eine Person. Die Kurs-Leitung sagt, zu welchem Thema.<br \/>Du beschreibst, wie du das machst.<\/li>\n<li>Die praktische Pr\u00fcfung dauert 1 Stunde.<br \/>Du machst eine Beratung mit dem Wissen aus Stufe 3.<br \/>Die Kurs-Leitung sagt, zu welchem Thema.<\/li>\n<\/ul>\n<p>Wenn du die beiden Pr\u00fcfungen geschafft hast:<br \/>Du bekommst ein Diplom Firmen beraten. Gepr\u00fcft von ECA.<\/p>\n<p>Die Pr\u00fcfungs-Regeln von PLI gelten.<\/p>\n<p><strong>Schriftliche Arbeit<\/strong><\/p>\n<p>Sie muss 20 Tage vor der Pr\u00fcfung fertig sein.<br \/>Die Schriftart muss Arial sein.<br \/>Die Schriftgr\u00f6sse muss 11 sein.<br \/>Du schreibst zu jeder Frage eine halbe bis eine Seite.<br \/>Du schreibst einen Text, keine Aufz\u00e4hlungen.<\/p>\n<p>Dann schickst du die Arbeit 1 Mal per E-Mail.<br \/>Du druckst sie 1 Mal aus.<br \/>Du l\u00e4sst sie binden.<br \/>Dann schickst du sie per Post an PLI. <\/p>\n<p><strong>Noch wichtig:<\/strong><\/p>\n<p>Du \u00fcbst mit anderen.<\/p>\n<h3>Kosten:<\/h3>\n<p>Alle Stufen 1 \u2013 3, mit Pr\u00fcfung und Diplom: 8\u2019800 Franken <\/p>\n<p>Grund-Kurs Beratung f\u00fcr alle: 3\u2019900 Franken<\/p>\n<p>Kurs mit Diplom ECA, 11 Tage: 4\u2019300 Franken<\/p>\n<p>Lern-Material: 200 Franken<\/p>\n<p>Pr\u00fcfung und Diplom: <u>400 Franken an ECA<\/u><\/p>\n<p>Gesamt: 8\u2019800 Franken<\/p>\n<p>Du musst nicht alles auf einmal zahlen.<br \/>Dann kostet es aber 300 Franken extra.<\/p>\n<p>Wenn wir dein Vor-Wissen pr\u00fcfen kostet das 100 Franken.<\/p>\n<p><strong>Lies mehr im <a href=\"https:\/\/loesungs-impulse.ch\/wp-content\/uploads\/PLI-Infodossier_Betrieblicher-Mentor_2026_14.07.2025-1.pdf\">Infodossier 2026.<\/a><\/strong><\/p>\n<\/li>\n<\/ul>\n<p>[\/et_pb_text][\/et_pb_column][\/et_pb_row][\/et_pb_section][et_pb_section fb_built=\u201d1&#8243; _builder_version=\u201d4.27.4&#8243; _module_preset=\u201ddefault\u201d global_colors_info=\u201d{}\u201d][et_pb_row _builder_version=\u201d4.27.4&#8243; _module_preset=\u201ddefault\u201d global_colors_info=\u201d{}\u201d][et_pb_column type=\u201d4_4&#8243; _builder_version=\u201d4.27.4&#8243; _module_preset=\u201ddefault\u201d global_colors_info=\u201d{}\u201d][dpdfg_filtergrid custom_query=\u201dadvanced\u201d multiple_cpt=\u201dtribe_events\u201d use_taxonomy_terms=\u201don\u201d multiple_taxonomies=\u201dtribe_events_cat\u201d include_terms=\u201d440&#8243; post_number=\u201d9&#8243; order=\u201dASC\u201d orderby=\u201dmodified\u201d no_results=\u201dNichts gefunden\u201d thumbnail_size=\u201d800&#215;320&#8243; use_overlay=\u201doff\u201d show_post_meta=\u201doff\u201d show_custom_content=\u201don\u201d show_filters=\u201doff\u201d show_pagination=\u201doff\u201d items_width=\u201d30%\u201d column_gutter=\u201d3em\u201d items_width_tablet=\u201d45%\u201d items_width_phone=\u201d80%\u201d items_width_last_edited=\u201don|phone\u201d column_gutter_tablet=\u201d\u201d column_gutter_phone=\u201d\u201d column_gutter_last_edited=\u201don|tablet\u201d disabled_on=\u201doff|off|off\u201d admin_label=\u201dCustom Grid\u201d _builder_version=\u201d4.27.4&#8243; dpdfg_entry_title_level=\u201dh3&#8243; dpdfg_entry_title_font=\u201d\u2013et_global_heading_font|800|||||||\u201d dpdfg_entry_title_font_size=\u201d16px\u201d dpdfg_entry_meta_font=\u201d\u2013et_global_body_font|600|||||||\u201d dpdfg_entry_summary_font=\u201d\u2013et_global_body_font||||||||\u201d dpdfg_entry_cf_label_font=\u201d\u2013et_global_body_font||||||||\u201d dpdfg_entry_cf_value_font=\u201d\u2013et_global_body_font||||||||\u201d dpdfg_entry_custom_font=\u201d\u2013et_global_body_font||||||||\u201d dpdfg_filters_text_color=\u201d#bebbbb\u201d custom_read_more_button=\u201don\u201d read_more_button_on_hover=\u201doff\u201d custom_margin=\u201d||0px||false|false\u201d custom_padding=\u201d||0px||false|false\u201d dpdfg_entry_title_font_size_tablet=\u201d\u201d dpdfg_entry_title_font_size_phone=\u201d\u201d dpdfg_entry_title_font_size_last_edited=\u201don|phone\u201d saved_tabs=\u201dall\u201d locked=\u201doff\u201d global_colors_info=\u201d{}\u201d][\/dpdfg_filtergrid][dpdfg_filtergrid custom_query=\u201dadvanced\u201d multiple_cpt=\u201dtribe_events\u201d use_taxonomy_terms=\u201don\u201d multiple_taxonomies=\u201dtribe_events_cat\u201d include_terms=\u201d13&#8243; post_number=\u201d9&#8243; order=\u201dASC\u201d orderby=\u201dmeta_value\u201d meta_key=\u201d_EventStartDate\u201d no_results=\u201dNichts gefunden\u201d thumbnail_size=\u201d800&#215;320&#8243; use_overlay=\u201doff\u201d show_post_meta=\u201doff\u201d show_custom_content=\u201don\u201d show_filters=\u201doff\u201d show_pagination=\u201doff\u201d items_width=\u201d30%\u201d column_gutter=\u201d3em\u201d items_width_tablet=\u201d45%\u201d items_width_phone=\u201d80%\u201d items_width_last_edited=\u201don|phone\u201d column_gutter_tablet=\u201d\u201d column_gutter_phone=\u201d\u201d column_gutter_last_edited=\u201don|tablet\u201d disabled_on=\u201doff|off|off\u201d admin_label=\u201dCustom Grid\u201d _builder_version=\u201d4.27.4&#8243; dpdfg_entry_title_level=\u201dh3&#8243; dpdfg_entry_title_font=\u201d\u2013et_global_heading_font|800|||||||\u201d dpdfg_entry_title_font_size=\u201d16px\u201d dpdfg_entry_meta_font=\u201d\u2013et_global_body_font|600|||||||\u201d dpdfg_entry_summary_font=\u201d\u2013et_global_body_font||||||||\u201d dpdfg_entry_cf_label_font=\u201d\u2013et_global_body_font||||||||\u201d dpdfg_entry_cf_value_font=\u201d\u2013et_global_body_font||||||||\u201d dpdfg_entry_custom_font=\u201d\u2013et_global_body_font||||||||\u201d dpdfg_filters_text_color=\u201d#bebbbb\u201d custom_read_more_button=\u201don\u201d read_more_button_on_hover=\u201doff\u201d custom_margin=\u201d||0px||false|false\u201d custom_padding=\u201d||0px||false|false\u201d dpdfg_entry_title_font_size_tablet=\u201d\u201d dpdfg_entry_title_font_size_phone=\u201d\u201d dpdfg_entry_title_font_size_last_edited=\u201don|phone\u201d saved_tabs=\u201dall\u201d locked=\u201doff\u201d global_colors_info=\u201d{}\u201d][\/dpdfg_filtergrid][\/et_pb_column][\/et_pb_row][\/et_pb_section]<\/p>\n","protected":false},"excerpt":{"rendered":"<p>Kurs KUrs Firmen beraten Der Kurs dauert 1 Jahr. Er ist mit vielen praktischen Bei-Spielen. Kurs mit viel Praxis. Nach dem Grund-Kurs kannst du den Kurs Firmen beraten machen. Du [&hellip;]<\/p>\n","protected":false},"author":31,"featured_media":43006,"parent":0,"menu_order":7,"comment_status":"closed","ping_status":"closed","template":"","meta":{"_et_pb_use_builder":"on","_et_pb_old_content":"","_et_gb_content_width":"","_price":"","_stock":"","_tribe_ticket_header":"","_tribe_default_ticket_provider":"","_tribe_ticket_capacity":"0","_ticket_start_date":"","_ticket_end_date":"","_tribe_ticket_show_description":"","_tribe_ticket_show_not_going":false,"_tribe_ticket_use_global_stock":"","_tribe_ticket_global_stock_level":"","_global_stock_mode":"","_global_stock_cap":"","_tribe_rsvp_for_event":"","_tribe_ticket_going_count":"","_tribe_ticket_not_going_count":"","_tribe_tickets_list":"[]","_tribe_ticket_has_attendee_info_fields":false,"footnotes":"","_tec_slr_enabled":"","_tec_slr_layout":""},"class_list":["post-43420","page","type-page","status-publish","has-post-thumbnail","hentry"],"ticketed":false,"_links":{"self":[{"href":"https:\/\/loesungs-impulse.ch\/ls\/wp-json\/wp\/v2\/pages\/43420","targetHints":{"allow":["GET"]}}],"collection":[{"href":"https:\/\/loesungs-impulse.ch\/ls\/wp-json\/wp\/v2\/pages"}],"about":[{"href":"https:\/\/loesungs-impulse.ch\/ls\/wp-json\/wp\/v2\/types\/page"}],"author":[{"embeddable":true,"href":"https:\/\/loesungs-impulse.ch\/ls\/wp-json\/wp\/v2\/users\/31"}],"replies":[{"embeddable":true,"href":"https:\/\/loesungs-impulse.ch\/ls\/wp-json\/wp\/v2\/comments?post=43420"}],"version-history":[{"count":27,"href":"https:\/\/loesungs-impulse.ch\/ls\/wp-json\/wp\/v2\/pages\/43420\/revisions"}],"predecessor-version":[{"id":51984,"href":"https:\/\/loesungs-impulse.ch\/ls\/wp-json\/wp\/v2\/pages\/43420\/revisions\/51984"}],"wp:featuredmedia":[{"embeddable":true,"href":"https:\/\/loesungs-impulse.ch\/ls\/wp-json\/wp\/v2\/media\/43006"}],"wp:attachment":[{"href":"https:\/\/loesungs-impulse.ch\/ls\/wp-json\/wp\/v2\/media?parent=43420"}],"curies":[{"name":"wp","href":"https:\/\/api.w.org\/{rel}","templated":true}]}}