{"id":43269,"date":"2025-04-10T18:32:14","date_gmt":"2025-04-10T16:32:14","guid":{"rendered":"https:\/\/loesungs-impulse.ch\/job-coach-arbeitsintegration-fuer-neurodivergente-personen-pli\/"},"modified":"2026-04-03T19:12:57","modified_gmt":"2026-04-03T17:12:57","slug":"job-coach-arbeitsintegration-neurodivergenz","status":"publish","type":"page","link":"https:\/\/loesungs-impulse.ch\/ls\/job-coach-arbeitsintegration-neurodivergenz\/","title":{"rendered":"Job-Beratung Neuro-Divergenz"},"content":{"rendered":"<p>[et_pb_section fb_built=\u201d1&#8243; fullwidth=\u201don\u201d disabled_on=\u201don|on|off\u201d admin_label=\u201dSection: Featured Image\u201d _builder_version=\u201d4.27.4&#8243; background_color=\u201d#CDDEF2&#8243; background_image=\u201dhttps:\/\/loesungs-impulse.ch\/wp-content\/uploads\/2020\/05\/leuchtturm.jpg\u201d background_size=\u201dcustom\u201d background_image_width=\u201d0%\u201d background_image_height=\u201d0%\u201d background_position=\u201dbottom_left\u201d background_horizontal_offset=\u201d-1%\u201d background_vertical_offset=\u201d25%\u201d min_height=\u201d100px\u201d height=\u201d214px\u201d custom_margin=\u201d0px||0px||false|false\u201d custom_padding=\u201d||0px|||\u201d global_module=\u201d309&#8243; saved_tabs=\u201dall\u201d locked=\u201doff\u201d global_colors_info=\u201d{}\u201d][\/et_pb_section][et_pb_section fb_built=\u201d1&#8243; disabled_on=\u201doff|off|off\u201d admin_label=\u201dSection\u201d module_class=\u201dcontent-section\u201d _builder_version=\u201d4.27.4&#8243; custom_padding=\u201d487px||||false|false\u201d global_colors_info=\u201d{}\u201d][et_pb_row _builder_version=\u201d4.27.4&#8243; min_height=\u201d3259.8px\u201d custom_margin=\u201d100px||||false|false\u201d custom_padding=\u201d28px|30px|60px|30px|false|true\u201d global_colors_info=\u201d{}\u201d][et_pb_column type=\u201d4_4&#8243; _builder_version=\u201d4.16&#8243; global_colors_info=\u201d{}\u201d][et_pb_text admin_label=\u201dHAUPTTEXT\u201d _builder_version=\u201d4.27.4&#8243; text_font=\u201d\u2013et_global_body_font||||||||\u201d hover_enabled=\u201d0&#8243; global_colors_info=\u201d{}\u201d sticky_enabled=\u201d0&#8243;]<\/p>\n<h2><a name=\"_Toc195128061\"><\/a><a name=\"_Toc69154326\"><\/a><a name=\"_Toc69154425\"><\/a><a name=\"_Toc104238500\"><\/a><a name=\"_Toc125137447\"><\/a>Kurs: Arbeits-Beratung f\u00fcr neuro-divergente Personen<\/h2>\n<p><strong>Dieser Kurs ist f\u00fcr Menschen, die anderen helfen m\u00f6chten, Arbeit zu finden.<\/strong><br \/>Besonders Menschen, deren Gehirn anders arbeitet \u2013 zum Beispiel bei Autismus oder ADHS.<br \/>Diese Menschen nennt man neuro-divergent.<\/p>\n<p>  <\/p>\n<p><strong>Was machst du in der Arbeits-Beratung?<\/strong><\/p>\n<ul style=\"list-style-position: outside; padding-left: 40px;\">\n<li>Du hilfst neuro-divergenten Menschen, Arbeit zu finden und zu behalten.\n<\/li>\n<li>Du schaust zusammen mit der Person, was sie gut kann.<br \/>Du schaust zusammen mit der Person, was sie gerne macht.<br \/>Du hilfst beim Bewerben und Vorstellen.<\/li>\n<li>Du sprichst auch mit Chefs, \u00c4mtern und Schulen.<br \/>Du hilfst bei Problemen oder wenn es Streit gibt.<br \/>Ziel ist: Die Person soll gut in der Arbeit zurecht kommen und sich wohl f\u00fchlen.\n<\/li>\n<\/ul>\n<p>F\u00fcr wen ist der Kurs?<\/p>\n<p><strong>F\u00fcr Menschen, die anderen Menschen helfen wollen.<\/p>\n<p><\/strong><\/p>\n<p>F\u00fcr Menschen, die helfen wollen, dass alle einen Platz in der Arbeits-Welt finden.<br \/>F\u00fcr Personen aus sozialen Berufen<br \/>F\u00fcr Menschen, die mehr \u00fcber Beratung wissen wollen. <\/p>\n<p><strong>Wir helfen dir im neuen Beruf<\/strong><\/p>\n<p>Wir beraten dich. Zusammen finden wir heraus, was du brauchst. <\/p>\n<h4>Was lernst du im Kurs?<\/h4>\n<p>Der Kurs besteht aus 3 Teilen:<\/p>\n<p><strong>Teil A: Gut vorbereiten<\/strong><\/p>\n<ul style=\"list-style-position: outside; padding-left: 40px;\">\n<li>Mit der Person ein erstes Gespr\u00e4ch f\u00fchren<\/li>\n<li>Alles Wichtige fragen<\/li>\n<li>Ziele fest-legen<br \/>Einen Plan machen<\/li>\n<li>Beim Einstieg in die Arbeit helfen<\/li>\n<li>Berichte schreiben<\/li>\n<li>Schauen, dass die Person alles Wichtige hat<\/li>\n<\/ul>\n<p>&nbsp;<\/p>\n<p><strong>Teil 2: Menschen gut begleiten<\/strong><\/p>\n<ul style=\"list-style-position: outside; padding-left: 40px;\">\n<li>Berufs-W\u00fcnsche und St\u00e4rken erkennen<\/li>\n<li>Bei der Arbeits-Suche helfen.<br \/>Bei der Ausbildungs-Suche helfen.<\/li>\n<li>Bei Bewerbungs-Gespr\u00e4chen helfen<\/li>\n<li>Hilfe f\u00fcr den neuen Job<\/li>\n<li>Bei Problemen helfen<\/li>\n<li>Andere Fach-Personen fragen<\/li>\n<li>Gute Gespr\u00e4che f\u00fchren<\/li>\n<li>Bei Gespr\u00e4chen ver-mitteln<\/li>\n<\/ul>\n<p>&nbsp;<\/p>\n<p><strong>Teil C: Gute Kontakte<\/strong><\/p>\n<ul style=\"list-style-position: outside; padding-left: 40px;\">\n<li>Mit F\u00fchrungs-Kr\u00e4ften, \u00c4mtern und Firmen zusammen-arbeiten<\/li>\n<li>Bei Gespr\u00e4chen dabei sein<\/li>\n<li>Mit vielen verschiedenen Menschen arbeiten<\/li>\n<li>Netz-Werke aufbauen<\/li>\n<li>F\u00fcr ein gutes Mit-einander am Arbeits-Platz sorgen<\/li>\n<li>Neue Ideen f\u00fcr die Arbeit<\/li>\n<li><strong>Verstehen und erkl\u00e4ren<\/strong>, was neuro-divergente Menschen brauchen<\/li>\n<li><strong>Beratung:<\/strong> Du sagst, welche Hilfe Menschen brauchen<\/li>\n<li><strong>Gespr\u00e4che:<\/strong> Du sagst, wie man gut mit neuro-divergenten Menschen sprechen kann<\/li>\n<li><strong>Allen soll es gut gehen:<\/strong> Auch neuro-divergenten Menschen soll es gut gehen. <\/li>\n<li><strong>Gesetz und Regeln kennen<\/strong>: Neuro-divergente Menschen haben Rechte.<\/li>\n<\/ul>\n<p>&nbsp;<\/p>\n<h4><a name=\"_Toc69154329\"><\/a><a name=\"_Toc69154428\"><\/a><a name=\"_Toc104238503\"><\/a><a name=\"_Toc125137450\"><\/a>Wie wird gelernt?<\/h4>\n<p><strong>Du kannst online lernen. Du kannst so lernen, wie es f\u00fcr dich passt.<\/strong><\/p>\n<p>Der Kurs hat Teile.<br \/>Du bestimmst, was du lernen m\u00f6chtest.  Du w\u00e4hlst.<\/p>\n<p><strong>Wo lernst du?<\/strong><\/p>\n<ul style=\"list-style-position: outside; padding-left: 40px;\">\n<li>Du kommst zu uns<\/li>\n<li>Du nimmst online teil<\/li>\n<li>Du sprichst mit anderen bei uns<\/li>\n<li>Du sprichst mit anderen online<\/li>\n<li>Ihr arbeitet in der Gruppe<\/li>\n<li>Du lernst selbst<\/li>\n<li>Du bekommst Praxis-Aufgaben<\/li>\n<li>Du lernst mit anderen<\/li>\n<li>Du bekommst Beratung alleine<\/li>\n<li>Du bekommst Beratung in der Gruppe<\/li>\n<li>Lern-Beratung<\/li>\n<li>Du findest Dinge heraus<\/li>\n<li>Neues Lernen<\/li>\n<\/ul>\n<p><strong>Unsere Lehr-Kr\u00e4fte beraten selbst. Sie arbeiten in der Job-Beratung f\u00fcr neuro-divergente Personen. Oder sie unterr-richten, betreuen oder leiten.<\/strong><\/p>\n<p>&nbsp;<\/p>\n<h4><a name=\"_Toc186929723\"><\/a><a name=\"_Toc186931840\"><\/a><a name=\"_Toc188214156\"><\/a><a name=\"_Toc195128066\"><\/a>Wie l\u00e4uft der Kurs ab?<\/h4>\n<p>Vor Ort in Luterbach oder Balsthal<br \/>Online per Zoom<br \/>Von 9 bis 16 Uhr<\/p>\n<p>Oder du lernst selbst mit Online-Material.<\/p>\n<p>&nbsp;<\/p>\n<h4><a name=\"_Toc186929724\"><\/a><a name=\"_Toc186931841\"><\/a><a name=\"_Toc188214157\"><\/a><a name=\"_Toc195128067\"><\/a>Wo?<\/h4>\n<p><strong>Vor Ort oder via Zoom <\/strong><\/p>\n<p><strong> <\/strong><strong>PLI<\/strong><\/p>\n<ul style=\"list-style-position: outside; padding-left: 40px;\">\n<li>Industriestrasse 30b, 4542 Luterbach<\/li>\n<li>Tiergartenweg 1, 4710 Balsthal<\/li>\n<\/ul>\n<p>&nbsp;<\/p>\n<h4><a name=\"_Toc186929725\"><\/a><a name=\"_Toc186931842\"><\/a><a name=\"_Toc188214158\"><\/a><a name=\"_Toc195128068\"><\/a> Was bekommst du?<\/h4>\n<p>Wenn du die Pr\u00fcfung geschafft hast:<\/p>\n<p><strong>Job-Beratung Neuro-Divergenz<\/strong><\/p>\n<p>Du kannst auch einen <strong>CAS, DAS oder MAS machen. <\/strong><strong>Das sind Studien-Abschl\u00fcsse.<\/strong><\/p>\n<p>Weitere Informationen finden Sie im Infodossier <a href=\"https:\/\/loesungs-impulse.ch\/wp-content\/uploads\/PLI-Infodossier_Job-Coach-Arbeitsintegration-fuer-neurodivergente-Personen_2026_16.03.2026.pdf\">2026.<\/a><\/p>\n<p>[\/et_pb_text][dpdfg_filtergrid custom_query=\u201dadvanced\u201d multiple_cpt=\u201dtribe_events\u201d use_taxonomy_terms=\u201don\u201d multiple_taxonomies=\u201dtribe_events_cat\u201d include_terms=\u201d516&#8243; post_number=\u201d9&#8243; order=\u201dASC\u201d orderby=\u201dmeta_value\u201d meta_key=\u201d_EventStartDate\u201d meta_type=\u201dDATE\u201d no_results=\u201dNichts gefunden\u201d thumbnail_size=\u201d800&#215;320&#8243; use_overlay=\u201doff\u201d show_post_meta=\u201doff\u201d read_more=\u201don\u201d show_custom_content=\u201don\u201d show_filters=\u201doff\u201d all_text=\u201dAlle\u201d show_pagination=\u201doff\u201d items_width=\u201d30%\u201d column_gutter=\u201d3em\u201d items_width_tablet=\u201d45%\u201d items_width_phone=\u201d80%\u201d items_width_last_edited=\u201don|phone\u201d column_gutter_tablet=\u201d\u201d column_gutter_phone=\u201d\u201d column_gutter_last_edited=\u201don|tablet\u201d disabled_on=\u201doff|off|off\u201d admin_label=\u201dCustom Grid\u201d _builder_version=\u201d4.27.4&#8243; dpdfg_entry_title_level=\u201dh3&#8243; dpdfg_entry_title_font=\u201d\u2013et_global_heading_font|800|||||||\u201d dpdfg_entry_title_font_size=\u201d16px\u201d dpdfg_entry_meta_font=\u201d\u2013et_global_body_font|600|||||||\u201d dpdfg_entry_summary_font=\u201d\u2013et_global_body_font||||||||\u201d dpdfg_entry_cf_label_font=\u201d\u2013et_global_body_font||||||||\u201d dpdfg_entry_cf_value_font=\u201d\u2013et_global_body_font||||||||\u201d dpdfg_entry_custom_font=\u201d\u2013et_global_body_font||||||||\u201d dpdfg_filters_text_color=\u201d#bebbbb\u201d custom_read_more_button=\u201don\u201d read_more_button_on_hover=\u201doff\u201d custom_margin=\u201d||0px||false|false\u201d custom_padding=\u201d||0px||false|false\u201d dpdfg_entry_title_font_size_tablet=\u201d\u201d dpdfg_entry_title_font_size_phone=\u201d\u201d dpdfg_entry_title_font_size_last_edited=\u201don|phone\u201d global_module=\u201d735&#8243; saved_tabs=\u201dall\u201d global_colors_info=\u201d{}\u201d][\/dpdfg_filtergrid][\/et_pb_column][\/et_pb_row][et_pb_row custom_padding_last_edited=\u201don|desktop\u201d admin_label=\u201dRow: Kontakt, Titel\u201d module_class=\u201dhome-main-title-row\u201d _builder_version=\u201d4.27.4&#8243; background_color=\u201drgba(0,0,0,0)\u201d min_height=\u201d34.6px\u201d height=\u201d184px\u201d max_height=\u201d473px\u201d custom_margin=\u201d-34px|auto|-34px|auto|true|false\u201d custom_padding=\u201d22px|30px|2px|29px|false|false\u201d custom_padding_tablet=\u201d|0px||0px|false|true\u201d custom_padding_phone=\u201d\u201d global_module=\u201d25263&#8243; saved_tabs=\u201dall\u201d collapsed=\u201doff\u201d global_colors_info=\u201d{}\u201d][et_pb_column type=\u201d4_4&#8243; admin_label=\u201dSpalte\u201d _builder_version=\u201d4.27.4&#8243; custom_css_free_form=\u201d<\/p>\n<p>||<\/p>\n<p>||<\/p>\n<p>||<\/p>\n<p>||<\/p>\n<p>||<\/p>\n<p>||<\/p>\n<p>||<\/p>\n<p>||<\/p>\n<p>||<\/p>\n<p>||<\/p>\n<p>||<\/p>\n<p>||<\/p>\n<p>||<\/p>\n<p>||<\/p>\n<p>||<\/p>\n<p>||<\/p>\n<p>||<\/p>\n<p>||<\/p>\n<p>||<\/p>\n<p>||<\/p>\n<p>||<\/p>\n<p>||<\/p>\n<p>||<\/p>\n<p>||<\/p>\n<p>||<\/p>\n<p>||<\/p>\n<p>||<\/p>\n<p>||<\/p>\n<p>||<\/p>\n<p>||<\/p>\n<p>||<\/p>\n<div class=%22custom-orte-full%22>%91list_venues details=%22yes%22%93<\/div>\n<p>||<\/p>\n<p>||<\/p>\n<p>||<\/p>\n<p>||<\/p>\n<p>||<\/p>\n<p>||<\/p>\n<p>||<\/p>\n<p>||<\/p>\n<p>||<\/p>\n<p>||<\/p>\n<p>||<\/p>\n<p>||<\/p>\n<p>||<\/p>\n<p>||<\/p>\n<p>||<\/p>\n<p>||<\/p>\n<p>||<\/p>\n<p>||<\/p>\n<p>||<\/p>\n<p>||<\/p>\n<p>||<\/p>\n<p>||<\/p>\n<p>||<\/p>\n<p>||<\/p>\n<p>||<\/p>\n<p>||<\/p>\n<p>||<\/p>\n<p>||<\/p>\n<p>||<\/p>\n<p>||<\/p>\n<p>||<\/p>\n<p>\u201d global_colors_info=\u201d{}\u201d][\/et_pb_column][\/et_pb_row][\/et_pb_section][et_pb_section fb_built=\u201d1&#8243; admin_label=\u201dSektion: Kontakt\u201d module_id=\u201dgoto-kontakt\u201d module_class=\u201dcontact-block\u201d _builder_version=\u201d4.16&#8243; saved_tabs=\u201dall\u201d global_colors_info=\u201d{}\u201d][et_pb_row custom_padding_last_edited=\u201don|phone\u201d admin_label=\u201dZeile\u201d _builder_version=\u201d4.16&#8243; background_color=\u201drgba(0,0,0,0)\u201d positioning=\u201dabsolute\u201d position_origin_a=\u201dtop_center\u201d z_index=\u201d10&#8243; position_origin_a_tablet=\u201d\u201d position_origin_a_phone=\u201d\u201d position_origin_a_last_edited=\u201don|desktop\u201d position_origin_f_tablet=\u201d\u201d position_origin_f_phone=\u201d\u201d position_origin_f_last_edited=\u201don|desktop\u201d position_origin_r_tablet=\u201d\u201d position_origin_r_phone=\u201d\u201d position_origin_r_last_edited=\u201don|desktop\u201d custom_margin=\u201d||40px||false|false\u201d custom_padding=\u201d50px|0px|0px|0px|false|true\u201d custom_padding_tablet=\u201d\u201d custom_padding_phone=\u201d0px||||false|true\u201d background_last_edited=\u201don|phone\u201d positioning_tablet=\u201d\u201d positioning_phone=\u201drelative\u201d positioning_last_edited=\u201don|phone\u201d box_shadow_style=\u201dnone\u201d box_shadow_vertical_tablet=\u201d\u201d box_shadow_vertical_phone=\u201d\u201d box_shadow_vertical_last_edited=\u201don|desktop\u201d global_colors_info=\u201d{}\u201d][et_pb_column type=\u201d4_4&#8243; admin_label=\u201dSpalte\u201d _builder_version=\u201d4.16&#8243; custom_padding_tablet=\u201d\u201d custom_padding_phone=\u201d\u201d custom_padding_last_edited=\u201don|phone\u201d global_colors_info=\u201d{}\u201d custom_padding__hover_enabled=\u201don|desktop\u201d][\/et_pb_column][\/et_pb_row][\/et_pb_section][et_pb_section fb_built=\u201d1&#8243; admin_label=\u201dSektion\u201d _builder_version=\u201d4.27.4&#8243; min_height=\u201d208.4px\u201d custom_margin=\u201d-501px||0px||false|false\u201d custom_margin_tablet=\u201d77px||20px||false|false\u201d custom_margin_phone=\u201d||20px||false|false\u201d custom_margin_last_edited=\u201don|phone\u201d custom_padding=\u201d0px||0px|||\u201d global_colors_info=\u201d{}\u201d][et_pb_row column_structure=\u201d1_2,1_2&#8243; _builder_version=\u201d4.27.4&#8243; background_color=\u201drgba(0,0,0,0)\u201d min_height=\u201d198.4px\u201d custom_margin=\u201d545px|auto||auto|false|false\u201d custom_padding=\u201d3px|0px|3px|0px|true|true\u201d box_shadow_style=\u201dnone\u201d global_colors_info=\u201d{}\u201d][et_pb_column type=\u201d1_2&#8243; admin_label=\u201dSpalte\u201d _builder_version=\u201d4.16&#8243; global_colors_info=\u201d{}\u201d][et_pb_text disabled_on=\u201doff|off|off\u201d admin_label=\u201dText\u201d _builder_version=\u201d4.27.4&#8243; text_font=\u201d||||||||\u201d text_text_color=\u201d#10297f\u201d link_text_color=\u201d#10297f\u201d header_text_color=\u201d#10297f\u201d background_layout=\u201ddark\u201d width=\u201d89.1%\u201d min_height=\u201d207px\u201d custom_margin=\u201d3px|3px|3px|3px|false|false\u201d custom_margin_tablet=\u201d\u201d custom_margin_phone=\u201d\u201d custom_margin_last_edited=\u201don|tablet\u201d custom_padding=\u201d3px|3px|0px|3px|false|false\u201d custom_padding_tablet=\u201d20px||||false|false\u201d custom_padding_phone=\u201d0px|0px||0px|false|false\u201d custom_padding_last_edited=\u201don|phone\u201d global_colors_info=\u201d{}\u201d]<\/p>\n<p>Praxis f\u00fcr L\u00f6sungs-Impulse | Industriestrasse 30b |<br \/>4542 Luterbach, Schweiz<br \/>Kontakt: <a href=\"mail&#116;&#111;&#58;&#105;&#110;&#x66;&#x6f;&#x40;&#x6c;&#x6f;&#x65;&#x73;ungs&#45;&#105;&#109;&#112;&#117;&#x6c;&#x73;&#x65;&#x2e;&#x63;&#x68;\">in&#102;&#111;&#x40;&#x6c;&#x6f;&#x65;su&#110;&#103;&#x73;&#x2d;&#x69;&#x6d;pu&#108;&#115;&#101;&#x2e;&#x63;&#x68;<\/a> | Tel.: <a href=\"tel:+41325303361\">032 530 33 61<\/a><br \/><a href=\"https:\/\/loesungs-impulse.ch\/ls\/impressum\/\">Infos zur Seite<\/a> | <a href=\"https:\/\/loesungs-impulse.ch\/ls\/mehr-ueber-deine-daten\/\">Mehr \u00fcber deine Daten<\/a><\/p>\n<p>&nbsp;<\/p>\n<div class=\"pe-richsnippets\"><\/div>\n<p>\n<script type=\"text\/javascript\" src=\"https:\/\/www.provenexpert.com\/widget\/richsnippet.js?u=2RGAjWwAmtQAiImAkIQZ0VwAjN3p2VQB&amp;v=3\" async=\"\"><\/script>\n<\/p>\n<p>[\/et_pb_text][\/et_pb_column][et_pb_column type=\u201d1_2&#8243; admin_label=\u201dSpalte\u201d _builder_version=\u201d4.16&#8243; _module_preset=\u201ddefault\u201d global_colors_info=\u201d{}\u201d][et_pb_image src=\u201dhttps:\/\/loesungs-impulse.ch\/wp-content\/uploads\/PLI-2025-Ausbildung-Weiterbildung.png\u201d title_text=\u201dPLI-2025-Kurse\u201d admin_label=\u201dBild\u201d _builder_version=\u201d4.27.4&#8243; _module_preset=\u201ddefault\u201d width=\u201d64.9%\u201d max_width=\u201d84%\u201d height=\u201d135px\u201d custom_margin=\u201d||-32px|||\u201d custom_padding=\u201d|0px||0px||\u201d global_colors_info=\u201d{}\u201d][\/et_pb_image][\/et_pb_column][\/et_pb_row][\/et_pb_section]<\/p>\n","protected":false},"excerpt":{"rendered":"<p>Kurs: Arbeits-Beratung f\u00fcr neuro-divergente Personen Dieser Kurs ist f\u00fcr Menschen, die anderen helfen m\u00f6chten, Arbeit zu finden.Besonders Menschen, deren Gehirn anders arbeitet \u2013 zum Beispiel bei Autismus oder ADHS.Diese Menschen [&hellip;]<\/p>\n","protected":false},"author":31,"featured_media":43006,"parent":0,"menu_order":7,"comment_status":"closed","ping_status":"closed","template":"","meta":{"_et_pb_use_builder":"on","_et_pb_old_content":"","_et_gb_content_width":"","_price":"","_stock":"","_tribe_ticket_header":"","_tribe_default_ticket_provider":"","_tribe_ticket_capacity":"0","_ticket_start_date":"","_ticket_end_date":"","_tribe_ticket_show_description":"","_tribe_ticket_show_not_going":false,"_tribe_ticket_use_global_stock":"","_tribe_ticket_global_stock_level":"","_global_stock_mode":"","_global_stock_cap":"","_tribe_rsvp_for_event":"","_tribe_ticket_going_count":"","_tribe_ticket_not_going_count":"","_tribe_tickets_list":"[]","_tribe_ticket_has_attendee_info_fields":false,"footnotes":"","_tec_slr_enabled":"","_tec_slr_layout":""},"class_list":["post-43269","page","type-page","status-publish","has-post-thumbnail","hentry"],"ticketed":false,"_links":{"self":[{"href":"https:\/\/loesungs-impulse.ch\/ls\/wp-json\/wp\/v2\/pages\/43269","targetHints":{"allow":["GET"]}}],"collection":[{"href":"https:\/\/loesungs-impulse.ch\/ls\/wp-json\/wp\/v2\/pages"}],"about":[{"href":"https:\/\/loesungs-impulse.ch\/ls\/wp-json\/wp\/v2\/types\/page"}],"author":[{"embeddable":true,"href":"https:\/\/loesungs-impulse.ch\/ls\/wp-json\/wp\/v2\/users\/31"}],"replies":[{"embeddable":true,"href":"https:\/\/loesungs-impulse.ch\/ls\/wp-json\/wp\/v2\/comments?post=43269"}],"version-history":[{"count":23,"href":"https:\/\/loesungs-impulse.ch\/ls\/wp-json\/wp\/v2\/pages\/43269\/revisions"}],"predecessor-version":[{"id":50854,"href":"https:\/\/loesungs-impulse.ch\/ls\/wp-json\/wp\/v2\/pages\/43269\/revisions\/50854"}],"wp:featuredmedia":[{"embeddable":true,"href":"https:\/\/loesungs-impulse.ch\/ls\/wp-json\/wp\/v2\/media\/43006"}],"wp:attachment":[{"href":"https:\/\/loesungs-impulse.ch\/ls\/wp-json\/wp\/v2\/media?parent=43269"}],"curies":[{"name":"wp","href":"https:\/\/api.w.org\/{rel}","templated":true}]}}