{"id":43203,"date":"2025-06-19T11:28:27","date_gmt":"2025-06-19T09:28:27","guid":{"rendered":"https:\/\/loesungs-impulse.ch\/fragen-und-antworten-zu-kursen-bei-pli\/"},"modified":"2025-08-07T18:28:17","modified_gmt":"2025-08-07T16:28:17","slug":"fragen-und-antworten-zu-kursen-bei-pli","status":"publish","type":"page","link":"https:\/\/loesungs-impulse.ch\/ls\/fragen-und-antworten-zu-kursen-bei-pli\/","title":{"rendered":"Fragen und Antworten"},"content":{"rendered":"<p>[et_pb_section fb_built=\u201d1&#8243; fullwidth=\u201don\u201d disabled_on=\u201don|on|off\u201d admin_label=\u201dSection: Featured Image\u201d _builder_version=\u201d4.27.4&#8243; min_height=\u201d196px\u201d custom_margin=\u201d0px||-3px||false|false\u201d custom_padding=\u201d||0px|||\u201d global_module=\u201d309&#8243; saved_tabs=\u201dall\u201d locked=\u201doff\u201d global_colors_info=\u201d{}\u201d][et_pb_fullwidth_image title_text=\u201dNordsee Strand auf Langeoog\u201d disabled_on=\u201don|off|off\u201d admin_label=\u201dBG HERO AUTO FEATURED IMAGE\u201d _builder_version=\u201d4.27.4&#8243; _dynamic_attributes=\u201dbackground_image\u201d use_background_color_gradient=\u201don\u201d background_color_gradient_stops=\u201drgba(16,41,127,0) 30%|#cddef2 95%\u201d background_color_gradient_overlays_image=\u201don\u201d background_color_gradient_start=\u201drgba(16,41,127,0)\u201d background_color_gradient_start_position=\u201d30%\u201d background_color_gradient_end=\u201d#cddef2&#8243; background_color_gradient_end_position=\u201d95%\u201d background_image=\u201d@ET-DC@eyJkeW5hbWljIjp0cnVlLCJjb250ZW50IjoicG9zdF9mZWF0dXJlZF9pbWFnZSIsInNldHRpbmdzIjp7fX0=@\u201d min_height=\u201d246px\u201d height=\u201d232px\u201d height_tablet=\u201d61vw\u201d height_phone=\u201d460px\u201d height_last_edited=\u201don|phone\u201d max_height=\u201d272px\u201d custom_margin=\u201d0px||1px||false|false\u201d custom_padding=\u201d||0px|||\u201d custom_css_free_form=\u201dselector {||  height: 600px;||  object-fit: cover;||  object-position: bottom;||  overflow: hidden;||}||||||\u201d global_colors_info=\u201d{}\u201d][\/et_pb_fullwidth_image][\/et_pb_section][et_pb_section fb_built=\u201d1&#8243; admin_label=\u201dSection\u201d module_class=\u201dcontent-section\u201d _builder_version=\u201d4.27.4&#8243; min_height=\u201d1693.2px\u201d custom_margin=\u201d501px||-1px||false|false\u201d custom_padding=\u201d||6px||false|false\u201d global_colors_info=\u201d{}\u201d][et_pb_row _builder_version=\u201d4.16&#8243; custom_margin=\u201d||||false|false\u201d custom_padding=\u201d28px|30px|80px|30px|false|true\u201d global_colors_info=\u201d{}\u201d][et_pb_column type=\u201d4_4&#8243; _builder_version=\u201d4.16&#8243; global_colors_info=\u201d{}\u201d][et_pb_text admin_label=\u201dHAUPTTEXT\u201d _builder_version=\u201d4.27.4&#8243; text_font=\u201d\u2013et_global_body_font||||||||\u201d header_font=\u201d\u2013et_global_heading_font|600|||||||\u201d header_font_size=\u201d36px\u201d global_colors_info=\u201d{}\u201d]<\/p>\n<h1>Fragen und Antworten zu Kursen bei PLI<\/h1>\n<p>H\u00e4ufige Fragen und Antworten.<\/p>\n<p>[\/et_pb_text][et_pb_accordion toggle_icon=\u201d&#xf0fe;||fa||400&#8243; _builder_version=\u201d4.27.4&#8243; _module_preset=\u201ddefault\u201d min_height=\u201d1635.6px\u201d hover_enabled=\u201d0&#8243; global_colors_info=\u201d{}\u201d sticky_enabled=\u201d0&#8243;][et_pb_accordion_item title=\u201dWas ist besonders an den Kursen bei PLI?\u201d open=\u201don\u201d toggle_icon=\u201d&#xf0fe;||fa||900&#8243; _builder_version=\u201d4.27.4&#8243; _module_preset=\u201ddefault\u201d global_colors_info=\u201d{}\u201d]<\/p>\n<p>PLI hilft dir ganz pers\u00f6nlich.<br \/>Es gibt keine Info-Treffen.<br \/>Du bekommst ein Gespr\u00e4ch ganz f\u00fcr dich mit der Schule.<\/p>\n<p>Wenn du mal nicht kommen kannst, ist das kein Problem.<br \/>Du kannst den Kurs-Tag nachholen:<br \/>Du schaust ein Video.<br \/>Du gehst zu einem anderen Kurs.<br \/>Du bekommst den Tag als Online-Kurs.<br \/>Du sprichst mit der Lehr-Person.  <\/p>\n<p>[\/et_pb_accordion_item][et_pb_accordion_item title=\u201dKann ich arbeiten und den Kurs machen?\u201d _builder_version=\u201d4.27.4&#8243; _module_preset=\u201ddefault\u201d text_orientation=\u201djustified\u201d global_colors_info=\u201d{}\u201d open=\u201doff\u201d]<\/p>\n<p>Ja.<br \/>Alle Kurse gehen neben der Arbeit.<br \/>Viele Kurse sind online.<br \/>Es gibt auch Abend-Kurse.  <\/p>\n<p>[\/et_pb_accordion_item][et_pb_accordion_item title=\u201d Gibt es Geld vom Staat?\u201d _builder_version=\u201d4.27.4&#8243; _module_preset=\u201ddefault\u201d global_colors_info=\u201d{}\u201d open=\u201doff\u201d]<\/p>\n<p>Ja.<br \/>Der Staat zahlt die H\u00e4lfte zur\u00fcck.<br \/>Das gilt f\u00fcr Kurse mit Fach-Ausweis.<br \/>Auch wenn du die Pr\u00fcfung nicht bestehst.   <\/p>\n<p>Manche Firmen geben auch Geld dazu.<br \/>Vor allem bei CAS-Kursen.<\/p>\n<p>[\/et_pb_accordion_item][et_pb_accordion_item title=\u201dWo sind die Kurse?\u201d _builder_version=\u201d4.27.4&#8243; _module_preset=\u201ddefault\u201d global_colors_info=\u201d{}\u201d open=\u201doff\u201d]<\/p>\n<p>Die Kurse sind in der Schweiz:<br \/>Luterbach<br \/>Balsthal<br \/>Ittenthal<br \/>Oder online mit Zoom.<br \/>Zoom ist ein Programm f\u00fcr Video-Treffen.<\/p>\n<p>[\/et_pb_accordion_item][et_pb_accordion_item title=\u201dWelchen Abschluss bekommst du?\u201d _builder_version=\u201d4.27.4&#8243; _module_preset=\u201ddefault\u201d hover_enabled=\u201d0&#8243; global_colors_info=\u201d{}\u201d open=\u201doff\u201d sticky_enabled=\u201d0&#8243;]<\/p>\n<p>Du bekommst:<br \/>ECA-Zertifikat (gilt in Europa)<br \/>Fach-Ausweis vom Bund<br \/>(z.\u202fB. f\u00fcr Job-Beratung)<br \/>Du kannst auch einen Abschluss mit dem Namen<br \/>CAS, DAS oder MAS machen.<br \/>Diese Abschl\u00fcsse sind f\u00fcr Fort-Bildungen.   <\/p>\n<p>[\/et_pb_accordion_item][et_pb_accordion_item title=\u201d Wie lernst du im Kurs?\u201d _builder_version=\u201d4.27.4&#8243; _module_preset=\u201ddefault\u201d global_colors_info=\u201d{}\u201d open=\u201doff\u201d]<\/p>\n<p>Die Kurse sind sehr praktisch.<br \/>Alle Lehr-Personen arbeiten in der Beratung.<br \/>So lernst du:<br \/>Du bekommst Infos.<br \/>Die Lehr-Person zeigt dir, wie es geht.<br \/>Du \u00fcbst in einer kleinen Gruppe.<br \/>Dann sprecht ihr dar\u00fcber.    <\/p>\n<p>[\/et_pb_accordion_item][et_pb_accordion_item title=\u201dF\u00fcr wen ist der Kurs?\u201d _builder_version=\u201d4.27.4&#8243; _module_preset=\u201ddefault\u201d global_colors_info=\u201d{}\u201d open=\u201doff\u201d]<\/p>\n<p>Viele machen den Kurs:<br \/>Leute aus Schulen<br \/>Leute aus Firmen<br \/>Leute, die mit anderen Menschen arbeiten<br \/>Menschen, die selbst-st\u00e4ndig arbeiten wollen<br \/>Menschen, die schon beraten und mehr lernen wollen<br \/>Menschen, die sich selbst besser kennen lernen wollen <\/p>\n<p>[\/et_pb_accordion_item][et_pb_accordion_item title=\u201dWie lange dauern die Kurse?\u201d _builder_version=\u201d4.27.4&#8243; _module_preset=\u201ddefault\u201d global_colors_info=\u201d{}\u201d open=\u201doff\u201d]<\/p>\n<p>Jeder Kurs dauert anders lange.<br \/>Bitte schau im Kurs-Heft nach.<br \/>Das Heft heisst Info-Heft. <\/p>\n<p>[\/et_pb_accordion_item][et_pb_accordion_item title=\u201dWo findest du das Lern-Material?\u201d _builder_version=\u201d4.27.4&#8243; _module_preset=\u201ddefault\u201d global_colors_info=\u201d{}\u201d open=\u201doff\u201d]<\/p>\n<p>Das Lern-Material ist online.<br \/>Die Lern-Seite heisst My PLI.<br \/>Du kannst sie kurz vor dem Kurs-Start ansehen. <\/p>\n<p>[\/et_pb_accordion_item][et_pb_accordion_item title=\u201dWie gross sind die Gruppen?\u201d _builder_version=\u201d4.27.4&#8243; _module_preset=\u201ddefault\u201d global_colors_info=\u201d{}\u201d open=\u201doff\u201d]<\/p>\n<p>Die Gruppen sind klein.<br \/>PLI m\u00f6chte dich gut begleiten.<br \/>Darum gibt es keine grossen Klassen.<br \/>Wenn viele mitmachen, gibt es einen neuen Kurs.  <\/p>\n<p>[\/et_pb_accordion_item][et_pb_accordion_item title=\u201dWo findest du das Lern-Material?\u201d _builder_version=\u201d4.27.4&#8243; _module_preset=\u201ddefault\u201d global_colors_info=\u201d{}\u201d open=\u201doff\u201d]<\/p>\n<p>Das Lern-Material ist online.<br \/>Die Lern-Seite heisst My PLI.<br \/>Du kannst sie kurz vor dem Kurs-Start ansehen. <\/p>\n<p>[\/et_pb_accordion_item][et_pb_accordion_item title=\u201dWas lernst du?\u201d _builder_version=\u201d4.27.4&#8243; _module_preset=\u201ddefault\u201d global_colors_info=\u201d{}\u201d open=\u201doff\u201d]<\/p>\n<p>Du lernst:<br \/>mehr \u00fcber dich<br \/>besser mit Menschen zu reden<br \/>Fach-Wissen \u00fcber Beratung<\/p>\n<p>[\/et_pb_accordion_item][et_pb_accordion_item title=\u201dWelche Themen gibt es?\u201d _builder_version=\u201d4.27.4&#8243; _module_preset=\u201ddefault\u201d global_colors_info=\u201d{}\u201d open=\u201doff\u201d]<\/p>\n<p>Die Themen stehen im Kurs-Heft.<br \/>Dort findest du:<br \/>Ort<br \/>Zeiten<br \/>Preise<br \/>F\u00fcr wen der Kurs ist<\/p>\n<p>[\/et_pb_accordion_item][et_pb_accordion_item title=\u201dWie machst du den Kurs?\u201d _builder_version=\u201d4.27.4&#8243; _module_preset=\u201ddefault\u201d global_colors_info=\u201d{}\u201d open=\u201doff\u201d]<\/p>\n<p>Du kannst w\u00e4hlen:<br \/>Du gehst zum Kurs-Ort.<br \/>Oder du bist online dabei \u2013 mit Zoom.<\/p>\n<p>Beim Online-Kurs bekommst du Hilfe:<br \/>Du darfst Fragen stellen.<\/p>\n<p>Du bist in einer WhatsApp-Gruppe.<br \/>Dort kannst du mit anderen \u00fcben und reden.<\/p>\n<p>[\/et_pb_accordion_item][et_pb_accordion_item title=\u201dWas ist, wenn du an einem Tag nicht kannst?\u201d _builder_version=\u201d4.27.4&#8243; _module_preset=\u201ddefault\u201d global_colors_info=\u201d{}\u201d open=\u201doff\u201d]<\/p>\n<p>Das ist kein Problem.<br \/>Du bekommst:<br \/>ein Video vom Kurs-Tag<br \/>einen Ersatz-Termin<br \/>ein Gespr\u00e4ch mit der Lehr-Person<br \/>PLI hilft dir, damit du nichts verpasst.  <\/p>\n<p>[\/et_pb_accordion_item][\/et_pb_accordion][\/et_pb_column][\/et_pb_row][\/et_pb_section]<\/p>\n","protected":false},"excerpt":{"rendered":"<p>Fragen und Antworten zu Kursen bei PLI H\u00e4ufige Fragen und Antworten.PLI hilft dir ganz pers\u00f6nlich.Es gibt keine Info-Treffen.Du bekommst ein Gespr\u00e4ch ganz f\u00fcr dich mit der Schule.Wenn du mal nicht [&hellip;]<\/p>\n","protected":false},"author":33,"featured_media":0,"parent":0,"menu_order":7,"comment_status":"closed","ping_status":"closed","template":"","meta":{"_et_pb_use_builder":"on","_et_pb_old_content":"","_et_gb_content_width":"","_price":"","_stock":"","_tribe_ticket_header":"","_tribe_default_ticket_provider":"","_tribe_ticket_capacity":"0","_ticket_start_date":"","_ticket_end_date":"","_tribe_ticket_show_description":"","_tribe_ticket_show_not_going":false,"_tribe_ticket_use_global_stock":"","_tribe_ticket_global_stock_level":"","_global_stock_mode":"","_global_stock_cap":"","_tribe_rsvp_for_event":"","_tribe_ticket_going_count":"","_tribe_ticket_not_going_count":"","_tribe_tickets_list":"[]","_tribe_ticket_has_attendee_info_fields":false,"footnotes":"","_tec_slr_enabled":"","_tec_slr_layout":""},"class_list":["post-43203","page","type-page","status-publish","hentry"],"ticketed":false,"_links":{"self":[{"href":"https:\/\/loesungs-impulse.ch\/ls\/wp-json\/wp\/v2\/pages\/43203","targetHints":{"allow":["GET"]}}],"collection":[{"href":"https:\/\/loesungs-impulse.ch\/ls\/wp-json\/wp\/v2\/pages"}],"about":[{"href":"https:\/\/loesungs-impulse.ch\/ls\/wp-json\/wp\/v2\/types\/page"}],"author":[{"embeddable":true,"href":"https:\/\/loesungs-impulse.ch\/ls\/wp-json\/wp\/v2\/users\/33"}],"replies":[{"embeddable":true,"href":"https:\/\/loesungs-impulse.ch\/ls\/wp-json\/wp\/v2\/comments?post=43203"}],"version-history":[{"count":2,"href":"https:\/\/loesungs-impulse.ch\/ls\/wp-json\/wp\/v2\/pages\/43203\/revisions"}],"predecessor-version":[{"id":45119,"href":"https:\/\/loesungs-impulse.ch\/ls\/wp-json\/wp\/v2\/pages\/43203\/revisions\/45119"}],"wp:attachment":[{"href":"https:\/\/loesungs-impulse.ch\/ls\/wp-json\/wp\/v2\/media?parent=43203"}],"curies":[{"name":"wp","href":"https:\/\/api.w.org\/{rel}","templated":true}]}}