{"id":43194,"date":"2025-04-10T17:10:17","date_gmt":"2025-04-10T15:10:17","guid":{"rendered":"https:\/\/loesungs-impulse.ch\/kurs-beratung-fuer-neuro-divergente-familien\/"},"modified":"2026-05-08T13:35:00","modified_gmt":"2026-05-08T11:35:00","slug":"kinder-jugend-familiencoach-neurodivergenz","status":"publish","type":"page","link":"https:\/\/loesungs-impulse.ch\/ls\/kinder-jugend-familiencoach-neurodivergenz\/","title":{"rendered":"Beratung neuro-divergente Familien"},"content":{"rendered":"<p>[et_pb_section fb_built=\u201d1&#8243; fullwidth=\u201don\u201d disabled_on=\u201don|on|off\u201d admin_label=\u201dSection: Featured Image\u201d _builder_version=\u201d4.27.4&#8243; background_color=\u201d#CDDEF2&#8243; background_image=\u201dhttps:\/\/loesungs-impulse.ch\/wp-content\/uploads\/2020\/05\/leuchtturm.jpg\u201d background_size=\u201dcustom\u201d background_image_width=\u201d0%\u201d background_image_height=\u201d0%\u201d background_position=\u201dbottom_left\u201d background_horizontal_offset=\u201d-1%\u201d background_vertical_offset=\u201d25%\u201d min_height=\u201d100px\u201d height=\u201d214px\u201d custom_margin=\u201d0px||-3px||false|false\u201d custom_padding=\u201d||0px|||\u201d global_module=\u201d309&#8243; saved_tabs=\u201dall\u201d locked=\u201doff\u201d global_colors_info=\u201d{}\u201d][\/et_pb_section][et_pb_section fb_built=\u201d1&#8243; admin_label=\u201dSection\u201d module_class=\u201dcontent-section\u201d _builder_version=\u201d4.27.4&#8243; min_height=\u201d4718.8px\u201d custom_margin=\u201d579px|||||\u201d custom_padding=\u201d8px|8px|8px|8px|false|false\u201d global_colors_info=\u201d{}\u201d][et_pb_row _builder_version=\u201d4.27.4&#8243; width=\u201d83%\u201d custom_margin=\u201d||||false|false\u201d custom_padding=\u201d0px|0px|0px|0px|false|true\u201d global_colors_info=\u201d{}\u201d][et_pb_column type=\u201d4_4&#8243; _builder_version=\u201d4.16&#8243; global_colors_info=\u201d{}\u201d][et_pb_text content_last_edited=\u201doff|tablet\u201d admin_label=\u201dHAUPTTEXT\u201d _builder_version=\u201d4.27.4&#8243; text_font=\u201d\u2013et_global_body_font||||||||\u201d header_font=\u201d\u2013et_global_heading_font|700|||||||\u201d header_font_size=\u201d47px\u201d header_line_height=\u201d1.4em\u201d header_2_font=\u201d\u2013et_global_heading_font||||||||\u201d header_2_font_size=\u201d24px\u201d header_3_font=\u201d\u2013et_global_heading_font||||||||\u201d header_3_font_size=\u201d20px\u201d header_4_font=\u201d\u2013et_global_heading_font||||||||\u201d header_4_font_size=\u201d16px\u201d header_5_font=\u201d\u2013et_global_body_font||||||||\u201d header_6_font=\u201d\u2013et_global_heading_font|800|||||||\u201d header_6_font_size=\u201d75px\u201d header_6_line_height=\u201d0.4em\u201d width=\u201d99.5%\u201d custom_margin=\u201d0px|0px|0px|0px|false|false\u201d custom_padding=\u201d8px|8px|8px|8px|false|false\u201d inline_fonts=\u201dJura\u201d global_colors_info=\u201d{}\u201d]<\/p>\n<h6><span style=\"font-size: xx-large; font-family: Jura;\"><strong>Kurs: Beratung f\u00fcr neuro-divergente Familien <\/strong><\/span><span style=\"font-size: xx-large; font-family: Jura;\"><strong>PLI<\/strong><\/span> <\/h6>\n<p><strong style=\"font-size: 16px; font-family: var(--et_global_body_font),serif;\">Der Kurs dauert 1 Jahr.<br \/>Er ist f\u00fcr Menschen, die Familien mit neuro-divergenten Kindern oder Eltern helfen m\u00f6chten.<\/p>\n<p>Neuro-divergent bedeutet:<br \/>Der Kopf arbeitet anders als bei anderen Menschen.<br \/>Neuro-divergent sind zum Bei-Spiel Menschen mit Autismus, ADHS oder Hoch-Sensibilit\u00e4t. <\/strong><\/p>\n<h3>Auf-Bau<\/h3>\n<p><strong>Der Kurs <\/strong><strong>hat<\/strong><strong> 3 Teile:<\/strong><\/p>\n<p><strong>Teil 1: Grund-Kurs Beratung f\u00fcr alle: <strong style=\"font-size: 16px; font-family: var(--et_global_body_font),serif;\">10 Tage<\/strong><\/strong><\/p>\n<p><strong>Teil 2: <\/strong><strong>Arbeit mit Kindern, Jugendlichen und Familien:<strong style=\"font-size: 16px; font-family: var(--et_global_body_font),serif;\"> 5 Tage<\/strong><\/strong><\/p>\n<p><strong>Teil 3: <\/strong><strong>Arbeit mit neuro-divergenten Familien<\/strong> <strong>5 Tage<\/strong><\/p>\n<p><strong>Teil 1: Kurs Beratung f\u00fcr alle (10 Tage)<\/strong><\/p>\n<p>Du lernst:<br \/>Wie du Menschen mit schwierigen Dingen helfen kannst.<br \/>Wie du gute Gespr\u00e4che f\u00fchrst.<br \/>Wie du Menschen hilfst, eigene L\u00f6sungen zu finden. <\/p>\n<p><strong>Teil 2: Arbeit mit Kindern, Jugendlichen und Familien (5 Tage)<\/strong><\/p>\n<p>Du lernst:<br \/>Was ein Familien-Berater oder eine Familien-Beraterin macht.<br \/>Wie du Kinder, Eltern und Familien beraten kannst.<br \/>Wie du dich auf die Pr\u00fcfung vorbereitest.<\/p>\n<p><strong>Teil 3: Arbeit mit neuro-divergenten Familien (5 Tage)<\/strong><\/p>\n<p>Du lernst:<br \/>Was f\u00fcr diese Familien schwierig ist.<br \/>Wie du mit Kindern und Eltern arbeiten kannst.<br \/>Wie du mit Schulen, Lehr-Personen oder Versicherungen sprichst.<\/p>\n<p>Wir arbeiten mit echten F\u00e4llen. Wir finden L\u00f6sungen.  Du sprichst mit der Gruppe dar\u00fcber.<\/p>\n<p><strong>Du bekommst:<\/strong><\/p>\n<ul style=\"list-style-position: outside; padding-left: 40px;\">\n<li>Hilfe beim Kurs<\/li>\n<li>Wissen und praktische Tipps<\/li>\n<li>Viele Bei-Spiele<\/li>\n<\/ul>\n<p>&nbsp;<\/p>\n<h3>Wer kann den Kurs machen?<\/h3>\n<p>Perfekt f\u00fcr dich:<\/p>\n<ul style=\"list-style-position: outside; padding-left: 40px;\">\n<li>Wenn du mit Kindern oder Familien arbeiten m\u00f6chtest<\/li>\n<li>Wenn du mit Fall-Arbeit arbeitest<\/li>\n<li>Wenn du Menschen in Firmen beraten m\u00f6chtest<\/li>\n<li>Wenn du in der Pflege arbeitest<\/li>\n<li>Wenn du mit Menschen arbeitest<\/li>\n<li>Wenn du Menschen unter-richtest<\/li>\n<li>Wenn du in der Beratung arbeitest<\/li>\n<li>Wenn du Menschen betreust<\/li>\n<li>Wenn du Familien hilfst<\/li>\n<li>Wenn du im Kinder-Garten arbeitest<\/li>\n<li>Wenn du eine Fach-Person Betreuung bist (FaBe)<\/li>\n<li>Wenn du in einem anderen Beruf arbeitest<\/li>\n<\/ul>\n<p>&nbsp;<\/p>\n<h4>Wie l\u00e4uft der Kurs ab?<\/h4>\n<p>Vor Ort in Luterbach oder Balsthal<br \/>Online per Zoom<br \/>Von 9 bis 16 Uhr<\/p>\n<p>Oder du lernst selbst mit Online-Material.<\/p>\n<p><strong> <\/strong><\/p>\n<h4>Du kannst also zu uns kommen. Oder online dabei sein.<\/h4>\n<p><strong> <\/strong><strong>PLI<\/strong><\/p>\n<ul style=\"list-style-position: outside; padding-left: 40px;\">\n<li>Industriestrasse 30b, 4542 Luterbach<\/li>\n<li>Tiergartenweg 1, 4710 Balsthal<\/li>\n<\/ul>\n<h4><\/h4>\n<h4><a name=\"_Toc186929725\"><\/a><a name=\"_Toc186931842\"><\/a><a name=\"_Toc195102547\"><\/a>Was bekommst du?<\/h4>\n<p>Wenn du die Pr\u00fcfung geschafft hast:<\/p>\n<p><strong>Du kannst neuro-divergente Familien beraten. <\/strong><\/p>\n<p>Du kannst auch einen<strong> CAS, DAS oder MAS<\/strong> machen. Das sind Studien-Abschl\u00fcsse.<\/p>\n<p>&nbsp;<\/p>\n<h3><a name=\"_Toc186931844\"><\/a><a name=\"_Toc195102549\"><\/a><a name=\"_Toc85048160\"><\/a><a name=\"_Toc85829695\"><\/a><a name=\"_Toc104234611\"><\/a>Pr\u00fcfung<\/h3>\n<p>F\u00fcr die Pr\u00fcfung gelten die Regeln von PLI<\/p>\n<ul style=\"list-style-position: outside; padding-left: 40px;\">\n<li>Am Ende von Teil 1 und 2 machst du Pr\u00fcfungen. Nach Teil 1 eine schriftliche und eine praktische. Und nach Teil 2 auch eine schriftliche und eine praktische.<\/li>\n<li>Im Teil 3 sprichst du mit dem Pr\u00fcfungs-Team. Du machst ein Fach-Gespr\u00e4ch.<\/li>\n<\/ul>\n<p>&nbsp;<\/p>\n<p>Lies mehr im <a href=\"https:\/\/loesungs-impulse.ch\/wp-content\/uploads\/PLI-Infodossier_Kinder-Jugend-und-Familiencoach-fuer-neurodivergente-Familien_2026_27.03.2026.pdf\">Infodossier 2026.<\/a><\/p>\n<p>[\/et_pb_text][dpdfg_filtergrid custom_query=\u201dadvanced\u201d multiple_cpt=\u201dtribe_events\u201d use_taxonomy_terms=\u201don\u201d multiple_taxonomies=\u201dtribe_events_cat\u201d include_terms=\u201d426,518&#8243; post_number=\u201d9&#8243; order=\u201dASC\u201d orderby=\u201dmeta_value\u201d meta_key=\u201d_EventStartDate\u201d meta_type=\u201dDATE\u201d no_results=\u201dNichts gefunden\u201d thumbnail_size=\u201d800&#215;320&#8243; use_overlay=\u201doff\u201d show_post_meta=\u201doff\u201d read_more=\u201don\u201d show_custom_content=\u201don\u201d show_filters=\u201doff\u201d all_text=\u201dAlle\u201d show_pagination=\u201doff\u201d items_width=\u201d30%\u201d column_gutter=\u201d3em\u201d items_width_tablet=\u201d45%\u201d items_width_phone=\u201d80%\u201d items_width_last_edited=\u201don|phone\u201d column_gutter_tablet=\u201d\u201d column_gutter_phone=\u201d\u201d column_gutter_last_edited=\u201don|tablet\u201d disabled_on=\u201doff|off|off\u201d admin_label=\u201dCustom Grid\u201d _builder_version=\u201d4.27.4&#8243; dpdfg_entry_title_level=\u201dh3&#8243; dpdfg_entry_title_font=\u201d\u2013et_global_heading_font|800|||||||\u201d dpdfg_entry_title_font_size=\u201d16px\u201d dpdfg_entry_meta_font=\u201d\u2013et_global_body_font|600|||||||\u201d dpdfg_entry_summary_font=\u201d\u2013et_global_body_font||||||||\u201d dpdfg_entry_cf_label_font=\u201d\u2013et_global_body_font||||||||\u201d dpdfg_entry_cf_value_font=\u201d\u2013et_global_body_font||||||||\u201d dpdfg_entry_custom_font=\u201d\u2013et_global_body_font||||||||\u201d dpdfg_filters_text_color=\u201d#bebbbb\u201d custom_read_more_button=\u201don\u201d read_more_button_on_hover=\u201doff\u201d custom_margin=\u201d||0px||false|false\u201d custom_padding=\u201d||0px||false|false\u201d dpdfg_entry_title_font_size_tablet=\u201d\u201d dpdfg_entry_title_font_size_phone=\u201d\u201d dpdfg_entry_title_font_size_last_edited=\u201don|phone\u201d global_module=\u201d735&#8243; saved_tabs=\u201dall\u201d global_colors_info=\u201d{}\u201d][\/dpdfg_filtergrid][dpdfg_filtergrid custom_query=\u201dadvanced\u201d multiple_cpt=\u201dtribe_events\u201d use_taxonomy_terms=\u201don\u201d multiple_taxonomies=\u201dtribe_events_cat\u201d include_terms=\u201d13&#8243; post_number=\u201d9&#8243; order=\u201dASC\u201d orderby=\u201dmeta_value\u201d meta_key=\u201d_EventStartDate\u201d meta_type=\u201dDATE\u201d no_results=\u201dNichts gefunden\u201d thumbnail_size=\u201d800&#215;320&#8243; use_overlay=\u201doff\u201d show_post_meta=\u201doff\u201d read_more=\u201don\u201d show_custom_content=\u201don\u201d show_filters=\u201doff\u201d all_text=\u201dAlle\u201d show_pagination=\u201doff\u201d items_width=\u201d30%\u201d column_gutter=\u201d3em\u201d items_width_tablet=\u201d45%\u201d items_width_phone=\u201d80%\u201d items_width_last_edited=\u201don|phone\u201d column_gutter_tablet=\u201d\u201d column_gutter_phone=\u201d\u201d column_gutter_last_edited=\u201don|tablet\u201d disabled_on=\u201doff|off|off\u201d admin_label=\u201dCustom Grid\u201d _builder_version=\u201d4.27.4&#8243; dpdfg_entry_title_level=\u201dh3&#8243; dpdfg_entry_title_font=\u201d\u2013et_global_heading_font|800|||||||\u201d dpdfg_entry_title_font_size=\u201d16px\u201d dpdfg_entry_meta_font=\u201d\u2013et_global_body_font|600|||||||\u201d dpdfg_entry_summary_font=\u201d\u2013et_global_body_font||||||||\u201d dpdfg_entry_cf_label_font=\u201d\u2013et_global_body_font||||||||\u201d dpdfg_entry_cf_value_font=\u201d\u2013et_global_body_font||||||||\u201d dpdfg_entry_custom_font=\u201d\u2013et_global_body_font||||||||\u201d dpdfg_filters_text_color=\u201d#bebbbb\u201d custom_read_more_button=\u201don\u201d read_more_button_on_hover=\u201doff\u201d custom_margin=\u201d||0px||false|false\u201d custom_padding=\u201d||0px||false|false\u201d dpdfg_entry_title_font_size_tablet=\u201d\u201d dpdfg_entry_title_font_size_phone=\u201d\u201d dpdfg_entry_title_font_size_last_edited=\u201don|phone\u201d global_module=\u201d735&#8243; saved_tabs=\u201dall\u201d global_colors_info=\u201d{}\u201d][\/dpdfg_filtergrid][et_pb_button button_url=\u201dhttps:\/\/loesungs-impulse.ch\/ls\/events\/category\/cas-das-mas-lehrgaenge-ls\/\u201d button_text=\u201dAlle Kurse\u201d button_alignment=\u201dright\u201d admin_label=\u201dButton goto+\u201d _builder_version=\u201d4.27.4&#8243; button_icon_color=\u201d#ffffff\u201d button_on_hover=\u201doff\u201d z_index=\u201d10&#8243; custom_margin=\u201d0px||0px||false|false\u201d custom_margin_tablet=\u201d\u201d custom_margin_phone=\u201d\u201d custom_margin_last_edited=\u201don|desktop\u201d custom_padding=\u201d0px||30px||false|false\u201d custom_padding_tablet=\u201d\u201d custom_padding_phone=\u201d\u201d custom_padding_last_edited=\u201don|desktop\u201d disabled=\u201don\u201d global_module=\u201d1234&#8243; saved_tabs=\u201dall\u201d global_colors_info=\u201d{}\u201d][\/et_pb_button][\/et_pb_column][\/et_pb_row][et_pb_row custom_padding_last_edited=\u201don|desktop\u201d admin_label=\u201dRow: Kontakt, Titel\u201d module_class=\u201dhome-main-title-row\u201d _builder_version=\u201d4.27.4&#8243; background_color=\u201drgba(0,0,0,0)\u201d min_height=\u201d34.6px\u201d height=\u201d184px\u201d max_height=\u201d473px\u201d custom_margin=\u201d-34px|auto|-34px|auto|true|false\u201d custom_padding=\u201d22px|30px|2px|29px|false|false\u201d custom_padding_tablet=\u201d|0px||0px|false|true\u201d custom_padding_phone=\u201d\u201d global_module=\u201d25263&#8243; saved_tabs=\u201dall\u201d collapsed=\u201doff\u201d global_colors_info=\u201d{}\u201d][et_pb_column type=\u201d4_4&#8243; admin_label=\u201dSpalte\u201d _builder_version=\u201d4.27.4&#8243; custom_css_free_form=\u201d<\/p>\n<p>||<\/p>\n<p>||<\/p>\n<p>||<\/p>\n<p>||<\/p>\n<p>||<\/p>\n<p>||<\/p>\n<p>||<\/p>\n<p>||<\/p>\n<p>||<\/p>\n<p>||<\/p>\n<p>||<\/p>\n<p>||<\/p>\n<p>||<\/p>\n<p>||<\/p>\n<p>||<\/p>\n<p>||<\/p>\n<p>||<\/p>\n<p>||<\/p>\n<p>||<\/p>\n<p>||<\/p>\n<p>||<\/p>\n<p>||<\/p>\n<p>||<\/p>\n<p>||<\/p>\n<p>||<\/p>\n<p>||<\/p>\n<p>||<\/p>\n<p>||<\/p>\n<p>||<\/p>\n<p>||<\/p>\n<p>||<\/p>\n<div class=%22custom-orte-full%22>%91list_venues details=%22yes%22%93<\/div>\n<p>||<\/p>\n<p>||<\/p>\n<p>||<\/p>\n<p>||<\/p>\n<p>||<\/p>\n<p>||<\/p>\n<p>||<\/p>\n<p>||<\/p>\n<p>||<\/p>\n<p>||<\/p>\n<p>||<\/p>\n<p>||<\/p>\n<p>||<\/p>\n<p>||<\/p>\n<p>||<\/p>\n<p>||<\/p>\n<p>||<\/p>\n<p>||<\/p>\n<p>||<\/p>\n<p>||<\/p>\n<p>||<\/p>\n<p>||<\/p>\n<p>||<\/p>\n<p>||<\/p>\n<p>||<\/p>\n<p>||<\/p>\n<p>||<\/p>\n<p>||<\/p>\n<p>||<\/p>\n<p>||<\/p>\n<p>||<\/p>\n<p>\u201d global_colors_info=\u201d{}\u201d][\/et_pb_column][\/et_pb_row][\/et_pb_section]<\/p>\n","protected":false},"excerpt":{"rendered":"<p>Kurs: Beratung f\u00fcr neuro-divergente Familien PLI Der Kurs dauert 1 Jahr.Er ist f\u00fcr Menschen, die Familien mit neuro-divergenten Kindern oder Eltern helfen m\u00f6chten.Neuro-divergent bedeutet:Der Kopf arbeitet anders als bei anderen [&hellip;]<\/p>\n","protected":false},"author":31,"featured_media":43006,"parent":0,"menu_order":7,"comment_status":"closed","ping_status":"closed","template":"","meta":{"_et_pb_use_builder":"on","_et_pb_old_content":"","_et_gb_content_width":"","_price":"","_stock":"","_tribe_ticket_header":"","_tribe_default_ticket_provider":"","_tribe_ticket_capacity":"0","_ticket_start_date":"","_ticket_end_date":"","_tribe_ticket_show_description":"","_tribe_ticket_show_not_going":false,"_tribe_ticket_use_global_stock":"","_tribe_ticket_global_stock_level":"","_global_stock_mode":"","_global_stock_cap":"","_tribe_rsvp_for_event":"","_tribe_ticket_going_count":"","_tribe_ticket_not_going_count":"","_tribe_tickets_list":"[]","_tribe_ticket_has_attendee_info_fields":false,"footnotes":"","_tec_slr_enabled":"","_tec_slr_layout":""},"class_list":["post-43194","page","type-page","status-publish","has-post-thumbnail","hentry"],"ticketed":false,"_links":{"self":[{"href":"https:\/\/loesungs-impulse.ch\/ls\/wp-json\/wp\/v2\/pages\/43194","targetHints":{"allow":["GET"]}}],"collection":[{"href":"https:\/\/loesungs-impulse.ch\/ls\/wp-json\/wp\/v2\/pages"}],"about":[{"href":"https:\/\/loesungs-impulse.ch\/ls\/wp-json\/wp\/v2\/types\/page"}],"author":[{"embeddable":true,"href":"https:\/\/loesungs-impulse.ch\/ls\/wp-json\/wp\/v2\/users\/31"}],"replies":[{"embeddable":true,"href":"https:\/\/loesungs-impulse.ch\/ls\/wp-json\/wp\/v2\/comments?post=43194"}],"version-history":[{"count":38,"href":"https:\/\/loesungs-impulse.ch\/ls\/wp-json\/wp\/v2\/pages\/43194\/revisions"}],"predecessor-version":[{"id":51973,"href":"https:\/\/loesungs-impulse.ch\/ls\/wp-json\/wp\/v2\/pages\/43194\/revisions\/51973"}],"wp:featuredmedia":[{"embeddable":true,"href":"https:\/\/loesungs-impulse.ch\/ls\/wp-json\/wp\/v2\/media\/43006"}],"wp:attachment":[{"href":"https:\/\/loesungs-impulse.ch\/ls\/wp-json\/wp\/v2\/media?parent=43194"}],"curies":[{"name":"wp","href":"https:\/\/api.w.org\/{rel}","templated":true}]}}