{"id":43009,"date":"2025-04-22T08:06:03","date_gmt":"2025-04-22T06:06:03","guid":{"rendered":"https:\/\/loesungs-impulse.ch\/video\/"},"modified":"2025-08-07T18:34:20","modified_gmt":"2025-08-07T16:34:20","slug":"video","status":"publish","type":"page","link":"https:\/\/loesungs-impulse.ch\/ls\/video\/","title":{"rendered":"Video"},"content":{"rendered":"<p>[et_pb_section fb_built=\u201d1&#8243; fullwidth=\u201don\u201d disabled_on=\u201don|on|off\u201d admin_label=\u201dSection: Featured Image\u201d _builder_version=\u201d4.27.4&#8243; min_height=\u201d196px\u201d custom_margin=\u201d0px||-3px||false|false\u201d custom_padding=\u201d||0px|||\u201d global_module=\u201d309&#8243; saved_tabs=\u201dall\u201d locked=\u201doff\u201d global_colors_info=\u201d{}\u201d][et_pb_fullwidth_image title_text=\u201dNordsee Strand auf Langeoog\u201d disabled_on=\u201don|off|off\u201d admin_label=\u201dBG HERO AUTO FEATURED IMAGE\u201d _builder_version=\u201d4.27.4&#8243; _dynamic_attributes=\u201dbackground_image\u201d use_background_color_gradient=\u201don\u201d background_color_gradient_stops=\u201drgba(16,41,127,0) 30%|#cddef2 95%\u201d background_color_gradient_overlays_image=\u201don\u201d background_color_gradient_start=\u201drgba(16,41,127,0)\u201d background_color_gradient_start_position=\u201d30%\u201d background_color_gradient_end=\u201d#cddef2&#8243; background_color_gradient_end_position=\u201d95%\u201d background_image=\u201d@ET-DC@eyJkeW5hbWljIjp0cnVlLCJjb250ZW50IjoicG9zdF9mZWF0dXJlZF9pbWFnZSIsInNldHRpbmdzIjp7fX0=@\u201d min_height=\u201d246px\u201d height=\u201d232px\u201d height_tablet=\u201d61vw\u201d height_phone=\u201d460px\u201d height_last_edited=\u201don|phone\u201d max_height=\u201d272px\u201d custom_margin=\u201d0px||1px||false|false\u201d custom_padding=\u201d||0px|||\u201d custom_css_free_form=\u201dselector {||  height: 600px;||  object-fit: cover;||  object-position: bottom;||  overflow: hidden;||}||||||\u201d global_colors_info=\u201d{}\u201d][\/et_pb_fullwidth_image][\/et_pb_section][et_pb_section fb_built=\u201d1&#8243; admin_label=\u201dSection\u201d module_class=\u201dcontent-section\u201d _builder_version=\u201d4.16&#8243; min_height=\u201d2378.8px\u201d custom_margin=\u201d-483px|||||\u201d custom_padding=\u201d938px||||false|false\u201d global_colors_info=\u201d{}\u201d][et_pb_row _builder_version=\u201d4.27.4&#8243; min_height=\u201d201px\u201d height=\u201d203px\u201d max_height=\u201d272px\u201d custom_margin=\u201d||||false|false\u201d custom_padding=\u201d28px|30px|60px|30px|false|true\u201d global_colors_info=\u201d{}\u201d][et_pb_column type=\u201d4_4&#8243; _builder_version=\u201d4.16&#8243; global_colors_info=\u201d{}\u201d][et_pb_text admin_label=\u201dHAUPTTEXT\u201d _builder_version=\u201d4.27.4&#8243; text_font=\u201d\u2013et_global_body_font||||||||\u201d header_font=\u201d\u2013et_global_heading_font||||||||\u201d header_font_size=\u201d40px\u201d header_2_font=\u201d\u2013et_global_heading_font||||||||\u201d header_2_font_size=\u201d30px\u201d custom_margin=\u201d0px|0px|0px|0px|false|false\u201d custom_padding=\u201d0px|0px|0px|0px|false|false\u201d global_colors_info=\u201d{}\u201d]<\/p>\n<h1><strong>Mit deinem Herzens-Projekt in die Freiheit<\/strong><\/h1>\n<h1><strong>Starte dein neues Leben \u2013 Schritt f\u00fcr Schritt!<\/strong><\/h1>\n<p><span>Du hast viel Wissen.<br \/>Du m\u00f6chtest damit anderen helfen.<br \/>Dann nutze dein Wissen f\u00fcr dich selbst.<br \/>Ich zeige dir, wie das geht.<\/span><\/p>\n<p>&nbsp;<\/p>\n<p>[\/et_pb_text][\/et_pb_column][\/et_pb_row][et_pb_row _builder_version=\u201d4.27.4&#8243; _module_preset=\u201ddefault\u201d min_height=\u201d799.1px\u201d height=\u201d862px\u201d max_height=\u201d898px\u201d global_colors_info=\u201d{}\u201d][et_pb_column type=\u201d4_4&#8243; _builder_version=\u201d4.27.4&#8243; _module_preset=\u201ddefault\u201d global_colors_info=\u201d{}\u201d][et_pb_video src=\u201dhttps:\/\/loesungs-impulse.ch\/wp-content\/uploads\/480p.mp4&#8243; _builder_version=\u201d4.27.4&#8243; _module_preset=\u201ddefault\u201d global_colors_info=\u201d{}\u201d][\/et_pb_video][\/et_pb_column][\/et_pb_row][et_pb_row column_structure=\u201d1_2,1_2&#8243; _builder_version=\u201d4.27.4&#8243; _module_preset=\u201ddefault\u201d global_colors_info=\u201d{}\u201d][et_pb_column type=\u201d1_2&#8243; _builder_version=\u201d4.27.4&#8243; _module_preset=\u201ddefault\u201d global_colors_info=\u201d{}\u201d][et_pb_text _builder_version=\u201d4.27.4&#8243; _module_preset=\u201ddefault\u201d global_colors_info=\u201d{}\u201d]<\/p>\n<div id=\"row-WfGSXpxH\" class=\"\">\n<div class=\"container-fluid\">\n<div class=\"row\">\n<div class=\"col-md-12\">\n<div id=\"element-aRrQrPkb\" data-element-id=\"aRrQrPkb\" class=\"editor\">\n<div>\n<p><strong>Ich freue mich, dass du da bist!<\/strong><\/p>\n<p><strong> Ich bin Marianne.<\/strong><\/p>\n<p><strong><\/strong><\/p>\n<\/div>\n<\/div>\n<\/div>\n<\/div>\n<\/div>\n<\/div>\n<div id=\"row-WCpeAfmH\" class=\"\">\n<div class=\"container-fluid\">\n<div class=\"row\">\n<div class=\"col-md-6\">\n<div id=\"element-449SD8yJ\" data-element-id=\"449SD8yJ\" class=\"editor\">\n<div>\n<p>Ich habe in den letzten 15 Jahren 4 Firmen gegr\u00fcndet.<br \/>Zum Beispiel eine Schule f\u00fcr Beratung.<br \/>Und ein B\u00fcro f\u00fcr \u00dcbersetzungen.  <\/p>\n<p>Ich habe gelernt: Es klappt!<br \/>Wenn ich klar entscheide, was ich will.<br \/>Wenn ich daran glaube.<\/p>\n<p>Ich helfe Menschen, die sich beruflich ver\u00e4ndern wollen.<br \/>Ich zeige ihnen:<br \/>Du kannst deinen eigenen Weg gehen.<br \/>Du kannst erfolg-reich sein.<\/p>\n<p>Ich strahle oft. Viele fragen mich:<br \/>\u00abWie machst du das?\u00bb<br \/>In meinen Kursen zeige ich es dir. <\/p>\n<p><strong>M\u00f6chtest du mit mir reden?<\/strong><\/p>\n<\/div>\n<\/div>\n<div id=\"element-EGBWrHNe\" data-element-id=\"EGBWrHNe\" class=\"button\">\n<div class=\"d-flex align-items-center justify-content-center\"><i class=\"fas fa-angle-right\"><\/i><a href=\"m&#97;&#105;&#x6c;&#x74;o:&#109;&#46;&#x66;&#x6c;ur&#121;&#64;&#x6c;&#x6f;es&#117;&#x6e;&#x67;&#x73;-&#105;&#109;&#x70;&#x75;&#x6c;s&#101;&#46;&#x63;&#x68;\"><span class=\"btn-content\">Dann buche ein gratis Gespr\u00e4ch.<br \/>Wir lernen uns kennen.<\/span><\/a><\/div>\n<\/div>\n<\/div>\n<div class=\"col-md-6\"><\/div>\n<\/div>\n<\/div>\n<\/div>\n<p>[\/et_pb_text][\/et_pb_column][et_pb_column type=\u201d1_2&#8243; _builder_version=\u201d4.27.4&#8243; _module_preset=\u201ddefault\u201d global_colors_info=\u201d{}\u201d][et_pb_image src=\u201dhttps:\/\/loesungs-impulse.ch\/wp-content\/uploads\/Marianne-scaled.jpg\u201d title_text=\u201dMarianne Flury\u201d _builder_version=\u201d4.27.4&#8243; _module_preset=\u201ddefault\u201d global_colors_info=\u201d{}\u201d][\/et_pb_image][\/et_pb_column][\/et_pb_row][et_pb_row _builder_version=\u201d4.27.4&#8243; _module_preset=\u201ddefault\u201d global_colors_info=\u201d{}\u201d][et_pb_column type=\u201d4_4&#8243; _builder_version=\u201d4.27.4&#8243; _module_preset=\u201ddefault\u201d global_colors_info=\u201d{}\u201d][et_pb_text _builder_version=\u201d4.27.4&#8243; _module_preset=\u201ddefault\u201d global_colors_info=\u201d{}\u201d]<\/p>\n<h1>Das sagen andere Menschen<\/h1>\n<div id=\"row-TsaS66W6\" class=\"\">\n<div class=\"container-fluid\">\n<div class=\"row\">\n<div class=\"col-md-12\">\n<div id=\"element-BbPcjzqP\" data-element-id=\"BbPcjzqP\" class=\"editor\">\n<div>\n<p><strong>Andreas, Lehr-Person<\/strong><\/p>\n<p>&nbsp;<\/p>\n<\/div>\n<\/div>\n<div id=\"element-oFKxPMkE\" data-element-id=\"oFKxPMkE\" class=\"editor\">\n<div>\n<p><i>\u00abIch lerne viel im Kurs.<br \/>Marianne erkl\u00e4rt alles gut.<br \/>Wir \u00fcben viel.<br \/>Die Kurse helfen mir im Leben.<br \/>Ich verstehe mich besser.<br \/>Ich wachse.\u00bb          <\/i><\/p>\n<p><i><\/i><\/p>\n<p><i><\/i><\/p>\n<\/div>\n<\/div>\n<\/div>\n<\/div>\n<\/div>\n<div class=\"row-special-border row-special-border-slopeLeft\"><\/div>\n<\/div>\n<div id=\"row-Y6q2HxQR\" class=\"\">\n<div class=\"row-special-border row-special-border-slopeRight\"><\/div>\n<div class=\"container-fluid\">\n<div class=\"row\">\n<div class=\"col-md-12\">\n<div id=\"element-rPeXj9nD\" data-element-id=\"rPeXj9nD\" class=\"editor\">\n<div>\n<p><strong>Fatma, Klassen-Assistenz<\/strong><\/p>\n<p><strong> <\/strong><\/p>\n<\/div>\n<\/div>\n<div id=\"element-3Aqgs5re\" data-element-id=\"3Aqgs5re\" class=\"editor\">\n<div>\n<p><i>\u00abIch f\u00fchle mich besser, seit ich bei PLI bin.<br \/>Ich habe mich weiter-entwickelt.<br \/>Ich freue mich auf jeden Kurs.<br \/>Ich lerne viel.<br \/>Ich empfehle PLI weiter.\u00bb        <\/i><\/p>\n<p><i><\/i><\/p>\n<p><i><\/i><\/p>\n<\/div>\n<\/div>\n<\/div>\n<\/div>\n<\/div>\n<div class=\"row-special-border row-special-border-slopeLeft\"><\/div>\n<div class=\"row-special-border row-special-border-slopeLeft\"><\/div>\n<div class=\"row-special-border row-special-border-slopeLeft\"><\/div>\n<\/div>\n<div id=\"row-FJ9uyCf7\" class=\"\">\n<div class=\"row-special-border row-special-border-slopeRight\"><\/div>\n<div class=\"container-fluid\">\n<div class=\"row\">\n<div class=\"col-md-12\">\n<div id=\"element-gkFYkpex\" data-element-id=\"gkFYkpex\" class=\"editor\">\n<div>\n<p><strong>Ellen, Sozial-Arbeit<\/strong><\/p>\n<p>&nbsp;<\/p>\n<\/div>\n<\/div>\n<div id=\"element-9xoLTvNE\" data-element-id=\"9xoLTvNE\" class=\"editor\">\n<div>\n<p><i>\u00abMarianne weiss viel.<br \/>Sie hilft mir gut.<br \/>Ich habe schnell viel gelernt.<br \/>Ich bin jetzt bereit f\u00fcr meinen neuen Beruf.<br \/>Danke!\u00bb   <\/i><\/p>\n<\/div>\n<\/div>\n<\/div>\n<\/div>\n<\/div>\n<\/div>\n<p>[\/et_pb_text][\/et_pb_column][\/et_pb_row][et_pb_row custom_padding_last_edited=\u201don|desktop\u201d admin_label=\u201dRow: Kontakt, Titel\u201d module_class=\u201dhome-main-title-row\u201d _builder_version=\u201d4.27.4&#8243; background_color=\u201drgba(0,0,0,0)\u201d min_height=\u201d34.6px\u201d height=\u201d184px\u201d max_height=\u201d473px\u201d custom_margin=\u201d-34px|auto|0px|auto|false|false\u201d custom_padding=\u201d22px|30px|2px|29px|false|false\u201d custom_padding_tablet=\u201d|0px||0px|false|true\u201d custom_padding_phone=\u201d\u201d global_module=\u201d25263&#8243; saved_tabs=\u201dall\u201d collapsed=\u201doff\u201d global_colors_info=\u201d{}\u201d][et_pb_column type=\u201d4_4&#8243; admin_label=\u201dSpalte\u201d _builder_version=\u201d4.27.4&#8243; custom_css_free_form=\u201d<\/p>\n<p>||<\/p>\n<div class=%22custom-orte-full%22>%91list_venues details=%22yes%22%93<\/div>\n<p>||<\/p>\n<p>\u201d global_colors_info=\u201d{}\u201d][\/et_pb_column][\/et_pb_row][\/et_pb_section]<\/p>\n","protected":false},"excerpt":{"rendered":"<p>Mit deinem Herzens-Projekt in die Freiheit Starte dein neues Leben \u2013 Schritt f\u00fcr Schritt! Du hast viel Wissen.Du m\u00f6chtest damit anderen helfen.Dann nutze dein Wissen f\u00fcr dich selbst.Ich zeige dir, [&hellip;]<\/p>\n","protected":false},"author":31,"featured_media":43006,"parent":0,"menu_order":7,"comment_status":"closed","ping_status":"closed","template":"","meta":{"_et_pb_use_builder":"on","_et_pb_old_content":"","_et_gb_content_width":"","_price":"","_stock":"","_tribe_ticket_header":"","_tribe_default_ticket_provider":"","_tribe_ticket_capacity":"0","_ticket_start_date":"","_ticket_end_date":"","_tribe_ticket_show_description":"","_tribe_ticket_show_not_going":false,"_tribe_ticket_use_global_stock":"","_tribe_ticket_global_stock_level":"","_global_stock_mode":"","_global_stock_cap":"","_tribe_rsvp_for_event":"","_tribe_ticket_going_count":"","_tribe_ticket_not_going_count":"","_tribe_tickets_list":"[]","_tribe_ticket_has_attendee_info_fields":false,"footnotes":"","_tec_slr_enabled":"","_tec_slr_layout":""},"class_list":["post-43009","page","type-page","status-publish","has-post-thumbnail","hentry"],"ticketed":false,"_links":{"self":[{"href":"https:\/\/loesungs-impulse.ch\/ls\/wp-json\/wp\/v2\/pages\/43009","targetHints":{"allow":["GET"]}}],"collection":[{"href":"https:\/\/loesungs-impulse.ch\/ls\/wp-json\/wp\/v2\/pages"}],"about":[{"href":"https:\/\/loesungs-impulse.ch\/ls\/wp-json\/wp\/v2\/types\/page"}],"author":[{"embeddable":true,"href":"https:\/\/loesungs-impulse.ch\/ls\/wp-json\/wp\/v2\/users\/31"}],"replies":[{"embeddable":true,"href":"https:\/\/loesungs-impulse.ch\/ls\/wp-json\/wp\/v2\/comments?post=43009"}],"version-history":[{"count":5,"href":"https:\/\/loesungs-impulse.ch\/ls\/wp-json\/wp\/v2\/pages\/43009\/revisions"}],"predecessor-version":[{"id":45125,"href":"https:\/\/loesungs-impulse.ch\/ls\/wp-json\/wp\/v2\/pages\/43009\/revisions\/45125"}],"wp:featuredmedia":[{"embeddable":true,"href":"https:\/\/loesungs-impulse.ch\/ls\/wp-json\/wp\/v2\/media\/43006"}],"wp:attachment":[{"href":"https:\/\/loesungs-impulse.ch\/ls\/wp-json\/wp\/v2\/media?parent=43009"}],"curies":[{"name":"wp","href":"https:\/\/api.w.org\/{rel}","templated":true}]}}